{"id":164,"date":"2021-01-13T11:12:08","date_gmt":"2021-01-13T10:12:08","guid":{"rendered":"https:\/\/saft.webmedia-dev.ovh\/?page_id=164"},"modified":"2024-09-24T13:40:50","modified_gmt":"2024-09-24T11:40:50","slug":"factory-dates-deglet-nour","status":"publish","type":"page","link":"https:\/\/saftunisie.com\/de\/factory-dates-deglet-nour\/","title":{"rendered":"Unsere Fabrik"},"content":{"rendered":"<div class=\"wpb-content-wrapper\"><div class=\"vc_row wpb_row vc_row-fluid vc_custom_1623071248972 vc_row-o-content-middle vc_row-flex\"><div class=\"wpb_column vc_column_container vc_col-sm-6\"><div class=\"vc_column-inner\"><div class=\"wpb_wrapper\">\t\t<div id=\"gallery_203\" class=\"wd-images-gallery wd-wpb photoswipe-images wd-carousel-container wd-wpb\" style=\"--wd-justify-content:center;--wd-align-items:center;\">\n\t\t\t\t\t\t\t<div class=\"wd-carousel-inner\">\n\t\t\t\n\t\t\t<div class=\"wd-carousel wd-grid\"data-scroll_per_page=\"yes\" style=\"--wd-col-lg:1;--wd-col-md:1;--wd-col-sm:1;--wd-gap-lg:0px;\">\n\t\t\t\t\t\t\t\t\t<div class=\"wd-carousel-wrap\">\n\t\t\t\t\n\t\t\t\t\t\t\t\t\t\t\t\t\t\t\t<div class=\"wd-gallery-item wd-carousel-item\">\n\t\t\t\t\t\t\t\t\t\t\t\t\t\t<a href=\"https:\/\/saftunisie.com\/wp-content\/uploads\/2021\/05\/ph2.jpg\" data-elementor-open-lightbox=\"no\" data-index=\"1\" data-width=\"564\" data-height=\"433\" \n\t\t\t\t\t\t\t\t\t\t\t\t\t\t\t\t\t\t\t\t>\n\t\t\t\t\t\t\t\t\n\t\t\t\t\t\t\t\t<img loading=\"lazy\" decoding=\"async\" width=\"564\" height=\"433\" src=\"https:\/\/saftunisie.com\/wp-content\/uploads\/2021\/05\/ph2.jpg\" class=\"wd-gallery-image image-1\" alt=\"Tunisian Deglet Nour Dates - Processed dates Deglet Nour - Best Quality dates deglet nour\" srcset=\"https:\/\/saftunisie.com\/wp-content\/uploads\/2021\/05\/ph2.jpg 564w, https:\/\/saftunisie.com\/wp-content\/uploads\/2021\/05\/ph2-300x230.jpg 300w\" sizes=\"auto, (max-width: 564px) 100vw, 564px\" \/>\n\t\t\t\t\t\t\t\t\t\t\t\t\t\t\t<\/a>\n\t\t\t\t\t\t\t\t\t\t\t\t<\/div>\n\t\t\t\t\t\t\t\t\t\t\t<div class=\"wd-gallery-item wd-carousel-item\">\n\t\t\t\t\t\t\t\t\t\t\t\t\t\t<a href=\"https:\/\/saftunisie.com\/wp-content\/uploads\/2021\/05\/Untitled-4.jpg\" data-elementor-open-lightbox=\"no\" data-index=\"2\" data-width=\"564\" data-height=\"433\" \n\t\t\t\t\t\t\t\t\t\t\t\t\t\t\t\t\t\t\t\t>\n\t\t\t\t\t\t\t\t\n\t\t\t\t\t\t\t\t<img loading=\"lazy\" decoding=\"async\" width=\"564\" height=\"433\" src=\"https:\/\/saftunisie.com\/wp-content\/uploads\/2021\/05\/Untitled-4.jpg\" class=\"wd-gallery-image image-2\" alt=\"Tunisian Deglet Nour Dates - Processed dates Deglet Nour - Best Quality dates deglet nour\" srcset=\"https:\/\/saftunisie.com\/wp-content\/uploads\/2021\/05\/Untitled-4.jpg 564w, https:\/\/saftunisie.com\/wp-content\/uploads\/2021\/05\/Untitled-4-300x230.jpg 300w\" sizes=\"auto, (max-width: 564px) 100vw, 564px\" \/>\n\t\t\t\t\t\t\t\t\t\t\t\t\t\t\t<\/a>\n\t\t\t\t\t\t\t\t\t\t\t\t<\/div>\n\t\t\t\t\t\t\t\t\t\t\t<div class=\"wd-gallery-item wd-carousel-item\">\n\t\t\t\t\t\t\t\t\t\t\t\t\t\t<a href=\"https:\/\/saftunisie.com\/wp-content\/uploads\/2021\/06\/ph3-1.png\" data-elementor-open-lightbox=\"no\" data-index=\"3\" data-width=\"564\" data-height=\"433\" \n\t\t\t\t\t\t\t\t\t\t\t\t\t\t\t\t\t\t\t\t>\n\t\t\t\t\t\t\t\t\n\t\t\t\t\t\t\t\t<img loading=\"lazy\" decoding=\"async\" width=\"564\" height=\"433\" src=\"https:\/\/saftunisie.com\/wp-content\/uploads\/2021\/06\/ph3-1.png\" class=\"wd-gallery-image image-3\" alt=\"Tunisian Deglet Nour Dates - Processed dates Deglet Nour - Best Quality dates deglet nour\" srcset=\"https:\/\/saftunisie.com\/wp-content\/uploads\/2021\/06\/ph3-1.png 564w, https:\/\/saftunisie.com\/wp-content\/uploads\/2021\/06\/ph3-1-300x230.png 300w\" sizes=\"auto, (max-width: 564px) 100vw, 564px\" \/>\n\t\t\t\t\t\t\t\t\t\t\t\t\t\t\t<\/a>\n\t\t\t\t\t\t\t\t\t\t\t\t<\/div>\n\t\t\t\t\t\t\t\t\t\t\t<div class=\"wd-gallery-item wd-carousel-item\">\n\t\t\t\t\t\t\t\t\t\t\t\t\t\t<a href=\"https:\/\/saftunisie.com\/wp-content\/uploads\/2021\/01\/logo-H.jpg\" data-elementor-open-lightbox=\"no\" data-index=\"4\" data-width=\"222\" data-height=\"92\" \n\t\t\t\t\t\t\t\t\t\t\t\t\t\t\t\t\t\t\t\t>\n\t\t\t\t\t\t\t\t\n\t\t\t\t\t\t\t\t<img loading=\"lazy\" decoding=\"async\" width=\"222\" height=\"92\" src=\"https:\/\/saftunisie.com\/wp-content\/uploads\/2021\/01\/logo-H.jpg\" class=\"wd-gallery-image image-4\" alt=\"Tunisian Deglet Nour Dates - Processed dates Deglet Nour - Best Quality dates deglet nour\" \/>\n\t\t\t\t\t\t\t\t\t\t\t\t\t\t\t<\/a>\n\t\t\t\t\t\t\t\t\t\t\t\t<\/div>\n\t\t\t\t\t\t\t\t\t\n\t\t\t\t\t\t\t\t\t<\/div>\n\t\t\t\t\t\t\t<\/div>\n\n\t\t\t\t\t\t\t\t\t\t\t\t\t\t<div class=\"wd-nav-arrows wd-pos-sep wd-hover-1 wd-icon-1\">\n\t\t\t<div class=\"wd-btn-arrow wd-prev wd-disabled\">\n\t\t\t\t<div class=\"wd-arrow-inner\"><\/div>\n\t\t\t<\/div>\n\t\t\t<div class=\"wd-btn-arrow wd-next\">\n\t\t\t\t<div class=\"wd-arrow-inner\"><\/div>\n\t\t\t<\/div>\n\t\t<\/div>\n\t\t\t\t\t\t\n\t\t\t\t<\/div>\n\n\t\t\t\t\t\t<div class=\"wd-nav-pagin-wrap text-center wd-style-shape wd-hide-md-sm wd-hide-sm\">\n\t\t\t<ul class=\"wd-nav-pagin\"><\/ul>\n\t\t<\/div>\n\t\t\t\t\t\t\t\t\t\t\t<\/div>\n\t\t<\/div><\/div><\/div><div class=\"wpb_column vc_column_container vc_col-sm-6\"><div class=\"vc_column-inner vc_custom_1623069942165\"><div class=\"wpb_wrapper\"><div class=\"vc_row wpb_row vc_inner vc_row-fluid vc_custom_1623337106170 vc_row-has-fill\"><div class=\"wpb_column vc_column_container vc_col-sm-12\"><div class=\"vc_column-inner\"><div class=\"wpb_wrapper\">\n\t<div class=\"wpb_text_column wpb_content_element vc_custom_1630324491857 text-jaune\" >\n\t\t<div class=\"wpb_wrapper\">\n\t\t\t<h2 class=\"titre-gold\" style=\"text-align: center;\">Unsere Fabrik<\/h2>\n\n\t\t<\/div>\n\t<\/div>\n<\/div><\/div><\/div><\/div>\n\t<div class=\"wpb_text_column wpb_content_element justifier\" >\n\t\t<div class=\"wpb_wrapper\">\n\t\t\t<p>SAFT <strong><a title=\"Deglet Nour Dates\" href=\"https:\/\/saftunisie.com\/de\/tunisian-dates-deglet-nour\/\">Deglet Nour Dates<\/a><\/strong> Sie zeichnen sich durch hohe Qualit\u00e4t aus, die den Verbrauchern gro\u00dfe Vorteile garantiert. Unter Ber\u00fccksichtigung der Bedeutung, Qualit\u00e4t und Quantit\u00e4t von\u00a0<a title=\"Verarbeitete tunesische Datteln\" href=\"https:\/\/saftunisie.com\/de\/tunisian-dates-deglet-nour\/#processed-dates-deglet-nour\"><strong>Deglet Nour Tunesische Datteln<\/strong><\/a>\u00a0in der Gegend, <a title=\"\u00dcber SAFT\" href=\"https:\/\/saftunisie.com\/de\/tunisian-natural-branched-dates\/\"><strong>SAFT<\/strong><\/a> Entstanden ist die Idee, eine Fabrik zu errichten. Das oberste Ziel ist die optimale Nutzung des wirtschaftlichen Wachstums der nat\u00fcrlichen Ressourcen von\u00a0<strong>deglet nour <a title=\"Tunesische Standarddaten\" href=\"https:\/\/saftunisie.com\/de\/tunisian-common-dates\/\">Tunesische Daten<\/a><\/strong>.Grunds\u00e4tzlich ist unsere Produktionshalle mit modernsten Fertigungsmaschinen, Werkzeugen und Technologien ausgestattet. Daher gew\u00e4hrleistet unsere Produktionshalle optimale Hygienebedingungen f\u00fcr die Verpackung und die Einhaltung internationaler Standards.<\/p>\n<h2>SAFT Deglet Nour Dattelfabrik<\/h2>\n<p>Die Dattelfabrik SAFT Deglet Nour verf\u00fcgt \u00fcber eine Produktionskapazit\u00e4t von 3 Tonnen pro Stunde und eine K\u00fchlkapazit\u00e4t von bis zu 10.000 Tonnen Datteln. Unsere Fabrik ist<a title=\"Unsere Zertifizierungen\" href=\"https:\/\/saftunisie.com\/de\/deglet-nour-tunisian-dates-certifications\/\">\u00a0<strong>ISO-zertifiziert<\/strong><\/a>\u00a0f\u00fcr die Produktion. Dar\u00fcber hinaus verf\u00fcgt sie \u00fcber ein H\u00f6chstma\u00df an Entwicklung und Qualit\u00e4t. Und genau das erm\u00f6glicht es unserer Produktionshalle, mit den neuesten Trends in der Fertigung Schritt zu halten.\u00a0<strong>Dates Degelt Nour.<\/strong><\/p>\n\n\t\t<\/div>\n\t<\/div>\n<\/div><\/div><\/div><\/div><div class=\"vc_row wpb_row vc_row-fluid vc_custom_1640010446275 vc_row-has-fill\"><div class=\"wpb_column vc_column_container vc_col-sm-12\"><div class=\"vc_column-inner\"><div class=\"wpb_wrapper\"><div class=\"vc_empty_space\"   style=\"height: 20px\"><span class=\"vc_empty_space_inner\"><\/span><\/div><div class=\"vc_row wpb_row vc_inner vc_row-fluid vc_custom_1623069361419 vc_row-has-fill\"><div class=\"wpb_column vc_column_container vc_col-sm-12\"><div class=\"vc_column-inner\"><div class=\"wpb_wrapper\">\n\t<div class=\"wpb_text_column wpb_content_element bar-factory\" >\n\t\t<div class=\"wpb_wrapper\">\n\t\t\t<p style=\"text-align: center;\"><strong>\u00a0Seitdem hat das Unternehmen seine F\u00e4higkeiten und seinen Erfolg ausgebaut und ist zu einem der gr\u00f6\u00dften Unternehmen in der Verarbeitung tunesischer Datteln der Sorte Deglet Nour auf lokaler und internationaler Ebene geworden.<\/strong><\/p>\n\n\t\t<\/div>\n\t<\/div>\n<div class=\"vc_btn3-container vc_btn3-center vc_do_btn\" ><a style=\"background-color:#e5a335; color:#ffffff;\" class=\"vc_general vc_btn3 vc_btn3-size-md vc_btn3-shape-square vc_btn3-style-custom\" href=\"https:\/\/saftunisie.com\/de\/contact\/\" title=\"Kontaktieren Sie Saft\">Kontaktieren Sie uns<\/a><\/div><\/div><\/div><\/div><\/div><div class=\"vc_empty_space\"   style=\"height: 50px\"><span class=\"vc_empty_space_inner\"><\/span><\/div><\/div><\/div><\/div><\/div><div data-vc-full-width=\"true\" data-vc-full-width-temp=\"true\" data-vc-full-width-init=\"false\" class=\"vc_row wpb_row vc_row-fluid vc_custom_1623070835809 vc_row-has-fill vc_row-o-content-middle vc_row-flex\"><div class=\"wpb_column vc_column_container vc_col-sm-6\"><div class=\"vc_column-inner vc_custom_1623069964116\"><div class=\"wpb_wrapper\"><div class=\"vc_row wpb_row vc_inner vc_row-fluid vc_custom_1623337106170 vc_row-has-fill\"><div class=\"wpb_column vc_column_container vc_col-sm-12 vc_hidden-sm vc_hidden-xs\"><div class=\"vc_column-inner\"><div class=\"wpb_wrapper\">\n\t<div class=\"wpb_text_column wpb_content_element vc_custom_1638200361331 text-jaune\" >\n\t\t<div class=\"wpb_wrapper\">\n\t\t\t<p class=\"titre-gold\" style=\"text-align: center;\">SAFT<\/p>\n\n\t\t<\/div>\n\t<\/div>\n<div class=\"vc_empty_space\"   style=\"height: 20px\"><span class=\"vc_empty_space_inner\"><\/span><\/div>\n\t<div class=\"wpb_text_column wpb_content_element\" >\n\t\t<div class=\"wpb_wrapper\">\n\t\t\t<h2 style=\"font-size: 28px; text-align: center;\">Deglet Nour Dates<\/h2>\n\n\t\t<\/div>\n\t<\/div>\n<\/div><\/div><\/div><\/div><div class=\"vc_row wpb_row vc_inner vc_row-fluid\"><div class=\"wpb_column vc_column_container vc_col-sm-12\"><div class=\"vc_column-inner\"><div class=\"wpb_wrapper\">\n\t<div class=\"wpb_text_column wpb_content_element justifier\" >\n\t\t<div class=\"wpb_wrapper\">\n\t\t\t<p>Das ph\u00e4nomenale Wachstum f\u00fchrte <a title=\"Die besten Datteln der Welt: Deglet Nour\" href=\"https:\/\/saftunisie.com\/de\/\"><strong>SAFT<\/strong><\/a> SAFT erweitert seine Vertriebskan\u00e4le und sein Netzwerk lokal und international. Das Unternehmen deckt alle wichtigen Verarbeitungsstufen von Datteln ab \u2013 vom Anbau \u00fcber die Verpackung und den Vertrieb bis hin zum Export. SAFT besitzt zwei Fabriken in [Ort einf\u00fcgen].<strong> Tunis<\/strong> und Kebili, mit einer gesamten Produktionsfl\u00e4che von 20.000 Quadratmetern. <strong>Saft<\/strong> basiert auf einzigartigen Kernwerten der Bereitstellung<strong><a title=\"Unsere Zertifizierungen\" href=\"https:\/\/saftunisie.com\/de\/deglet-nour-tunisian-dates-certifications\/\">qualitativ hochwertig, hygienisch<\/a>,<\/strong> Und <strong><a title=\"Unsere Dattelprodukte\" href=\"https:\/\/saftunisie.com\/de\/tunisian-dates-ingredients\/\">leckere Produkte<\/a><\/strong>.<\/p>\n\n\t\t<\/div>\n\t<\/div>\n<\/div><\/div><\/div><\/div><\/div><\/div><\/div><div class=\"wpb_column vc_column_container vc_col-sm-6\"><div class=\"vc_column-inner\"><div class=\"wpb_wrapper\"><div class=\"vc_empty_space\"   style=\"height: 64px\"><span class=\"vc_empty_space_inner\"><\/span><\/div>\t\t<div id=\"gallery_816\" class=\"wd-images-gallery wd-wpb photoswipe-images wd-carousel-container wd-wpb\" style=\"--wd-justify-content:center;--wd-align-items:center;\">\n\t\t\t\t\t\t\t<div class=\"wd-carousel-inner\">\n\t\t\t\n\t\t\t<div class=\"wd-carousel wd-grid\"data-scroll_per_page=\"yes\" style=\"--wd-col-lg:1;--wd-col-md:1;--wd-col-sm:1;--wd-gap-lg:0px;\">\n\t\t\t\t\t\t\t\t\t<div class=\"wd-carousel-wrap\">\n\t\t\t\t\n\t\t\t\t\t\t\t\t\t\t\t\t\t\t\t<div class=\"wd-gallery-item wd-carousel-item\">\n\t\t\t\t\t\t\t\t\t\t\t\t\t\t<a href=\"https:\/\/saftunisie.com\/wp-content\/uploads\/2021\/05\/Untitled-5.jpg\" data-elementor-open-lightbox=\"no\" data-index=\"1\" data-width=\"564\" data-height=\"433\" \n\t\t\t\t\t\t\t\t\t\t\t\t\t\t\t\t\t\t\t\t>\n\t\t\t\t\t\t\t\t\n\t\t\t\t\t\t\t\t<img loading=\"lazy\" decoding=\"async\" width=\"564\" height=\"433\" src=\"https:\/\/saftunisie.com\/wp-content\/uploads\/2021\/05\/Untitled-5.jpg\" class=\"wd-gallery-image image-1\" alt=\"SAFT Deglet Nour Dates Best Quality Deglet Nour Tunisian Dates natural Branched\" srcset=\"https:\/\/saftunisie.com\/wp-content\/uploads\/2021\/05\/Untitled-5.jpg 564w, https:\/\/saftunisie.com\/wp-content\/uploads\/2021\/05\/Untitled-5-300x230.jpg 300w\" sizes=\"auto, (max-width: 564px) 100vw, 564px\" \/>\n\t\t\t\t\t\t\t\t\t\t\t\t\t\t\t<\/a>\n\t\t\t\t\t\t\t\t\t\t\t\t<\/div>\n\t\t\t\t\t\t\t\t\t\t\t<div class=\"wd-gallery-item wd-carousel-item\">\n\t\t\t\t\t\t\t\t\t\t\t\t\t\t<a href=\"https:\/\/saftunisie.com\/wp-content\/uploads\/2021\/06\/ph4.png\" data-elementor-open-lightbox=\"no\" data-index=\"2\" data-width=\"564\" data-height=\"433\" \n\t\t\t\t\t\t\t\t\t\t\t\t\t\t\t\t\t\t\t\t>\n\t\t\t\t\t\t\t\t\n\t\t\t\t\t\t\t\t<img loading=\"lazy\" decoding=\"async\" width=\"564\" height=\"433\" src=\"https:\/\/saftunisie.com\/wp-content\/uploads\/2021\/06\/ph4.png\" class=\"wd-gallery-image image-2\" alt=\"SAFT Deglet Nour Dates Best Quality Deglet Nour Tunisian Dates natural Branched\" srcset=\"https:\/\/saftunisie.com\/wp-content\/uploads\/2021\/06\/ph4.png 564w, https:\/\/saftunisie.com\/wp-content\/uploads\/2021\/06\/ph4-300x230.png 300w\" sizes=\"auto, (max-width: 564px) 100vw, 564px\" \/>\n\t\t\t\t\t\t\t\t\t\t\t\t\t\t\t<\/a>\n\t\t\t\t\t\t\t\t\t\t\t\t<\/div>\n\t\t\t\t\t\t\t\t\t\t\t<div class=\"wd-gallery-item wd-carousel-item\">\n\t\t\t\t\t\t\t\t\t\t\t\t\t\t<a href=\"https:\/\/saftunisie.com\/wp-content\/uploads\/2021\/06\/Untitled-9.jpg\" data-elementor-open-lightbox=\"no\" data-index=\"3\" data-width=\"564\" data-height=\"433\" \n\t\t\t\t\t\t\t\t\t\t\t\t\t\t\t\t\t\t\t\t>\n\t\t\t\t\t\t\t\t\n\t\t\t\t\t\t\t\t<img loading=\"lazy\" decoding=\"async\" width=\"564\" height=\"433\" src=\"https:\/\/saftunisie.com\/wp-content\/uploads\/2021\/06\/Untitled-9.jpg\" class=\"wd-gallery-image image-3\" alt=\"Tunisian Deglet Nour Dates - Processed dates Deglet Nour - Best Quality dates deglet nour\" srcset=\"https:\/\/saftunisie.com\/wp-content\/uploads\/2021\/06\/Untitled-9.jpg 564w, https:\/\/saftunisie.com\/wp-content\/uploads\/2021\/06\/Untitled-9-300x230.jpg 300w\" sizes=\"auto, (max-width: 564px) 100vw, 564px\" \/>\n\t\t\t\t\t\t\t\t\t\t\t\t\t\t\t<\/a>\n\t\t\t\t\t\t\t\t\t\t\t\t<\/div>\n\t\t\t\t\t\t\t\t\t\n\t\t\t\t\t\t\t\t\t<\/div>\n\t\t\t\t\t\t\t<\/div>\n\n\t\t\t\t\t\t\t\t\t\t\t\t\t\t<div class=\"wd-nav-arrows wd-pos-sep wd-hover-1 wd-icon-1\">\n\t\t\t<div class=\"wd-btn-arrow wd-prev wd-disabled\">\n\t\t\t\t<div class=\"wd-arrow-inner\"><\/div>\n\t\t\t<\/div>\n\t\t\t<div class=\"wd-btn-arrow wd-next\">\n\t\t\t\t<div class=\"wd-arrow-inner\"><\/div>\n\t\t\t<\/div>\n\t\t<\/div>\n\t\t\t\t\t\t\n\t\t\t\t<\/div>\n\n\t\t\t\t\t\t<div class=\"wd-nav-pagin-wrap text-center wd-style-shape wd-hide-md-sm wd-hide-sm\">\n\t\t\t<ul class=\"wd-nav-pagin\"><\/ul>\n\t\t<\/div>\n\t\t\t\t\t\t\t\t\t\t\t<\/div>\n\t\t<\/div><\/div><\/div><\/div><div class=\"vc_row-full-width vc_clearfix\"><\/div>\n<\/div>","protected":false},"excerpt":{"rendered":"Our factory SAFT Deglet Nour Dates are characterized by prestigious high quality that guarantees great benefits for its consumers. Taking","protected":false},"author":23,"featured_media":0,"parent":0,"menu_order":0,"comment_status":"closed","ping_status":"closed","template":"","meta":{"footnotes":""},"class_list":["post-164","page","type-page","status-publish","hentry"],"yoast_head":"<!-- This site is optimized with the Yoast SEO plugin v27.4 - https:\/\/yoast.com\/product\/yoast-seo-wordpress\/ -->\n<title>Tunisian Deglet Nour Dates : Processed Tunisian Dates SAFT<\/title>\n<meta name=\"description\" content=\"SAFT Tunisian Deglet Nour Dates factory provides you with Processed Dates Deglet Nour,Pitted Dates Deglet Nour, Natural Branched Dates, Dates Ingridients\" \/>\n<meta name=\"robots\" content=\"index, follow, max-snippet:-1, max-image-preview:large, max-video-preview:-1\" \/>\n<link rel=\"canonical\" href=\"https:\/\/saftunisie.com\/de\/factory-dates-deglet-nour\/\" \/>\n<meta property=\"og:locale\" content=\"de_DE\" \/>\n<meta property=\"og:type\" content=\"article\" \/>\n<meta property=\"og:title\" content=\"Tunisian Deglet Nour Dates : Processed Tunisian Dates SAFT\" \/>\n<meta property=\"og:description\" content=\"SAFT Tunisian Deglet Nour Dates factory provides you with Processed Dates Deglet Nour,Pitted Dates Deglet Nour, Natural Branched Dates, Dates Ingridients\" \/>\n<meta property=\"og:url\" content=\"https:\/\/saftunisie.com\/de\/factory-dates-deglet-nour\/\" \/>\n<meta property=\"og:site_name\" content=\"SAFT\" \/>\n<meta property=\"article:modified_time\" content=\"2024-09-24T11:40:50+00:00\" \/>\n<meta name=\"twitter:card\" content=\"summary_large_image\" \/>\n<meta name=\"twitter:label1\" content=\"Gesch\u00e4tzte Lesezeit\" \/>\n\t<meta name=\"twitter:data1\" content=\"4\u00a0Minuten\" \/>\n<script type=\"application\/ld+json\" class=\"yoast-schema-graph\">{\"@context\":\"https:\\\/\\\/schema.org\",\"@graph\":[{\"@type\":\"WebPage\",\"@id\":\"https:\\\/\\\/saftunisie.com\\\/factory-dates-deglet-nour\\\/\",\"url\":\"https:\\\/\\\/saftunisie.com\\\/factory-dates-deglet-nour\\\/\",\"name\":\"Tunisian Deglet Nour Dates : Processed Tunisian Dates SAFT\",\"isPartOf\":{\"@id\":\"https:\\\/\\\/saftunisie.com\\\/#website\"},\"datePublished\":\"2021-01-13T10:12:08+00:00\",\"dateModified\":\"2024-09-24T11:40:50+00:00\",\"description\":\"SAFT Tunisian Deglet Nour Dates factory provides you with Processed Dates Deglet Nour,Pitted Dates Deglet Nour, Natural Branched Dates, Dates Ingridients\",\"breadcrumb\":{\"@id\":\"https:\\\/\\\/saftunisie.com\\\/factory-dates-deglet-nour\\\/#breadcrumb\"},\"inLanguage\":\"de\",\"potentialAction\":[{\"@type\":\"ReadAction\",\"target\":[\"https:\\\/\\\/saftunisie.com\\\/factory-dates-deglet-nour\\\/\"]}]},{\"@type\":\"BreadcrumbList\",\"@id\":\"https:\\\/\\\/saftunisie.com\\\/factory-dates-deglet-nour\\\/#breadcrumb\",\"itemListElement\":[{\"@type\":\"ListItem\",\"position\":1,\"name\":\"Accueil\",\"item\":\"https:\\\/\\\/saftunisie.com\\\/\"},{\"@type\":\"ListItem\",\"position\":2,\"name\":\"Our factory\"}]},{\"@type\":\"WebSite\",\"@id\":\"https:\\\/\\\/saftunisie.com\\\/#website\",\"url\":\"https:\\\/\\\/saftunisie.com\\\/\",\"name\":\"SAFT\",\"description\":\"SAFT CIE S.A.R.L (Soci\u00e9t\u00e9 Agricole et froid trading) was founded in 2000 by Mr. Abdelmajid Neifer\",\"publisher\":{\"@id\":\"https:\\\/\\\/saftunisie.com\\\/#organization\"},\"potentialAction\":[{\"@type\":\"SearchAction\",\"target\":{\"@type\":\"EntryPoint\",\"urlTemplate\":\"https:\\\/\\\/saftunisie.com\\\/?s={search_term_string}\"},\"query-input\":{\"@type\":\"PropertyValueSpecification\",\"valueRequired\":true,\"valueName\":\"search_term_string\"}}],\"inLanguage\":\"de\"},{\"@type\":\"Organization\",\"@id\":\"https:\\\/\\\/saftunisie.com\\\/#organization\",\"name\":\"SAFTUNISIE\",\"url\":\"https:\\\/\\\/saftunisie.com\\\/\",\"logo\":{\"@type\":\"ImageObject\",\"inLanguage\":\"de\",\"@id\":\"https:\\\/\\\/saftunisie.com\\\/#\\\/schema\\\/logo\\\/image\\\/\",\"url\":\"https:\\\/\\\/saftunisie.com\\\/wp-content\\\/uploads\\\/2021\\\/06\\\/logo2.png\",\"contentUrl\":\"https:\\\/\\\/saftunisie.com\\\/wp-content\\\/uploads\\\/2021\\\/06\\\/logo2.png\",\"width\":123,\"height\":127,\"caption\":\"SAFTUNISIE\"},\"image\":{\"@id\":\"https:\\\/\\\/saftunisie.com\\\/#\\\/schema\\\/logo\\\/image\\\/\"}}]}<\/script>\n<!-- \/ Yoast SEO plugin. -->","yoast_head_json":{"title":"Tunisian Deglet Nour Dates : Processed Tunisian Dates SAFT","description":"SAFT Tunisian Deglet Nour Dates factory provides you with Processed Dates Deglet Nour,Pitted Dates Deglet Nour, Natural Branched Dates, Dates Ingridients","robots":{"index":"index","follow":"follow","max-snippet":"max-snippet:-1","max-image-preview":"max-image-preview:large","max-video-preview":"max-video-preview:-1"},"canonical":"https:\/\/saftunisie.com\/de\/factory-dates-deglet-nour\/","og_locale":"de_DE","og_type":"article","og_title":"Tunisian Deglet Nour Dates : Processed Tunisian Dates SAFT","og_description":"SAFT Tunisian Deglet Nour Dates factory provides you with Processed Dates Deglet Nour,Pitted Dates Deglet Nour, Natural Branched Dates, Dates Ingridients","og_url":"https:\/\/saftunisie.com\/de\/factory-dates-deglet-nour\/","og_site_name":"SAFT","article_modified_time":"2024-09-24T11:40:50+00:00","twitter_card":"summary_large_image","twitter_misc":{"Gesch\u00e4tzte Lesezeit":"4\u00a0Minuten"},"schema":{"@context":"https:\/\/schema.org","@graph":[{"@type":"WebPage","@id":"https:\/\/saftunisie.com\/factory-dates-deglet-nour\/","url":"https:\/\/saftunisie.com\/factory-dates-deglet-nour\/","name":"Tunisian Deglet Nour Dates : Processed Tunisian Dates SAFT","isPartOf":{"@id":"https:\/\/saftunisie.com\/#website"},"datePublished":"2021-01-13T10:12:08+00:00","dateModified":"2024-09-24T11:40:50+00:00","description":"SAFT Tunisian Deglet Nour Dates factory provides you with Processed Dates Deglet Nour,Pitted Dates Deglet Nour, Natural Branched Dates, Dates Ingridients","breadcrumb":{"@id":"https:\/\/saftunisie.com\/factory-dates-deglet-nour\/#breadcrumb"},"inLanguage":"de","potentialAction":[{"@type":"ReadAction","target":["https:\/\/saftunisie.com\/factory-dates-deglet-nour\/"]}]},{"@type":"BreadcrumbList","@id":"https:\/\/saftunisie.com\/factory-dates-deglet-nour\/#breadcrumb","itemListElement":[{"@type":"ListItem","position":1,"name":"Accueil","item":"https:\/\/saftunisie.com\/"},{"@type":"ListItem","position":2,"name":"Our factory"}]},{"@type":"WebSite","@id":"https:\/\/saftunisie.com\/#website","url":"https:\/\/saftunisie.com\/","name":"SAFT","description":"SAFT CIE SARL (Soci\u00e9t\u00e9 Agricole et froid Trading) wurde im Jahr 2000 von Herrn Abdelmajid Neifer gegr\u00fcndet","publisher":{"@id":"https:\/\/saftunisie.com\/#organization"},"potentialAction":[{"@type":"SearchAction","target":{"@type":"EntryPoint","urlTemplate":"https:\/\/saftunisie.com\/?s={search_term_string}"},"query-input":{"@type":"PropertyValueSpecification","valueRequired":true,"valueName":"search_term_string"}}],"inLanguage":"de"},{"@type":"Organization","@id":"https:\/\/saftunisie.com\/#organization","name":"SAFTUNISIE","url":"https:\/\/saftunisie.com\/","logo":{"@type":"ImageObject","inLanguage":"de","@id":"https:\/\/saftunisie.com\/#\/schema\/logo\/image\/","url":"https:\/\/saftunisie.com\/wp-content\/uploads\/2021\/06\/logo2.png","contentUrl":"https:\/\/saftunisie.com\/wp-content\/uploads\/2021\/06\/logo2.png","width":123,"height":127,"caption":"SAFTUNISIE"},"image":{"@id":"https:\/\/saftunisie.com\/#\/schema\/logo\/image\/"}}]}},"_links":{"self":[{"href":"https:\/\/saftunisie.com\/de\/wp-json\/wp\/v2\/pages\/164","targetHints":{"allow":["GET"]}}],"collection":[{"href":"https:\/\/saftunisie.com\/de\/wp-json\/wp\/v2\/pages"}],"about":[{"href":"https:\/\/saftunisie.com\/de\/wp-json\/wp\/v2\/types\/page"}],"author":[{"embeddable":true,"href":"https:\/\/saftunisie.com\/de\/wp-json\/wp\/v2\/users\/23"}],"replies":[{"embeddable":true,"href":"https:\/\/saftunisie.com\/de\/wp-json\/wp\/v2\/comments?post=164"}],"version-history":[{"count":79,"href":"https:\/\/saftunisie.com\/de\/wp-json\/wp\/v2\/pages\/164\/revisions"}],"predecessor-version":[{"id":1187,"href":"https:\/\/saftunisie.com\/de\/wp-json\/wp\/v2\/pages\/164\/revisions\/1187"}],"wp:attachment":[{"href":"https:\/\/saftunisie.com\/de\/wp-json\/wp\/v2\/media?parent=164"}],"curies":[{"name":"wp","href":"https:\/\/api.w.org\/{rel}","templated":true}]}}