{"id":175,"date":"2021-01-13T13:20:43","date_gmt":"2021-01-13T12:20:43","guid":{"rendered":"https:\/\/saft.webmedia-dev.ovh\/?page_id=175"},"modified":"2026-03-06T13:51:09","modified_gmt":"2026-03-06T12:51:09","slug":"tunisian-dates-deglet-nour","status":"publish","type":"page","link":"https:\/\/saftunisie.com\/de\/tunisian-dates-deglet-nour\/","title":{"rendered":"DATEIEN DEGLET NOUR"},"content":{"rendered":"<div class=\"wpb-content-wrapper\"><div class=\"vc_row wpb_row vc_row-fluid vc_row-o-content-middle vc_row-flex\"><div class=\"wpb_column vc_column_container vc_col-sm-12\"><div class=\"vc_column-inner\"><div class=\"wpb_wrapper\">\n\t<div class=\"wpb_text_column wpb_content_element vc_custom_1638190735283\" >\n\t\t<div class=\"wpb_wrapper\">\n\t\t\t<p style=\"text-align: center;\"><span class=\"titre-gold\">Die Vorteile von<\/span><\/p>\n\n\t\t<\/div>\n\t<\/div>\n<div class=\"vc_empty_space\"   style=\"height: 28px\"><span class=\"vc_empty_space_inner\"><\/span><\/div>\n\t<div class=\"wpb_text_column wpb_content_element\" >\n\t\t<div class=\"wpb_wrapper\">\n\t\t\t<h2 style=\"font-size: 28px; text-align: center;\">Tunesische Datteln Deglet Nour<\/h2>\n\n\t\t<\/div>\n\t<\/div>\n\n\t<div class=\"wpb_text_column wpb_content_element\" >\n\t\t<div class=\"wpb_wrapper\">\n\t\t\t<p style=\"text-align: left;\"><strong>Deglet Nour Dates<\/strong> ist das wichtigste Symbol Tunesiens. Diese Marke von <strong>Tunesische Datteln<\/strong> wird seit 5.000 Jahren haupts\u00e4chlich in der<strong> s\u00fcdlich von Tunesien<\/strong> auf Kebili und Tozeur. Dar\u00fcber hinaus,<strong> Tunesische Deglet Nour Datteln<\/strong> ist eine der angesehensten und ber\u00fchmtesten <strong>Daten<\/strong> in der Welt.<\/p>\n\n\t\t<\/div>\n\t<\/div>\n\n\t<div class=\"wpb_text_column wpb_content_element\" >\n\t\t<div class=\"wpb_wrapper\">\n\t\t\t<p>Dank des herrlichen Sonnenscheins <strong>Tunesien<\/strong>, <strong>Deglet Nour<\/strong> Datteln sind hervorragende Kaliumlieferanten. Kalium ist ein wichtiger Bestandteil der Zell- und K\u00f6rperfl\u00fcssigkeiten und tr\u00e4gt zur Regulierung von Herzfrequenz und Blutdruck bei. Dar\u00fcber hinaus, <strong>Dates Deglet Nour<\/strong> Sie sind au\u00dferdem reich an Mineralien wie Kalzium, Mangan, Kupfer und Magnesium. Kalzium ist in der Tat ein wichtiges Mineral, ein wesentlicher Bestandteil von Knochen und Z\u00e4hnen und unverzichtbar f\u00fcr die Muskelkontraktion, die Blutgerinnung und die Weiterleitung von Nervenimpulsen. Ein weiterer Vorteil von <strong><a title=\"SAFT\" href=\"https:\/\/saftunisie.com\/de\/\">SAFT<\/a> Dates Deglet Nour <\/strong>Sie versorgen den K\u00f6rper mit Magnesium, das vom K\u00f6rper als Cofaktor f\u00fcr das antioxidative Enzym Superoxiddismutase verwendet wird.<\/p>\n<p>Au\u00dferdem, <strong>Dates Deglet Nour<\/strong> sind eine ausgezeichnete Eisenquelle, da diese Art von <strong>Tunesische Daten<\/strong> liefert 0,90 mg Eisen pro 100 g Obst (etwa 111 TP3T der empfohlenen Tagesdosis). Eisen, ein Bestandteil des H\u00e4moglobins in den roten Blutk\u00f6rperchen, bestimmt die F\u00e4higkeit des Blutes, Sauerstoff zu transportieren., <a title=\"Tunesische Datteln Deglet Nour\" href=\"https:\/\/saftunisie.com\/de\/tunisian-common-dates\/\"><strong>Deglet Nour Dates<\/strong> <\/a>enthalten moderate Mengen an Vitamin A (149 IE pro 100 g), das f\u00fcr seine antioxidativen Eigenschaften bekannt und f\u00fcr die Sehsch\u00e4rfe unerl\u00e4sslich ist.<\/p>\n\n\t\t<\/div>\n\t<\/div>\n<div class=\"vc_btn3-container vc_btn3-center vc_do_btn\" ><a style=\"background-color:#e5a335; color:#ffffff;\" class=\"vc_general vc_btn3 vc_btn3-size-md vc_btn3-shape-square vc_btn3-style-custom\" href=\"https:\/\/saftunisie.com\/de\/contact\/\" title=\"Kontaktieren Sie Saft\">Kontaktieren Sie uns<\/a><\/div><\/div><\/div><\/div><\/div><div id=\"natural-branched-dates\" class=\"vc_row wpb_row vc_row-fluid vc_row-o-content-middle vc_row-flex\"><div class=\"wpb_column vc_column_container vc_col-sm-6\"><div class=\"vc_column-inner\"><div class=\"wpb_wrapper\">\n\t<div class=\"wpb_text_column wpb_content_element title-sub\" >\n\t\t<div class=\"wpb_wrapper\">\n\t\t\t<p>DATEIEN DEGLET NOUR TUNESIEN<\/p>\n\n\t\t<\/div>\n\t<\/div>\n\n\t<div class=\"wpb_text_column wpb_content_element titre-product\" >\n\t\t<div class=\"wpb_wrapper\">\n\t\t\t<h2>Nat\u00fcrliche verzweigte Datteln Deglet Nour<\/h2>\n\n\t\t<\/div>\n\t<\/div>\n\n\t<div class=\"wpb_text_column wpb_content_element\" >\n\t\t<div class=\"wpb_wrapper\">\n\t\t\t<p>Der <strong><a title=\"Verzweigte Datteln Deglet Nour\" href=\"https:\/\/saftunisie.com\/de\/tunisian-dates-deglet-nour\/#natural-branched-dates\">verzweigten Daten<\/a> Deglet Nour<\/strong> sind Datteln in ihrem nat\u00fcrlichen Zustand am Stiel.<\/p>\n<p>Bezeichnung: <strong>Deglet Nour-Datteln an Zweigen<\/strong>. Bernstein- bis braunfarben.<\/p>\n<p>Region Tunesien: Kebili und Tozeur<\/p>\n<p>Erntezeitraum: Oktober bis Dezember. Zustand: Mit Saatgut.<\/p>\n<p>Aufbewahrungsbedingungen: K\u00fchl und trocken bei einer Temperatur von 0 \u00b0C bis 4 \u00b0C und einer relativen Luftfeuchtigkeit von unter 65 \u00b0C lagern.<\/p>\n\n\t\t<\/div>\n\t<\/div>\n<\/div><\/div><\/div><div class=\"wpb_column vc_column_container vc_col-sm-6\"><div class=\"vc_column-inner\"><div class=\"wpb_wrapper\">\n\t<div class=\"wpb_text_column wpb_content_element\" >\n\t\t<div class=\"wpb_wrapper\">\n\t\t\t<p><img loading=\"lazy\" decoding=\"async\" class=\"alignnone wp-image-443 size-full\" src=\"http:\/\/saftunisie.com\/wp-content\/uploads\/2021\/06\/natural-branched.png\" alt=\"Tunisian Dates Deglet Nour Natural Branched Dates - Processed dates deglet nour \" width=\"809\" height=\"719\" srcset=\"https:\/\/saftunisie.com\/wp-content\/uploads\/2021\/06\/natural-branched.png 809w, https:\/\/saftunisie.com\/wp-content\/uploads\/2021\/06\/natural-branched-600x533.png 600w, https:\/\/saftunisie.com\/wp-content\/uploads\/2021\/06\/natural-branched-300x267.png 300w, https:\/\/saftunisie.com\/wp-content\/uploads\/2021\/06\/natural-branched-768x683.png 768w\" sizes=\"auto, (max-width: 809px) 100vw, 809px\" \/><\/p>\n\n\t\t<\/div>\n\t<\/div>\n<\/div><\/div><\/div><\/div><div id=\"natural-loose-dates-deglet-nour\" class=\"vc_row wpb_row vc_row-fluid vc_row-o-content-middle vc_row-flex\"><div class=\"wpb_column vc_column_container vc_col-sm-6\"><div class=\"vc_column-inner\"><div class=\"wpb_wrapper\">\n\t<div  class=\"wpb_single_image wpb_content_element vc_align_left\">\n\t\t\n\t\t<figure class=\"wpb_wrapper vc_figure\">\n\t\t\t<div class=\"vc_single_image-wrapper   vc_box_border_grey\"><img loading=\"lazy\" decoding=\"async\" width=\"809\" height=\"719\" src=\"https:\/\/saftunisie.com\/wp-content\/uploads\/2022\/01\/Natural-Loose-Dates-Deglet-Nour-Tunisia.jpg\" class=\"vc_single_image-img attachment-full\" alt=\"\" title=\"Nat\u00fcrliche lose Datteln Deglet Nour Tunesien\" srcset=\"https:\/\/saftunisie.com\/wp-content\/uploads\/2022\/01\/Natural-Loose-Dates-Deglet-Nour-Tunisia.jpg 809w, https:\/\/saftunisie.com\/wp-content\/uploads\/2022\/01\/Natural-Loose-Dates-Deglet-Nour-Tunisia-300x267.jpg 300w, https:\/\/saftunisie.com\/wp-content\/uploads\/2022\/01\/Natural-Loose-Dates-Deglet-Nour-Tunisia-768x683.jpg 768w, https:\/\/saftunisie.com\/wp-content\/uploads\/2022\/01\/Natural-Loose-Dates-Deglet-Nour-Tunisia-600x533.jpg 600w\" sizes=\"auto, (max-width: 809px) 100vw, 809px\" \/><\/div>\n\t\t<\/figure>\n\t<\/div>\n<\/div><\/div><\/div><div class=\"wpb_column vc_column_container vc_col-sm-6\"><div class=\"vc_column-inner\"><div class=\"wpb_wrapper\">\n\t<div class=\"wpb_text_column wpb_content_element title-sub\" >\n\t\t<div class=\"wpb_wrapper\">\n\t\t\t<p>DATEIEN DEGLET NOUR TUNESIEN<\/p>\n\n\t\t<\/div>\n\t<\/div>\n\n\t<div class=\"wpb_text_column wpb_content_element titre-product\" >\n\t\t<div class=\"wpb_wrapper\">\n\t\t\t<h2>\u00a0Nat\u00fcrliche lose Datteln Deglet Nour<\/h2>\n\n\t\t<\/div>\n\t<\/div>\n\n\t<div class=\"wpb_text_column wpb_content_element\" >\n\t\t<div class=\"wpb_wrapper\">\n\t\t\t<p>Ausgew\u00e4hlt nach Gr\u00f6\u00dfe und Beschaffenheit, <a title=\"Tunesische lose Daten\" href=\"https:\/\/saftunisie.com\/de\/tunisian-dates-deglet-nour\/#natural-loose-dates-deglet-nour\"><strong>Standarddaten<\/strong><\/a> Es handelt sich um Datteln, die sich in ihrem nat\u00fcrlichen Zustand befinden und von ihren Zweigen abgeschnitten wurden.<\/p>\n<p>Bezeichnung: Standards <strong>Deglet Nour Daten<\/strong>. Bernsteinfarben bis dunkelbraun.<\/p>\n<p>Region: <strong>Tunesien<\/strong>Kebili und Tozeur<\/p>\n<p>Erntezeitraum: Oktober bis Dezember<\/p>\n<p>Zustand: Mit Samen<\/p>\n<p>Aufbewahrungsbedingungen: K\u00fchl und trocken bei einer Temperatur von 0 \u00b0C bis 4 \u00b0C und einer relativen Luftfeuchtigkeit von unter 65 \u00b0C lagern.<\/p>\n<p>Typ: Weiche bis halbfeste Datteln mit einem Wassergehalt von 181 % TP3T und 221 % TP3T<\/p>\n\n\t\t<\/div>\n\t<\/div>\n<\/div><\/div><\/div><\/div><div id=\"processed-dates-deglet-nour\" class=\"vc_row wpb_row vc_row-fluid vc_row-o-content-middle vc_row-flex\"><div class=\"wpb_column vc_column_container vc_col-sm-6\"><div class=\"vc_column-inner\"><div class=\"wpb_wrapper\">\n\t<div class=\"wpb_text_column wpb_content_element title-sub\" >\n\t\t<div class=\"wpb_wrapper\">\n\t\t\t<p>DATEIEN DEGLET NOUR TUNESIEN<\/p>\n\n\t\t<\/div>\n\t<\/div>\n\n\t<div class=\"wpb_text_column wpb_content_element titre-product\" >\n\t\t<div class=\"wpb_wrapper\">\n\t\t\t<h2>Verarbeitete Datteln Deglet Nour<\/h2>\n\n\t\t<\/div>\n\t<\/div>\n\n\t<div class=\"wpb_text_column wpb_content_element\" >\n\t\t<div class=\"wpb_wrapper\">\n\t\t\t<p>Die meisten \u00a0<strong>Dates Deglet Nour<\/strong> Zur Weiterverarbeitung bestimmt sind halbtrockene und trockene Datteln, die von den Zweigen abgeschnitten werden oder auf nat\u00fcrliche Weise abfallen und einen Prozess durchlaufen, der Reinigung, Sortierung, Waschen, Befeuchten, Wachsen und W\u00e4rmebehandlung umfasst. .<\/p>\n<p>Bezeichnung: <strong><a title=\"Tunesische verarbeitete Datteln\" href=\"https:\/\/saftunisie.com\/de\/tunisian-dates-deglet-nour\/#processed-dates-deglet-nour\">Verarbeitete Daten<\/a> Deglet Nour<\/strong>, Farbe: Bernstein bis Braun bis Dunkelbraun.<\/p>\n<p>Region: Tunesien: Kebili und Tozeur<\/p>\n<p>Erntezeitraum: Oktober bis Dezember<\/p>\n<p>Zustand: Mit Samen<\/p>\n<p>Aufbewahrungsbedingungen: K\u00fchl und trocken bei einer Temperatur von 0\u00b0 bis 4\u00b0 Celsius und einer relativen Luftfeuchtigkeit von unter 65 \u00b0C lagern.<\/p>\n<p>Typ: Halbtrockene Datteln mit einem Wassergehalt zwischen 18 % und 22%.<\/p>\n\n\t\t<\/div>\n\t<\/div>\n<\/div><\/div><\/div><div class=\"wpb_column vc_column_container vc_col-sm-6\"><div class=\"vc_column-inner\"><div class=\"wpb_wrapper\">\n\t<div  class=\"wpb_single_image wpb_content_element vc_align_left\">\n\t\t\n\t\t<figure class=\"wpb_wrapper vc_figure\">\n\t\t\t<div class=\"vc_single_image-wrapper   vc_box_border_grey\"><img loading=\"lazy\" decoding=\"async\" width=\"809\" height=\"719\" src=\"https:\/\/saftunisie.com\/wp-content\/uploads\/2021\/06\/PROCESSED.png\" class=\"vc_single_image-img attachment-full\" alt=\"Processed Tunisian dates deglet nour - branched Dates Deglet Nour - Best Quality\" title=\"Verarbeitete tunesische Datteln Deglet Nour \u2013 verzweigte Datteln Deglet Nour \u2013 Beste Qualit\u00e4t\" srcset=\"https:\/\/saftunisie.com\/wp-content\/uploads\/2021\/06\/PROCESSED.png 809w, https:\/\/saftunisie.com\/wp-content\/uploads\/2021\/06\/PROCESSED-600x533.png 600w, https:\/\/saftunisie.com\/wp-content\/uploads\/2021\/06\/PROCESSED-300x267.png 300w, https:\/\/saftunisie.com\/wp-content\/uploads\/2021\/06\/PROCESSED-768x683.png 768w\" sizes=\"auto, (max-width: 809px) 100vw, 809px\" \/><\/div>\n\t\t<\/figure>\n\t<\/div>\n<\/div><\/div><\/div><\/div><div id=\"pitted-dates-deglet-nour\" class=\"vc_row wpb_row vc_row-fluid vc_row-o-content-middle vc_row-flex\"><div class=\"wpb_column vc_column_container vc_col-sm-6\"><div class=\"vc_column-inner\"><div class=\"wpb_wrapper\">\n\t<div  class=\"wpb_single_image wpb_content_element vc_align_left\">\n\t\t\n\t\t<figure class=\"wpb_wrapper vc_figure\">\n\t\t\t<div class=\"vc_single_image-wrapper   vc_box_border_grey\"><img loading=\"lazy\" decoding=\"async\" width=\"765\" height=\"581\" src=\"https:\/\/saftunisie.com\/wp-content\/uploads\/2021\/07\/PITTED-DATES-DEGLET-NOUR.jpg\" class=\"vc_single_image-img attachment-full\" alt=\"Processed Tunisian dates deglet nour - branched Dates Deglet Nour - Best Quality\" title=\"Datteln mit Steinen Deglet Nour\" srcset=\"https:\/\/saftunisie.com\/wp-content\/uploads\/2021\/07\/PITTED-DATES-DEGLET-NOUR.jpg 765w, https:\/\/saftunisie.com\/wp-content\/uploads\/2021\/07\/PITTED-DATES-DEGLET-NOUR-600x456.jpg 600w, https:\/\/saftunisie.com\/wp-content\/uploads\/2021\/07\/PITTED-DATES-DEGLET-NOUR-300x228.jpg 300w\" sizes=\"auto, (max-width: 765px) 100vw, 765px\" \/><\/div>\n\t\t<\/figure>\n\t<\/div>\n<\/div><\/div><\/div><div class=\"wpb_column vc_column_container vc_col-sm-6\"><div class=\"vc_column-inner\"><div class=\"wpb_wrapper\">\n\t<div class=\"wpb_text_column wpb_content_element title-sub\" >\n\t\t<div class=\"wpb_wrapper\">\n\t\t\t<p>DATEIEN DEGLET NOUR TUNESIEN<\/p>\n\n\t\t<\/div>\n\t<\/div>\n\n\t<div class=\"wpb_text_column wpb_content_element titre-product\" >\n\t\t<div class=\"wpb_wrapper\">\n\t\t\t<h2>Datteln mit Steinen Deglet Nour<\/h2>\n\n\t\t<\/div>\n\t<\/div>\n\n\t<div class=\"wpb_text_column wpb_content_element\" >\n\t\t<div class=\"wpb_wrapper\">\n\t\t\t<p>Bezeichnung: <a title=\"Datteln mit Steinen Deglet Nour\" href=\"https:\/\/saftunisie.com\/de\/tunisian-dates-deglet-nour\/#pitted-dates-deglet-nour\"><strong>Deglet Nour pitted Dates<\/strong><\/a>. Bernstein- bis Braunfarbe.<\/p>\n<p>Region: Tunesien: Kebili und Tozeur.<\/p>\n<p>Erntezeitraum: Von Oktober bis Dezember<\/p>\n<p>Zustand: Ohne Samen<\/p>\n<p>Aufbewahrungsbedingungen: K\u00fchl und trocken bei einer Temperatur von 0 \u00b0C bis 4 \u00b0C und einer relativen Luftfeuchtigkeit von unter 65 \u00b0C lagern.<\/p>\n<p>Typ: Weiche bis halbtrockene Datteln mit einem Wassergehalt zwischen ca. 181 % TP3T und 221 % TP3T.<\/p>\n\n\t\t<\/div>\n\t<\/div>\n<\/div><\/div><\/div><\/div><div id=\"bouquet-branched\" class=\"vc_row wpb_row vc_row-fluid vc_row-o-content-middle vc_row-flex wd-rs-69aacd754d37a\"><div class=\"wpb_column vc_column_container vc_col-sm-6\"><div class=\"vc_column-inner\"><div class=\"wpb_wrapper\">\n\t<div class=\"wpb_text_column wpb_content_element title-sub\" >\n\t\t<div class=\"wpb_wrapper\">\n\t\t\t<p>DATEIEN DEGLET NOUR TUNESIEN<\/p>\n\n\t\t<\/div>\n\t<\/div>\n\n\t<div class=\"wpb_text_column wpb_content_element titre-product\" >\n\t\t<div class=\"wpb_wrapper\">\n\t\t\t<h2>Strau\u00df verzweigter Datteln 500 g<\/h2>\n\n\t\t<\/div>\n\t<\/div>\n\n\t<div class=\"wpb_text_column wpb_content_element\" >\n\t\t<div class=\"wpb_wrapper\">\n\t\t\t<p>Bezeichnung: <a title=\"Datteln mit Steinen Deglet Nour\" href=\"https:\/\/saftunisie.com\/de\/tunisian-dates-deglet-nour\/#bouquet-branched\"><strong>Deglet Nour Bouquet verzweigte Datteln<\/strong><\/a>\u00a0500 g<\/p>\n<p>Region: Tunesien: Kebili und Tozeur<\/p>\n<p>Erntezeitraum: Oktober bis Dezember<\/p>\n<p>Zustand: Mit Samen<\/p>\n<p>Aufbewahrungsbedingungen: K\u00fchl und trocken bei einer Temperatur von 0\u00b0 bis 4\u00b0 Celsius und einer relativen Luftfeuchtigkeit von unter 65 \u00b0C lagern.<\/p>\n<p>Typ: Halbtrockene Datteln mit einem Wassergehalt zwischen 18 % und 22%.<\/p>\n\n\t\t<\/div>\n\t<\/div>\n<\/div><\/div><\/div><div class=\"wpb_column vc_column_container vc_col-sm-6\"><div class=\"vc_column-inner\"><div class=\"wpb_wrapper\">\n\t<div  class=\"wpb_single_image wpb_content_element vc_align_left\">\n\t\t\n\t\t<figure class=\"wpb_wrapper vc_figure\">\n\t\t\t<div class=\"vc_single_image-wrapper   vc_box_border_grey\"><img loading=\"lazy\" decoding=\"async\" width=\"809\" height=\"719\" src=\"https:\/\/saftunisie.com\/wp-content\/uploads\/2026\/03\/Bouquet-branched-dates-500-g.jpg\" class=\"vc_single_image-img attachment-full\" alt=\"\" title=\"Strau\u00df verzweigter Datteln 500 g\" srcset=\"https:\/\/saftunisie.com\/wp-content\/uploads\/2026\/03\/Bouquet-branched-dates-500-g.jpg 809w, https:\/\/saftunisie.com\/wp-content\/uploads\/2026\/03\/Bouquet-branched-dates-500-g-300x267.jpg 300w, https:\/\/saftunisie.com\/wp-content\/uploads\/2026\/03\/Bouquet-branched-dates-500-g-768x683.jpg 768w, https:\/\/saftunisie.com\/wp-content\/uploads\/2026\/03\/Bouquet-branched-dates-500-g-14x12.jpg 14w\" sizes=\"auto, (max-width: 809px) 100vw, 809px\" \/><\/div>\n\t\t<\/figure>\n\t<\/div>\n<\/div><\/div><\/div><\/div>\n<\/div>","protected":false},"excerpt":{"rendered":"The Benefits of Tunisian Dates Deglet Nour Deglet Nour Dates is the main symbol of Tunisia. This brand of Tunisian","protected":false},"author":23,"featured_media":0,"parent":0,"menu_order":0,"comment_status":"closed","ping_status":"closed","template":"","meta":{"footnotes":""},"class_list":["post-175","page","type-page","status-publish","hentry"],"yoast_head":"<!-- This site is optimized with the Yoast SEO plugin v27.4 - https:\/\/yoast.com\/product\/yoast-seo-wordpress\/ -->\n<title>Tunisian Dates Deglet Nour - Best Quality Deglet Nour - SAFT<\/title>\n<meta name=\"description\" content=\"SAFT providesyou with Tunisian Dates deglet Nour, Processed Dates Deglet Nour, Pitted Dates Deglet Nour, Natural Branched Dates, Tunisian Dates Ingridients\" \/>\n<meta name=\"robots\" content=\"index, follow, max-snippet:-1, max-image-preview:large, max-video-preview:-1\" \/>\n<link rel=\"canonical\" href=\"https:\/\/saftunisie.com\/de\/tunisian-dates-deglet-nour\/\" \/>\n<meta property=\"og:locale\" content=\"de_DE\" \/>\n<meta property=\"og:type\" content=\"article\" \/>\n<meta property=\"og:title\" content=\"Tunisian Dates Deglet Nour - Best Quality Deglet Nour - SAFT\" \/>\n<meta property=\"og:description\" content=\"SAFT providesyou with Tunisian Dates deglet Nour, Processed Dates Deglet Nour, Pitted Dates Deglet Nour, Natural Branched Dates, Tunisian Dates Ingridients\" \/>\n<meta property=\"og:url\" content=\"https:\/\/saftunisie.com\/de\/tunisian-dates-deglet-nour\/\" \/>\n<meta property=\"og:site_name\" content=\"SAFT\" \/>\n<meta property=\"article:modified_time\" content=\"2026-03-06T12:51:09+00:00\" \/>\n<meta property=\"og:image\" content=\"http:\/\/saftunisie.com\/wp-content\/uploads\/2021\/06\/natural-branched.png\" \/>\n<meta name=\"twitter:card\" content=\"summary_large_image\" \/>\n<meta name=\"twitter:label1\" content=\"Gesch\u00e4tzte Lesezeit\" \/>\n\t<meta name=\"twitter:data1\" content=\"5\u00a0Minuten\" \/>\n<script type=\"application\/ld+json\" class=\"yoast-schema-graph\">{\"@context\":\"https:\\\/\\\/schema.org\",\"@graph\":[{\"@type\":\"WebPage\",\"@id\":\"https:\\\/\\\/saftunisie.com\\\/tunisian-dates-deglet-nour\\\/\",\"url\":\"https:\\\/\\\/saftunisie.com\\\/tunisian-dates-deglet-nour\\\/\",\"name\":\"Tunisian Dates Deglet Nour - Best Quality Deglet Nour - SAFT\",\"isPartOf\":{\"@id\":\"https:\\\/\\\/saftunisie.com\\\/#website\"},\"primaryImageOfPage\":{\"@id\":\"https:\\\/\\\/saftunisie.com\\\/tunisian-dates-deglet-nour\\\/#primaryimage\"},\"image\":{\"@id\":\"https:\\\/\\\/saftunisie.com\\\/tunisian-dates-deglet-nour\\\/#primaryimage\"},\"thumbnailUrl\":\"http:\\\/\\\/saftunisie.com\\\/wp-content\\\/uploads\\\/2021\\\/06\\\/natural-branched.png\",\"datePublished\":\"2021-01-13T12:20:43+00:00\",\"dateModified\":\"2026-03-06T12:51:09+00:00\",\"description\":\"SAFT providesyou with Tunisian Dates deglet Nour, Processed Dates Deglet Nour, Pitted Dates Deglet Nour, Natural Branched Dates, Tunisian Dates Ingridients\",\"breadcrumb\":{\"@id\":\"https:\\\/\\\/saftunisie.com\\\/tunisian-dates-deglet-nour\\\/#breadcrumb\"},\"inLanguage\":\"de\",\"potentialAction\":[{\"@type\":\"ReadAction\",\"target\":[\"https:\\\/\\\/saftunisie.com\\\/tunisian-dates-deglet-nour\\\/\"]}]},{\"@type\":\"ImageObject\",\"inLanguage\":\"de\",\"@id\":\"https:\\\/\\\/saftunisie.com\\\/tunisian-dates-deglet-nour\\\/#primaryimage\",\"url\":\"http:\\\/\\\/saftunisie.com\\\/wp-content\\\/uploads\\\/2021\\\/06\\\/natural-branched.png\",\"contentUrl\":\"http:\\\/\\\/saftunisie.com\\\/wp-content\\\/uploads\\\/2021\\\/06\\\/natural-branched.png\"},{\"@type\":\"BreadcrumbList\",\"@id\":\"https:\\\/\\\/saftunisie.com\\\/tunisian-dates-deglet-nour\\\/#breadcrumb\",\"itemListElement\":[{\"@type\":\"ListItem\",\"position\":1,\"name\":\"Accueil\",\"item\":\"https:\\\/\\\/saftunisie.com\\\/\"},{\"@type\":\"ListItem\",\"position\":2,\"name\":\"DATES DEGLET NOUR\"}]},{\"@type\":\"WebSite\",\"@id\":\"https:\\\/\\\/saftunisie.com\\\/#website\",\"url\":\"https:\\\/\\\/saftunisie.com\\\/\",\"name\":\"SAFT\",\"description\":\"SAFT CIE S.A.R.L (Soci\u00e9t\u00e9 Agricole et froid trading) was founded in 2000 by Mr. Abdelmajid Neifer\",\"publisher\":{\"@id\":\"https:\\\/\\\/saftunisie.com\\\/#organization\"},\"potentialAction\":[{\"@type\":\"SearchAction\",\"target\":{\"@type\":\"EntryPoint\",\"urlTemplate\":\"https:\\\/\\\/saftunisie.com\\\/?s={search_term_string}\"},\"query-input\":{\"@type\":\"PropertyValueSpecification\",\"valueRequired\":true,\"valueName\":\"search_term_string\"}}],\"inLanguage\":\"de\"},{\"@type\":\"Organization\",\"@id\":\"https:\\\/\\\/saftunisie.com\\\/#organization\",\"name\":\"SAFTUNISIE\",\"url\":\"https:\\\/\\\/saftunisie.com\\\/\",\"logo\":{\"@type\":\"ImageObject\",\"inLanguage\":\"de\",\"@id\":\"https:\\\/\\\/saftunisie.com\\\/#\\\/schema\\\/logo\\\/image\\\/\",\"url\":\"https:\\\/\\\/saftunisie.com\\\/wp-content\\\/uploads\\\/2021\\\/06\\\/logo2.png\",\"contentUrl\":\"https:\\\/\\\/saftunisie.com\\\/wp-content\\\/uploads\\\/2021\\\/06\\\/logo2.png\",\"width\":123,\"height\":127,\"caption\":\"SAFTUNISIE\"},\"image\":{\"@id\":\"https:\\\/\\\/saftunisie.com\\\/#\\\/schema\\\/logo\\\/image\\\/\"}}]}<\/script>\n<!-- \/ Yoast SEO plugin. -->","yoast_head_json":{"title":"Tunisian Dates Deglet Nour - Best Quality Deglet Nour - SAFT","description":"SAFT providesyou with Tunisian Dates deglet Nour, Processed Dates Deglet Nour, Pitted Dates Deglet Nour, Natural Branched Dates, Tunisian Dates Ingridients","robots":{"index":"index","follow":"follow","max-snippet":"max-snippet:-1","max-image-preview":"max-image-preview:large","max-video-preview":"max-video-preview:-1"},"canonical":"https:\/\/saftunisie.com\/de\/tunisian-dates-deglet-nour\/","og_locale":"de_DE","og_type":"article","og_title":"Tunisian Dates Deglet Nour - Best Quality Deglet Nour - SAFT","og_description":"SAFT providesyou with Tunisian Dates deglet Nour, Processed Dates Deglet Nour, Pitted Dates Deglet Nour, Natural Branched Dates, Tunisian Dates Ingridients","og_url":"https:\/\/saftunisie.com\/de\/tunisian-dates-deglet-nour\/","og_site_name":"SAFT","article_modified_time":"2026-03-06T12:51:09+00:00","og_image":[{"url":"http:\/\/saftunisie.com\/wp-content\/uploads\/2021\/06\/natural-branched.png","type":"","width":"","height":""}],"twitter_card":"summary_large_image","twitter_misc":{"Gesch\u00e4tzte Lesezeit":"5\u00a0Minuten"},"schema":{"@context":"https:\/\/schema.org","@graph":[{"@type":"WebPage","@id":"https:\/\/saftunisie.com\/tunisian-dates-deglet-nour\/","url":"https:\/\/saftunisie.com\/tunisian-dates-deglet-nour\/","name":"Tunisian Dates Deglet Nour - Best Quality Deglet Nour - SAFT","isPartOf":{"@id":"https:\/\/saftunisie.com\/#website"},"primaryImageOfPage":{"@id":"https:\/\/saftunisie.com\/tunisian-dates-deglet-nour\/#primaryimage"},"image":{"@id":"https:\/\/saftunisie.com\/tunisian-dates-deglet-nour\/#primaryimage"},"thumbnailUrl":"http:\/\/saftunisie.com\/wp-content\/uploads\/2021\/06\/natural-branched.png","datePublished":"2021-01-13T12:20:43+00:00","dateModified":"2026-03-06T12:51:09+00:00","description":"SAFT providesyou with Tunisian Dates deglet Nour, Processed Dates Deglet Nour, Pitted Dates Deglet Nour, Natural Branched Dates, Tunisian Dates Ingridients","breadcrumb":{"@id":"https:\/\/saftunisie.com\/tunisian-dates-deglet-nour\/#breadcrumb"},"inLanguage":"de","potentialAction":[{"@type":"ReadAction","target":["https:\/\/saftunisie.com\/tunisian-dates-deglet-nour\/"]}]},{"@type":"ImageObject","inLanguage":"de","@id":"https:\/\/saftunisie.com\/tunisian-dates-deglet-nour\/#primaryimage","url":"http:\/\/saftunisie.com\/wp-content\/uploads\/2021\/06\/natural-branched.png","contentUrl":"http:\/\/saftunisie.com\/wp-content\/uploads\/2021\/06\/natural-branched.png"},{"@type":"BreadcrumbList","@id":"https:\/\/saftunisie.com\/tunisian-dates-deglet-nour\/#breadcrumb","itemListElement":[{"@type":"ListItem","position":1,"name":"Accueil","item":"https:\/\/saftunisie.com\/"},{"@type":"ListItem","position":2,"name":"DATES DEGLET NOUR"}]},{"@type":"WebSite","@id":"https:\/\/saftunisie.com\/#website","url":"https:\/\/saftunisie.com\/","name":"SAFT","description":"SAFT CIE SARL (Soci\u00e9t\u00e9 Agricole et froid Trading) wurde im Jahr 2000 von Herrn Abdelmajid Neifer gegr\u00fcndet","publisher":{"@id":"https:\/\/saftunisie.com\/#organization"},"potentialAction":[{"@type":"SearchAction","target":{"@type":"EntryPoint","urlTemplate":"https:\/\/saftunisie.com\/?s={search_term_string}"},"query-input":{"@type":"PropertyValueSpecification","valueRequired":true,"valueName":"search_term_string"}}],"inLanguage":"de"},{"@type":"Organization","@id":"https:\/\/saftunisie.com\/#organization","name":"SAFTUNISIE","url":"https:\/\/saftunisie.com\/","logo":{"@type":"ImageObject","inLanguage":"de","@id":"https:\/\/saftunisie.com\/#\/schema\/logo\/image\/","url":"https:\/\/saftunisie.com\/wp-content\/uploads\/2021\/06\/logo2.png","contentUrl":"https:\/\/saftunisie.com\/wp-content\/uploads\/2021\/06\/logo2.png","width":123,"height":127,"caption":"SAFTUNISIE"},"image":{"@id":"https:\/\/saftunisie.com\/#\/schema\/logo\/image\/"}}]}},"_links":{"self":[{"href":"https:\/\/saftunisie.com\/de\/wp-json\/wp\/v2\/pages\/175","targetHints":{"allow":["GET"]}}],"collection":[{"href":"https:\/\/saftunisie.com\/de\/wp-json\/wp\/v2\/pages"}],"about":[{"href":"https:\/\/saftunisie.com\/de\/wp-json\/wp\/v2\/types\/page"}],"author":[{"embeddable":true,"href":"https:\/\/saftunisie.com\/de\/wp-json\/wp\/v2\/users\/23"}],"replies":[{"embeddable":true,"href":"https:\/\/saftunisie.com\/de\/wp-json\/wp\/v2\/comments?post=175"}],"version-history":[{"count":61,"href":"https:\/\/saftunisie.com\/de\/wp-json\/wp\/v2\/pages\/175\/revisions"}],"predecessor-version":[{"id":1273,"href":"https:\/\/saftunisie.com\/de\/wp-json\/wp\/v2\/pages\/175\/revisions\/1273"}],"wp:attachment":[{"href":"https:\/\/saftunisie.com\/de\/wp-json\/wp\/v2\/media?parent=175"}],"curies":[{"name":"wp","href":"https:\/\/api.w.org\/{rel}","templated":true}]}}