{"id":177,"date":"2021-01-13T13:21:04","date_gmt":"2021-01-13T12:21:04","guid":{"rendered":"https:\/\/saft.webmedia-dev.ovh\/?page_id=177"},"modified":"2021-12-29T15:05:51","modified_gmt":"2021-12-29T14:05:51","slug":"tunisian-common-dates","status":"publish","type":"page","link":"https:\/\/saftunisie.com\/de\/tunisian-common-dates\/","title":{"rendered":"Gemeinsame Daten"},"content":{"rendered":"<div class=\"wpb-content-wrapper\"><div class=\"vc_row wpb_row vc_row-fluid vc_row-o-content-middle vc_row-flex\"><div class=\"wpb_column vc_column_container vc_col-sm-2\"><div class=\"vc_column-inner\"><div class=\"wpb_wrapper\"><\/div><\/div><\/div><div class=\"wpb_column vc_column_container vc_col-sm-8\"><div class=\"vc_column-inner\"><div class=\"wpb_wrapper\">\n\t<div class=\"wpb_text_column wpb_content_element vc_custom_1638192432586\" >\n\t\t<div class=\"wpb_wrapper\">\n\t\t\t<p style=\"text-align: center;\"><span class=\"titre-gold\">Gemeinsame Daten<\/span><\/p>\n\n\t\t<\/div>\n\t<\/div>\n<div class=\"vc_empty_space\"   style=\"height: 30px\"><span class=\"vc_empty_space_inner\"><\/span><\/div>\n\t<div class=\"wpb_text_column wpb_content_element title-sub\" >\n\t\t<div class=\"wpb_wrapper\">\n\t\t\t<h2 style=\"font-size: 24px; text-align: center;\">Vielfalt der besten Datteln aus Tunesien<\/h2>\n\n\t\t<\/div>\n\t<\/div>\n<div class=\"vc_empty_space\"   style=\"height: 26px\"><span class=\"vc_empty_space_inner\"><\/span><\/div>\n\t<div class=\"wpb_text_column wpb_content_element\" >\n\t\t<div class=\"wpb_wrapper\">\n\t\t\t<p style=\"text-align: center;\">Der <strong>Tunesische Palme<\/strong> Der Hain beherbergt mehr als 300 Sorten <strong>Daten<\/strong>. Sie alle tragen die generische Bezeichnung \u201c<strong>Gemeinsame Daten<\/strong>\u201dDie am h\u00e4ufigsten vermarkteten sind <strong><a title=\"Allig Common Dates\" href=\"https:\/\/saftunisie.com\/de\/tunisian-common-dates\/#allig\">Allig<\/a>, <a title=\"Khouat Allig Common Dates\" href=\"https:\/\/saftunisie.com\/de\/tunisian-common-dates\/#khouat-alig\">Khouat Alig<\/a>, <a title=\"Kenta (Gew\u00f6hnliche tunesische Datteln)\" href=\"https:\/\/saftunisie.com\/de\/tunisian-common-dates\/#kenta\">Kenta<\/a>.\u00a0<\/strong>Diese Sorten von <strong>tunesische gemeinsame Daten<\/strong> Sie sind bekannt f\u00fcr ihren hervorragenden Geschmack und ihre bemerkenswerte Qualit\u00e4t. Au\u00dferdem stellen wir sicher, dass alle unsere Produkte <a title=\"Unsere Produkte\" href=\"https:\/\/saftunisie.com\/de\/tunisian-dates-ingredients\/\">Produkte<\/a> von<a title=\"Tunesische Datteln Deglet Nourhref=\" href=\"https:\/\/saftunisie.com\/de\/tunisian-dates-deglet-nour\/\"><strong> Deglet Nour Tunesische Datteln<\/strong> <\/a>w\u00e4hrend des gesamten Prozesses optimale Bedingungen vorfinden. Beginnend mit der Empfangsphase <strong>Deglet Nour Tunesische Datteln<\/strong> und durchlaufen dabei die Behandlungsphase, die Produktion, die Verpackung und schlie\u00dflich den Transport. Dank der Professionalit\u00e4t unserer Mitarbeiter werden alle unsere Produkte reibungslos abgewickelt. <strong>Deglet Nour Daten<\/strong> Produkte sind <a title=\"Zertifizierungen\" href=\"https:\/\/saftunisie.com\/de\/deglet-nour-tunisian-dates-certifications\/\">zertifiziert<\/a> von zahlreichen internationalen Organisationen als hochwertig, gesund und halal eingestuft.<\/p>\n\n\t\t<\/div>\n\t<\/div>\n<div class=\"vc_btn3-container vc_btn3-center vc_do_btn\" ><a style=\"background-color:#e5a335; color:#ffffff;\" class=\"vc_general vc_btn3 vc_btn3-size-md vc_btn3-shape-square vc_btn3-style-custom\" href=\"https:\/\/saftunisie.com\/de\/contact\/\" title=\"Kontaktieren Sie Saft\">Kontaktieren Sie uns<\/a><\/div><\/div><\/div><\/div><div class=\"wpb_column vc_column_container vc_col-sm-2\"><div class=\"vc_column-inner\"><div class=\"wpb_wrapper\"><\/div><\/div><\/div><\/div><div id=\"allig\" class=\"vc_row wpb_row vc_row-fluid vc_row-o-content-middle vc_row-flex\"><div class=\"wpb_column vc_column_container vc_col-sm-6\"><div class=\"vc_column-inner\"><div class=\"wpb_wrapper\">\n\t<div class=\"wpb_text_column wpb_content_element title-sub\" >\n\t\t<div class=\"wpb_wrapper\">\n\t\t\t<h2 style=\"font-size: 20px;\">TUNESISCHE GEMEINSAMEN DATIERUNGEN ALLIG: ERSTE VARIET\u00c4T<\/h2>\n\n\t\t<\/div>\n\t<\/div>\n<div class=\"vc_empty_space\"   style=\"height: 20px\"><span class=\"vc_empty_space_inner\"><\/span><\/div>\n\t<div class=\"wpb_text_column wpb_content_element\" >\n\t\t<div class=\"wpb_wrapper\">\n\t\t\t<p><a style=\"color: #e5a335;\" title=\"Tunesische Datteln ALLIG\" href=\"https:\/\/saftunisie.com\/de\/tunisian-commons-dates\/#allig\"><strong>ALLIG<\/strong><\/a>, ist die bekannteste Sorte von <strong>G\u00e4ngige Datteln in Tunesien<\/strong>. Bemerkenswert ist seine L\u00e4nge, die sch\u00f6ne Form und der besonders gute Geschmack. Zudem hat es eine dunkle Mahagonifarbe und wirkt besonders sanft., <strong>ALLIG<\/strong> ist fleischig und hat eine halbfeste Konsistenz.\u00a0<strong>ALLIG<\/strong> wird im November geerntet.<\/p>\n\n\t\t<\/div>\n\t<\/div>\n<\/div><\/div><\/div><div class=\"wpb_column vc_column_container vc_col-sm-6\"><div class=\"vc_column-inner\"><div class=\"wpb_wrapper\">\n\t<div class=\"wpb_text_column wpb_content_element\" >\n\t\t<div class=\"wpb_wrapper\">\n\t\t\t<p><img loading=\"lazy\" decoding=\"async\" class=\"alignnone wp-image-449 size-full\" src=\"http:\/\/saftunisie.com\/wp-content\/uploads\/2021\/06\/alig.png\" alt=\"Tunisian Common Dates Allig Deglet Nour - Tunisian Common Dates Khouat Allig - \" width=\"809\" height=\"719\" srcset=\"https:\/\/saftunisie.com\/wp-content\/uploads\/2021\/06\/alig.png 809w, https:\/\/saftunisie.com\/wp-content\/uploads\/2021\/06\/alig-600x533.png 600w, https:\/\/saftunisie.com\/wp-content\/uploads\/2021\/06\/alig-300x267.png 300w, https:\/\/saftunisie.com\/wp-content\/uploads\/2021\/06\/alig-768x683.png 768w\" sizes=\"auto, (max-width: 809px) 100vw, 809px\" \/><\/p>\n\n\t\t<\/div>\n\t<\/div>\n<\/div><\/div><\/div><\/div><div id=\"khouat-alig\" class=\"vc_row wpb_row vc_row-fluid vc_row-o-content-middle vc_row-flex\"><div class=\"wpb_column vc_column_container vc_col-sm-6\"><div class=\"vc_column-inner\"><div class=\"wpb_wrapper\">\n\t<div  class=\"wpb_single_image wpb_content_element vc_align_left\">\n\t\t\n\t\t<figure class=\"wpb_wrapper vc_figure\">\n\t\t\t<div class=\"vc_single_image-wrapper   vc_box_border_grey\"><img loading=\"lazy\" decoding=\"async\" width=\"765\" height=\"581\" src=\"https:\/\/saftunisie.com\/wp-content\/uploads\/2021\/06\/khwat-alig.png\" class=\"vc_single_image-img attachment-full\" alt=\"Tunisian Common Dates Allig Deglet Nour - Tunisian Common Dates Khouat Allig - Kenta\" title=\"Tunesische Datteln Khouat Allig\" srcset=\"https:\/\/saftunisie.com\/wp-content\/uploads\/2021\/06\/khwat-alig.png 765w, https:\/\/saftunisie.com\/wp-content\/uploads\/2021\/06\/khwat-alig-600x456.png 600w, https:\/\/saftunisie.com\/wp-content\/uploads\/2021\/06\/khwat-alig-300x228.png 300w\" sizes=\"auto, (max-width: 765px) 100vw, 765px\" \/><\/div>\n\t\t<\/figure>\n\t<\/div>\n<\/div><\/div><\/div><div class=\"wpb_column vc_column_container vc_col-sm-6\"><div class=\"vc_column-inner\"><div class=\"wpb_wrapper\">\n\t<div class=\"wpb_text_column wpb_content_element title-sub\" >\n\t\t<div class=\"wpb_wrapper\">\n\t\t\t<h2 style=\"font-size: 19px;\">TUNESISCHE GEMEINSAME DATTELN KHOUAT ALIG: ZWEITE VARIET\u00c4T<\/h2>\n\n\t\t<\/div>\n\t<\/div>\n<div class=\"vc_empty_space\"   style=\"height: 20px\"><span class=\"vc_empty_space_inner\"><\/span><\/div>\n\t<div class=\"wpb_text_column wpb_content_element\" >\n\t\t<div class=\"wpb_wrapper\">\n\t\t\t<p><a style=\"color: #e5a335;\" title=\"Tunesische Datteln KHOUAT ALIG\" href=\"https:\/\/saftunisie.com\/de\/tunisian-commons-dates\/#khouat-alig\"><strong>KHOUAT ALIG<\/strong><\/a>\u00a0 ist eine Vielfalt von <strong>gebr\u00e4uchliche Daten in Tunesien<\/strong> diese Sorte wird ebenfalls im November geerntet und zeichnet sich durch ihre l\u00e4ngliche, feine Form aus. Dar\u00fcber hinaus \u00e4hneln ihre Textur, Farbe und ihr Geschmack denen der <strong><a title=\"ALLIG Gemeinsame Daten\" href=\"https:\/\/saftunisie.com\/de\/tunisian-commons-dates\/#allig\">ALLIG<\/a> Vielfalt<\/strong>. Die wenigen Unterschiede zwischen den beiden Sorten sind:<\/p>\n<p><strong>KHOUAT ALIG Termine:<\/strong><\/p>\n<ul>\n<li>Sind etwas d\u00fcnner als ALLIG-Datteln<\/li>\n<li>Sind weniger s\u00fc\u00df<\/li>\n<li>Haben im Vergleich zu ALLIG einen moderaten Wassergehalt.<\/li>\n<\/ul>\n\n\t\t<\/div>\n\t<\/div>\n<\/div><\/div><\/div><\/div><div id=\"kenta\" class=\"vc_row wpb_row vc_row-fluid vc_row-o-content-middle vc_row-flex\"><div class=\"wpb_column vc_column_container vc_col-sm-6\"><div class=\"vc_column-inner\"><div class=\"wpb_wrapper\">\n\t<div class=\"wpb_text_column wpb_content_element title-sub\" >\n\t\t<div class=\"wpb_wrapper\">\n\t\t\t<h2 style=\"font-size: 20px;\">TUNESISCHE GEMEINSAME DATTELN KENTA: DRITTE VARIANTE<\/h2>\n\n\t\t<\/div>\n\t<\/div>\n<div class=\"vc_empty_space\"   style=\"height: 20px\"><span class=\"vc_empty_space_inner\"><\/span><\/div>\n\t<div class=\"wpb_text_column wpb_content_element\" >\n\t\t<div class=\"wpb_wrapper\">\n\t\t\t<p><a style=\"color: #e5a335;\" title=\"Tunesische Datteln Kenta\" href=\"https:\/\/saftunisie.com\/de\/tunisian-commons-dates\/#kenta\"><strong>Kenta<\/strong><\/a>\u00a0ist eine weitere Variante von<strong>\u00a0gemeinsame Daten<\/strong> Diese Sorte reift fr\u00fch, n\u00e4mlich in der ersten Oktoberwoche. Erstaunlicherweise ist diese Sorte...\u00a0<a title=\"Tunesische Datteln\" href=\"https:\/\/saftunisie.com\/de\/tunisian-dates-deglet-nour\/\"><strong>Tunesische Daten<\/strong><\/a>\u00a0hat eine hellgoldene Farbe und ein ansprechendes Aussehen. Insbesondere,\u00a0<strong>Kenta<\/strong> Sie ist weniger s\u00fc\u00df als alle anderen Sorten. Au\u00dferdem ist ihre Textur f\u00fcr ihren halbtrockenen Charakter bekannt.<\/p>\n\n\t\t<\/div>\n\t<\/div>\n<\/div><\/div><\/div><div class=\"wpb_column vc_column_container vc_col-sm-6\"><div class=\"vc_column-inner\"><div class=\"wpb_wrapper\">\n\t<div  class=\"wpb_single_image wpb_content_element vc_align_left\">\n\t\t\n\t\t<figure class=\"wpb_wrapper vc_figure\">\n\t\t\t<div class=\"vc_single_image-wrapper   vc_box_border_grey\"><img loading=\"lazy\" decoding=\"async\" width=\"809\" height=\"719\" src=\"https:\/\/saftunisie.com\/wp-content\/uploads\/2021\/06\/kenta.png\" class=\"vc_single_image-img attachment-full\" alt=\"Tunisian Common Dates Allig Deglet Nour - Tunisian Common Dates Khouat Allig - Kenta\" title=\"Tunesische Standarddatteln Kenta\" srcset=\"https:\/\/saftunisie.com\/wp-content\/uploads\/2021\/06\/kenta.png 809w, https:\/\/saftunisie.com\/wp-content\/uploads\/2021\/06\/kenta-600x533.png 600w, https:\/\/saftunisie.com\/wp-content\/uploads\/2021\/06\/kenta-300x267.png 300w, https:\/\/saftunisie.com\/wp-content\/uploads\/2021\/06\/kenta-768x683.png 768w\" sizes=\"auto, (max-width: 809px) 100vw, 809px\" \/><\/div>\n\t\t<\/figure>\n\t<\/div>\n<\/div><\/div><\/div><\/div><div class=\"vc_row wpb_row vc_row-fluid\"><div class=\"wpb_column vc_column_container vc_col-sm-12\"><div class=\"vc_column-inner\"><div class=\"wpb_wrapper\"><\/div><\/div><\/div><\/div>\n<\/div>","protected":false},"excerpt":{"rendered":"Common Dates Variety of the Best Quality Dates in Tunisia The Tunisian palm grove has more than 300 varieties of","protected":false},"author":23,"featured_media":0,"parent":0,"menu_order":0,"comment_status":"closed","ping_status":"closed","template":"","meta":{"footnotes":""},"class_list":["post-177","page","type-page","status-publish","hentry"],"yoast_head":"<!-- This site is optimized with the Yoast SEO plugin v27.4 - https:\/\/yoast.com\/product\/yoast-seo-wordpress\/ -->\n<title>Tunisian Common Dates - Tunisian Dates Deglet Nour - SAFT<\/title>\n<meta name=\"description\" content=\"SAFT is specilized in tunisian common dates: Alig, Khouat Alig and also in Processed Dates Deglet Nour,Pitted Dates Deglet Nour, Natural Branched Dates\" \/>\n<meta name=\"robots\" content=\"index, follow, max-snippet:-1, max-image-preview:large, max-video-preview:-1\" \/>\n<link rel=\"canonical\" href=\"https:\/\/saftunisie.com\/de\/tunisian-common-dates\/\" \/>\n<meta property=\"og:locale\" content=\"de_DE\" \/>\n<meta property=\"og:type\" content=\"article\" \/>\n<meta property=\"og:title\" content=\"Tunisian Common Dates - Tunisian Dates Deglet Nour - SAFT\" \/>\n<meta property=\"og:description\" content=\"SAFT is specilized in tunisian common dates: Alig, Khouat Alig and also in Processed Dates Deglet Nour,Pitted Dates Deglet Nour, Natural Branched Dates\" \/>\n<meta property=\"og:url\" content=\"https:\/\/saftunisie.com\/de\/tunisian-common-dates\/\" \/>\n<meta property=\"og:site_name\" content=\"SAFT\" \/>\n<meta property=\"article:modified_time\" content=\"2021-12-29T14:05:51+00:00\" \/>\n<meta property=\"og:image\" content=\"http:\/\/saftunisie.com\/wp-content\/uploads\/2021\/06\/alig.png\" \/>\n<meta name=\"twitter:card\" content=\"summary_large_image\" \/>\n<meta name=\"twitter:label1\" content=\"Gesch\u00e4tzte Lesezeit\" \/>\n\t<meta name=\"twitter:data1\" content=\"3\u00a0Minuten\" \/>\n<script type=\"application\/ld+json\" class=\"yoast-schema-graph\">{\"@context\":\"https:\\\/\\\/schema.org\",\"@graph\":[{\"@type\":\"WebPage\",\"@id\":\"https:\\\/\\\/saftunisie.com\\\/zh\\\/tunisian-common-dates\\\/\",\"url\":\"https:\\\/\\\/saftunisie.com\\\/zh\\\/tunisian-common-dates\\\/\",\"name\":\"Tunisian Common Dates - Tunisian Dates Deglet Nour - SAFT\",\"isPartOf\":{\"@id\":\"https:\\\/\\\/saftunisie.com\\\/#website\"},\"primaryImageOfPage\":{\"@id\":\"https:\\\/\\\/saftunisie.com\\\/zh\\\/tunisian-common-dates\\\/#primaryimage\"},\"image\":{\"@id\":\"https:\\\/\\\/saftunisie.com\\\/zh\\\/tunisian-common-dates\\\/#primaryimage\"},\"thumbnailUrl\":\"http:\\\/\\\/saftunisie.com\\\/wp-content\\\/uploads\\\/2021\\\/06\\\/alig.png\",\"datePublished\":\"2021-01-13T12:21:04+00:00\",\"dateModified\":\"2021-12-29T14:05:51+00:00\",\"description\":\"SAFT is specilized in tunisian common dates: Alig, Khouat Alig and also in Processed Dates Deglet Nour,Pitted Dates Deglet Nour, Natural Branched Dates\",\"breadcrumb\":{\"@id\":\"https:\\\/\\\/saftunisie.com\\\/zh\\\/tunisian-common-dates\\\/#breadcrumb\"},\"inLanguage\":\"de\",\"potentialAction\":[{\"@type\":\"ReadAction\",\"target\":[\"https:\\\/\\\/saftunisie.com\\\/zh\\\/tunisian-common-dates\\\/\"]}]},{\"@type\":\"ImageObject\",\"inLanguage\":\"de\",\"@id\":\"https:\\\/\\\/saftunisie.com\\\/zh\\\/tunisian-common-dates\\\/#primaryimage\",\"url\":\"http:\\\/\\\/saftunisie.com\\\/wp-content\\\/uploads\\\/2021\\\/06\\\/alig.png\",\"contentUrl\":\"http:\\\/\\\/saftunisie.com\\\/wp-content\\\/uploads\\\/2021\\\/06\\\/alig.png\"},{\"@type\":\"BreadcrumbList\",\"@id\":\"https:\\\/\\\/saftunisie.com\\\/zh\\\/tunisian-common-dates\\\/#breadcrumb\",\"itemListElement\":[{\"@type\":\"ListItem\",\"position\":1,\"name\":\"Accueil\",\"item\":\"https:\\\/\\\/saftunisie.com\\\/\"},{\"@type\":\"ListItem\",\"position\":2,\"name\":\"COMMON DATES\"}]},{\"@type\":\"WebSite\",\"@id\":\"https:\\\/\\\/saftunisie.com\\\/#website\",\"url\":\"https:\\\/\\\/saftunisie.com\\\/\",\"name\":\"SAFT\",\"description\":\"SAFT CIE S.A.R.L (Soci\u00e9t\u00e9 Agricole et froid trading) was founded in 2000 by Mr. Abdelmajid Neifer\",\"publisher\":{\"@id\":\"https:\\\/\\\/saftunisie.com\\\/#organization\"},\"potentialAction\":[{\"@type\":\"SearchAction\",\"target\":{\"@type\":\"EntryPoint\",\"urlTemplate\":\"https:\\\/\\\/saftunisie.com\\\/?s={search_term_string}\"},\"query-input\":{\"@type\":\"PropertyValueSpecification\",\"valueRequired\":true,\"valueName\":\"search_term_string\"}}],\"inLanguage\":\"de\"},{\"@type\":\"Organization\",\"@id\":\"https:\\\/\\\/saftunisie.com\\\/#organization\",\"name\":\"SAFTUNISIE\",\"url\":\"https:\\\/\\\/saftunisie.com\\\/\",\"logo\":{\"@type\":\"ImageObject\",\"inLanguage\":\"de\",\"@id\":\"https:\\\/\\\/saftunisie.com\\\/#\\\/schema\\\/logo\\\/image\\\/\",\"url\":\"https:\\\/\\\/saftunisie.com\\\/wp-content\\\/uploads\\\/2021\\\/06\\\/logo2.png\",\"contentUrl\":\"https:\\\/\\\/saftunisie.com\\\/wp-content\\\/uploads\\\/2021\\\/06\\\/logo2.png\",\"width\":123,\"height\":127,\"caption\":\"SAFTUNISIE\"},\"image\":{\"@id\":\"https:\\\/\\\/saftunisie.com\\\/#\\\/schema\\\/logo\\\/image\\\/\"}}]}<\/script>\n<!-- \/ Yoast SEO plugin. -->","yoast_head_json":{"title":"Tunisian Common Dates - Tunisian Dates Deglet Nour - SAFT","description":"SAFT is specilized in tunisian common dates: Alig, Khouat Alig and also in Processed Dates Deglet Nour,Pitted Dates Deglet Nour, Natural Branched Dates","robots":{"index":"index","follow":"follow","max-snippet":"max-snippet:-1","max-image-preview":"max-image-preview:large","max-video-preview":"max-video-preview:-1"},"canonical":"https:\/\/saftunisie.com\/de\/tunisian-common-dates\/","og_locale":"de_DE","og_type":"article","og_title":"Tunisian Common Dates - Tunisian Dates Deglet Nour - SAFT","og_description":"SAFT is specilized in tunisian common dates: Alig, Khouat Alig and also in Processed Dates Deglet Nour,Pitted Dates Deglet Nour, Natural Branched Dates","og_url":"https:\/\/saftunisie.com\/de\/tunisian-common-dates\/","og_site_name":"SAFT","article_modified_time":"2021-12-29T14:05:51+00:00","og_image":[{"url":"http:\/\/saftunisie.com\/wp-content\/uploads\/2021\/06\/alig.png","type":"","width":"","height":""}],"twitter_card":"summary_large_image","twitter_misc":{"Gesch\u00e4tzte Lesezeit":"3\u00a0Minuten"},"schema":{"@context":"https:\/\/schema.org","@graph":[{"@type":"WebPage","@id":"https:\/\/saftunisie.com\/zh\/tunisian-common-dates\/","url":"https:\/\/saftunisie.com\/zh\/tunisian-common-dates\/","name":"Tunisian Common Dates - Tunisian Dates Deglet Nour - SAFT","isPartOf":{"@id":"https:\/\/saftunisie.com\/#website"},"primaryImageOfPage":{"@id":"https:\/\/saftunisie.com\/zh\/tunisian-common-dates\/#primaryimage"},"image":{"@id":"https:\/\/saftunisie.com\/zh\/tunisian-common-dates\/#primaryimage"},"thumbnailUrl":"http:\/\/saftunisie.com\/wp-content\/uploads\/2021\/06\/alig.png","datePublished":"2021-01-13T12:21:04+00:00","dateModified":"2021-12-29T14:05:51+00:00","description":"SAFT is specilized in tunisian common dates: Alig, Khouat Alig and also in Processed Dates Deglet Nour,Pitted Dates Deglet Nour, Natural Branched Dates","breadcrumb":{"@id":"https:\/\/saftunisie.com\/zh\/tunisian-common-dates\/#breadcrumb"},"inLanguage":"de","potentialAction":[{"@type":"ReadAction","target":["https:\/\/saftunisie.com\/zh\/tunisian-common-dates\/"]}]},{"@type":"ImageObject","inLanguage":"de","@id":"https:\/\/saftunisie.com\/zh\/tunisian-common-dates\/#primaryimage","url":"http:\/\/saftunisie.com\/wp-content\/uploads\/2021\/06\/alig.png","contentUrl":"http:\/\/saftunisie.com\/wp-content\/uploads\/2021\/06\/alig.png"},{"@type":"BreadcrumbList","@id":"https:\/\/saftunisie.com\/zh\/tunisian-common-dates\/#breadcrumb","itemListElement":[{"@type":"ListItem","position":1,"name":"Accueil","item":"https:\/\/saftunisie.com\/"},{"@type":"ListItem","position":2,"name":"COMMON DATES"}]},{"@type":"WebSite","@id":"https:\/\/saftunisie.com\/#website","url":"https:\/\/saftunisie.com\/","name":"SAFT","description":"SAFT CIE SARL (Soci\u00e9t\u00e9 Agricole et froid Trading) wurde im Jahr 2000 von Herrn Abdelmajid Neifer gegr\u00fcndet","publisher":{"@id":"https:\/\/saftunisie.com\/#organization"},"potentialAction":[{"@type":"SearchAction","target":{"@type":"EntryPoint","urlTemplate":"https:\/\/saftunisie.com\/?s={search_term_string}"},"query-input":{"@type":"PropertyValueSpecification","valueRequired":true,"valueName":"search_term_string"}}],"inLanguage":"de"},{"@type":"Organization","@id":"https:\/\/saftunisie.com\/#organization","name":"SAFTUNISIE","url":"https:\/\/saftunisie.com\/","logo":{"@type":"ImageObject","inLanguage":"de","@id":"https:\/\/saftunisie.com\/#\/schema\/logo\/image\/","url":"https:\/\/saftunisie.com\/wp-content\/uploads\/2021\/06\/logo2.png","contentUrl":"https:\/\/saftunisie.com\/wp-content\/uploads\/2021\/06\/logo2.png","width":123,"height":127,"caption":"SAFTUNISIE"},"image":{"@id":"https:\/\/saftunisie.com\/#\/schema\/logo\/image\/"}}]}},"_links":{"self":[{"href":"https:\/\/saftunisie.com\/de\/wp-json\/wp\/v2\/pages\/177","targetHints":{"allow":["GET"]}}],"collection":[{"href":"https:\/\/saftunisie.com\/de\/wp-json\/wp\/v2\/pages"}],"about":[{"href":"https:\/\/saftunisie.com\/de\/wp-json\/wp\/v2\/types\/page"}],"author":[{"embeddable":true,"href":"https:\/\/saftunisie.com\/de\/wp-json\/wp\/v2\/users\/23"}],"replies":[{"embeddable":true,"href":"https:\/\/saftunisie.com\/de\/wp-json\/wp\/v2\/comments?post=177"}],"version-history":[{"count":42,"href":"https:\/\/saftunisie.com\/de\/wp-json\/wp\/v2\/pages\/177\/revisions"}],"predecessor-version":[{"id":1138,"href":"https:\/\/saftunisie.com\/de\/wp-json\/wp\/v2\/pages\/177\/revisions\/1138"}],"wp:attachment":[{"href":"https:\/\/saftunisie.com\/de\/wp-json\/wp\/v2\/media?parent=177"}],"curies":[{"name":"wp","href":"https:\/\/api.w.org\/{rel}","templated":true}]}}