{"id":181,"date":"2021-01-13T13:49:26","date_gmt":"2021-01-13T12:49:26","guid":{"rendered":"https:\/\/saft.webmedia-dev.ovh\/?page_id=181"},"modified":"2021-12-20T16:21:09","modified_gmt":"2021-12-20T15:21:09","slug":"tunisian-dates-ingredients","status":"publish","type":"page","link":"https:\/\/saftunisie.com\/de\/tunisian-dates-ingredients\/","title":{"rendered":"DATTELZUTATEN"},"content":{"rendered":"<div class=\"wpb-content-wrapper\"><div class=\"vc_row wpb_row vc_row-fluid\"><div class=\"wpb_column vc_column_container vc_col-sm-12\"><div class=\"vc_column-inner\"><div class=\"wpb_wrapper\">\n\t<div class=\"wpb_text_column wpb_content_element vc_custom_1638199581380\" >\n\t\t<div class=\"wpb_wrapper\">\n\t\t\t<p style=\"text-align: center;\"><span class=\"titre-gold\">Deglet Nour<\/span><\/p>\n\n\t\t<\/div>\n\t<\/div>\n<div class=\"vc_empty_space\"   style=\"height: 34px\"><span class=\"vc_empty_space_inner\"><\/span><\/div>\n\t<div class=\"wpb_text_column wpb_content_element\" >\n\t\t<div class=\"wpb_wrapper\">\n\t\t\t<h2 style=\"font-size: 28px; text-align: center;\">Zutaten f\u00fcr tunesische Datteln<\/h2>\n\n\t\t<\/div>\n\t<\/div>\n\n\t<div class=\"wpb_text_column wpb_content_element\" >\n\t\t<div class=\"wpb_wrapper\">\n\t\t\t<p style=\"text-align: center;\">Bei <a title=\"SAFT Tunesien\" href=\"https:\/\/saftunisie.com\/de\/\"><strong>SAFT<\/strong><\/a>, Unsere gr\u00f6\u00dfte Priorit\u00e4t ist es, unseren Kunden die ges\u00fcndesten und leckersten Produkte anzubieten. <strong>Tunesisch <a title=\"Tunesische Datteln Deglet Nour\" href=\"https:\/\/saftunisie.com\/de\/tunisian-dates-deglet-nour\/\">Daten Deglet Nour<\/a><\/strong>. Deshalb produziert Saft verschiedene Produkte, die aus den besten Rohstoffen hergestellt werden. <a title=\"Nat\u00fcrliche verzweigte Datteln\" href=\"https:\/\/saftunisie.com\/de\/tunisian-dates-deglet-nour\/#natural-branched-dates\">nat\u00fcrlich verzweigt<\/a> Tunesische Datteln. Unser Sortiment an <strong>Zutaten f\u00fcr tunesische Datteln<\/strong> besteht aus 100% <strong>Deglet Nour Dates<\/strong>. Es wird in S\u00fc\u00dfwaren, Backwaren und Getreideprodukten verwendet.<\/p>\n\n\t\t<\/div>\n\t<\/div>\n<\/div><\/div><\/div><\/div><div id=\"Chopped-dates\" class=\"vc_row wpb_row vc_row-fluid vc_row-o-content-middle vc_row-flex\"><div class=\"wpb_column vc_column_container vc_col-sm-6\"><div class=\"vc_column-inner\"><div class=\"wpb_wrapper\">\n\t<div class=\"wpb_text_column wpb_content_element title-sub\" >\n\t\t<div class=\"wpb_wrapper\">\n\t\t\t<p>ZUTATEN F\u00dcR TUNESISCHE DATTELN<\/p>\n\n\t\t<\/div>\n\t<\/div>\n\n\t<div class=\"wpb_text_column wpb_content_element titre-product\" >\n\t\t<div class=\"wpb_wrapper\">\n\t\t\t<h2>Gehackte Datteln<\/h2>\n\n\t\t<\/div>\n\t<\/div>\n\n\t<div class=\"wpb_text_column wpb_content_element\" >\n\t\t<div class=\"wpb_wrapper\">\n\t\t\t<p><a title=\"Tunesische gehackte Datteln\" href=\"https:\/\/saftunisie.com\/de\/tunisian-dates-ingredients\/#Chopped-dates\"><strong>Gehackte Datteln<\/strong><\/a> Sie werden durch Verarbeiten und Einweichen von Datteln gewonnen. Anschlie\u00dfend werden die Datteln in 5 bis 8 mm oder 8 bis 10 mm gro\u00dfe St\u00fccke geschnitten und mit Reismehl bedeckt. <strong>Gehackte Datteln<\/strong> Sie werden in vielen gesunden Rezepten verwendet, um Smoothies, Eiscreme, Muffins, M\u00fcsliriegeln, Toppings oder Kuchen eine nat\u00fcrlich s\u00fc\u00dfe Note zu verleihen. Au\u00dferdem eignen sie sich aufgrund ihrer bissfesten Konsistenz hervorragend zum Untermischen in Salate, Pilaw, Reis und Quinoa.<\/p>\n\n\t\t<\/div>\n\t<\/div>\n<\/div><\/div><\/div><div class=\"wpb_column vc_column_container vc_col-sm-6\"><div class=\"vc_column-inner\"><div class=\"wpb_wrapper\">\n\t<div class=\"wpb_text_column wpb_content_element\" >\n\t\t<div class=\"wpb_wrapper\">\n\t\t\t<p><img loading=\"lazy\" decoding=\"async\" class=\"alignnone wp-image-454 size-full\" src=\"http:\/\/saftunisie.com\/wp-content\/uploads\/2021\/06\/chopped.png\" alt=\"Tunisian Dates Ingredients - Dates Deglet Nour - Natural Branched chopped dates\" width=\"809\" height=\"719\" srcset=\"https:\/\/saftunisie.com\/wp-content\/uploads\/2021\/06\/chopped.png 809w, https:\/\/saftunisie.com\/wp-content\/uploads\/2021\/06\/chopped-600x533.png 600w, https:\/\/saftunisie.com\/wp-content\/uploads\/2021\/06\/chopped-300x267.png 300w, https:\/\/saftunisie.com\/wp-content\/uploads\/2021\/06\/chopped-768x683.png 768w\" sizes=\"auto, (max-width: 809px) 100vw, 809px\" \/><\/p>\n\n\t\t<\/div>\n\t<\/div>\n<\/div><\/div><\/div><\/div><div id=\"Diced-dates\" class=\"vc_row wpb_row vc_row-fluid vc_row-o-content-middle vc_row-flex\"><div class=\"wpb_column vc_column_container vc_col-sm-6\"><div class=\"vc_column-inner\"><div class=\"wpb_wrapper\">\n\t<div  class=\"wpb_single_image wpb_content_element vc_align_left\">\n\t\t\n\t\t<figure class=\"wpb_wrapper vc_figure\">\n\t\t\t<div class=\"vc_single_image-wrapper   vc_box_border_grey\"><img loading=\"lazy\" decoding=\"async\" width=\"765\" height=\"581\" src=\"https:\/\/saftunisie.com\/wp-content\/uploads\/2021\/06\/diced.png\" class=\"vc_single_image-img attachment-full\" alt=\"Tunisian Dates Ingredients - Dates Deglet Nour - Natural Branched chopped dates\" title=\"Gew\u00fcrfelte Datteln Deglet Nour\" srcset=\"https:\/\/saftunisie.com\/wp-content\/uploads\/2021\/06\/diced.png 765w, https:\/\/saftunisie.com\/wp-content\/uploads\/2021\/06\/diced-600x456.png 600w, https:\/\/saftunisie.com\/wp-content\/uploads\/2021\/06\/diced-300x228.png 300w\" sizes=\"auto, (max-width: 765px) 100vw, 765px\" \/><\/div>\n\t\t<\/figure>\n\t<\/div>\n<\/div><\/div><\/div><div class=\"wpb_column vc_column_container vc_col-sm-6\"><div class=\"vc_column-inner\"><div class=\"wpb_wrapper\">\n\t<div class=\"wpb_text_column wpb_content_element title-sub\" >\n\t\t<div class=\"wpb_wrapper\">\n\t\t\t<p>ZUTATEN F\u00dcR TUNESISCHE DATTELN<\/p>\n\n\t\t<\/div>\n\t<\/div>\n\n\t<div class=\"wpb_text_column wpb_content_element titre-product\" >\n\t\t<div class=\"wpb_wrapper\">\n\t\t\t<h2>Gew\u00fcrfelte Datteln<\/h2>\n\n\t\t<\/div>\n\t<\/div>\n\n\t<div class=\"wpb_text_column wpb_content_element\" >\n\t\t<div class=\"wpb_wrapper\">\n\t\t\t<p>Es wird daf\u00fcr gelobt, dass es ein wunderbares Geschmackserlebnis bietet und einen einzigartigen s\u00fc\u00dfen Geschmack mit einer gummiartigen Konsistenz kombiniert., <a title=\"Gew\u00fcrfelte Datteln\" href=\"https:\/\/saftunisie.com\/de\/tunisian-dates-ingredients\/#Diced-dates\"><strong>gew\u00fcrfelte Datteln<\/strong> <\/a>Passt gut in Rezepte f\u00fcr Muffins sowie in Proteinriegel.<\/p>\n<div class=\"detail_order\">\n<div class=\"de_order_block\"><\/div>\n<\/div>\n\n\t\t<\/div>\n\t<\/div>\n<\/div><\/div><\/div><\/div><div id=\"date-paste\" class=\"vc_row wpb_row vc_row-fluid vc_row-o-content-middle vc_row-flex\"><div class=\"wpb_column vc_column_container vc_col-sm-6\"><div class=\"vc_column-inner\"><div class=\"wpb_wrapper\">\n\t<div class=\"wpb_text_column wpb_content_element title-sub\" >\n\t\t<div class=\"wpb_wrapper\">\n\t\t\t<p>ZUTATEN F\u00dcR TUNESISCHE DATTELN<\/p>\n\n\t\t<\/div>\n\t<\/div>\n\n\t<div class=\"wpb_text_column wpb_content_element titre-product\" >\n\t\t<div class=\"wpb_wrapper\">\n\t\t\t<h2>Datum einf\u00fcgen<\/h2>\n\n\t\t<\/div>\n\t<\/div>\n\n\t<div class=\"wpb_text_column wpb_content_element\" >\n\t\t<div class=\"wpb_wrapper\">\n\t\t\t<p><a title=\"Tunesische Dattelpaste\" href=\"https:\/\/saftunisie.com\/de\/tunisian-dates-ingredients\/#date-paste\"><strong>Dattelpaste<\/strong><\/a> Dattelpaste ist ein nat\u00fcrliches S\u00fc\u00dfungsmittel und eine hervorragende Alternative zu Zucker in vielen Rezepten. Indem Sie Dattelpaste anstelle von Zucker verwenden, machen Sie Ihre Gerichte ges\u00fcnder, schmackhafter und verleihen ihnen einen unverwechselbaren Geschmack. <strong>Dattelpaste<\/strong> oder bekannt als <strong>Mazeriertes Dattel<\/strong>\u00a0kann sowohl als Fertigprodukt als auch als Lebensmittel konsumiert werden. <strong>Bestandteil<\/strong> in Rezepten f\u00fcr Kekse, Kuchen, Pl\u00e4tzchen und vieles mehr.<\/p>\n\n\t\t<\/div>\n\t<\/div>\n<\/div><\/div><\/div><div class=\"wpb_column vc_column_container vc_col-sm-6\"><div class=\"vc_column-inner\"><div class=\"wpb_wrapper\">\n\t<div  class=\"wpb_single_image wpb_content_element vc_align_left\">\n\t\t\n\t\t<figure class=\"wpb_wrapper vc_figure\">\n\t\t\t<div class=\"vc_single_image-wrapper   vc_box_border_grey\"><img loading=\"lazy\" decoding=\"async\" width=\"809\" height=\"719\" src=\"https:\/\/saftunisie.com\/wp-content\/uploads\/2021\/06\/paste.png\" class=\"vc_single_image-img attachment-full\" alt=\"Tunisian Dates Ingredients - Dates Deglet Nour - Natural Branched chopped dates\" title=\"Datum einf\u00fcgen\" srcset=\"https:\/\/saftunisie.com\/wp-content\/uploads\/2021\/06\/paste.png 809w, https:\/\/saftunisie.com\/wp-content\/uploads\/2021\/06\/paste-600x533.png 600w, https:\/\/saftunisie.com\/wp-content\/uploads\/2021\/06\/paste-300x267.png 300w, https:\/\/saftunisie.com\/wp-content\/uploads\/2021\/06\/paste-768x683.png 768w\" sizes=\"auto, (max-width: 809px) 100vw, 809px\" \/><\/div>\n\t\t<\/figure>\n\t<\/div>\n<\/div><\/div><\/div><\/div><div id=\"date-pouder\" class=\"vc_row wpb_row vc_row-fluid vc_row-o-content-middle vc_row-flex\"><div class=\"wpb_column vc_column_container vc_col-sm-6\"><div class=\"vc_column-inner\"><div class=\"wpb_wrapper\">\n\t<div  class=\"wpb_single_image wpb_content_element vc_align_left\">\n\t\t\n\t\t<figure class=\"wpb_wrapper vc_figure\">\n\t\t\t<div class=\"vc_single_image-wrapper   vc_box_border_grey\"><img loading=\"lazy\" decoding=\"async\" width=\"765\" height=\"581\" src=\"https:\/\/saftunisie.com\/wp-content\/uploads\/2021\/07\/DATE-POUDER.jpg\" class=\"vc_single_image-img attachment-full\" alt=\"Tunisian Dates Ingredients - Dates Deglet Nour - Natural Branched chopped dates\" title=\"Dattelpulver\" srcset=\"https:\/\/saftunisie.com\/wp-content\/uploads\/2021\/07\/DATE-POUDER.jpg 765w, https:\/\/saftunisie.com\/wp-content\/uploads\/2021\/07\/DATE-POUDER-600x456.jpg 600w, https:\/\/saftunisie.com\/wp-content\/uploads\/2021\/07\/DATE-POUDER-300x228.jpg 300w\" sizes=\"auto, (max-width: 765px) 100vw, 765px\" \/><\/div>\n\t\t<\/figure>\n\t<\/div>\n<\/div><\/div><\/div><div class=\"wpb_column vc_column_container vc_col-sm-6\"><div class=\"vc_column-inner\"><div class=\"wpb_wrapper\">\n\t<div class=\"wpb_text_column wpb_content_element title-sub\" >\n\t\t<div class=\"wpb_wrapper\">\n\t\t\t<p>ZUTATEN F\u00dcR TUNESISCHE DATTELN<\/p>\n\n\t\t<\/div>\n\t<\/div>\n\n\t<div class=\"wpb_text_column wpb_content_element titre-product\" >\n\t\t<div class=\"wpb_wrapper\">\n\t\t\t<h2>Dattelpulver<\/h2>\n\n\t\t<\/div>\n\t<\/div>\n\n\t<div class=\"wpb_text_column wpb_content_element\" >\n\t\t<div class=\"wpb_wrapper\">\n\t\t\t<p><a title=\"Tunesisches Dattelpulver\" href=\"https:\/\/saftunisie.com\/de\/tunisian-dates-ingredients\/#date-pouder\"><strong>Dattelpulver<\/strong><\/a> ist ein S\u00fc\u00dfungsmittel, das aus 100% Bio-Datteln hergestellt wird, die sortiert, entsteint, getrocknet und gesiebt wurden, um eine feine Pulverkonsistenz zu erzielen.<\/p>\n<p>Im Gegensatz zu normalem Zucker, <strong>Dattelpulver<\/strong> Enth\u00e4lt mehr N\u00e4hrstoffe und kann daher als nat\u00fcrlicher Ersatz f\u00fcr Zucker in Desserts verwendet werden: in Fr\u00fcchten, Salaten, Milchshakes, Smoothies, Mischungen, Geb\u00e4ck, Fruchts\u00e4ften, \u00fcber Joghurt, Haferflocken und mehr.<\/p>\n<p>Im Vergleich zur Lebensmittelindustrie, <strong>Dattelpulver<\/strong> ist ein sehr gesunder Inhaltsstoff f\u00fcr S\u00fc\u00dfwaren wie Schokolade, Proteinriegel, Backwaren, alkoholische Getr\u00e4nke, Babynahrung, Milchprodukte und Eiscreme.<\/p>\n<p>Diese Art von <strong>Pulver<\/strong> Es wird konserviert und ist daher ein au\u00dfergew\u00f6hnliches S\u00fc\u00dfungsmittel. Zudem ist es reich an Kalium, Magnesium und Kupfer und eine hervorragende Quelle f\u00fcr Eisen, Kalzium, Phosphor, Niacin und Pyridoxin. Dar\u00fcber hinaus ist es sehr gesund, da es reich an Fruktose, Dextrose, Saccharose und Maltose ist.<\/p>\n\n\t\t<\/div>\n\t<\/div>\n<\/div><\/div><\/div><\/div>\n<\/div>","protected":false},"excerpt":{"rendered":"Deglet Nour Tunisian Dates Ingredients At SAFT, our biggest priority is to provide our customers with the healthiest and the","protected":false},"author":23,"featured_media":0,"parent":0,"menu_order":0,"comment_status":"closed","ping_status":"closed","template":"","meta":{"footnotes":""},"class_list":["post-181","page","type-page","status-publish","hentry"],"yoast_head":"<!-- This site is optimized with the Yoast SEO plugin v27.4 - https:\/\/yoast.com\/product\/yoast-seo-wordpress\/ -->\n<title>Tunisian Dates Ingredients - Tunisian Dates Deglet Nour SAFT<\/title>\n<meta name=\"description\" content=\"SAFT Tunisian Dates ingredients made of 100% best quality Deglet Nour Dates,Processed Dates,Pitted Dates Deglet Nour, Natural Branched deglet nour Dates\" \/>\n<meta name=\"robots\" content=\"index, follow, max-snippet:-1, max-image-preview:large, max-video-preview:-1\" \/>\n<link rel=\"canonical\" href=\"https:\/\/saftunisie.com\/de\/tunisian-dates-ingredients\/\" \/>\n<meta property=\"og:locale\" content=\"de_DE\" \/>\n<meta property=\"og:type\" content=\"article\" \/>\n<meta property=\"og:title\" content=\"Tunisian Dates Ingredients - Tunisian Dates Deglet Nour SAFT\" \/>\n<meta property=\"og:description\" content=\"SAFT Tunisian Dates ingredients made of 100% best quality Deglet Nour Dates,Processed Dates,Pitted Dates Deglet Nour, Natural Branched deglet nour Dates\" \/>\n<meta property=\"og:url\" content=\"https:\/\/saftunisie.com\/de\/tunisian-dates-ingredients\/\" \/>\n<meta property=\"og:site_name\" content=\"SAFT\" \/>\n<meta property=\"article:modified_time\" content=\"2021-12-20T15:21:09+00:00\" \/>\n<meta property=\"og:image\" content=\"http:\/\/saftunisie.com\/wp-content\/uploads\/2021\/06\/chopped.png\" \/>\n<meta name=\"twitter:card\" content=\"summary_large_image\" \/>\n<meta name=\"twitter:label1\" content=\"Gesch\u00e4tzte Lesezeit\" \/>\n\t<meta name=\"twitter:data1\" content=\"4\u00a0Minuten\" \/>\n<script type=\"application\/ld+json\" class=\"yoast-schema-graph\">{\"@context\":\"https:\\\/\\\/schema.org\",\"@graph\":[{\"@type\":\"WebPage\",\"@id\":\"https:\\\/\\\/saftunisie.com\\\/tunisian-dates-ingredients\\\/\",\"url\":\"https:\\\/\\\/saftunisie.com\\\/tunisian-dates-ingredients\\\/\",\"name\":\"Tunisian Dates Ingredients - Tunisian Dates Deglet Nour SAFT\",\"isPartOf\":{\"@id\":\"https:\\\/\\\/saftunisie.com\\\/#website\"},\"primaryImageOfPage\":{\"@id\":\"https:\\\/\\\/saftunisie.com\\\/tunisian-dates-ingredients\\\/#primaryimage\"},\"image\":{\"@id\":\"https:\\\/\\\/saftunisie.com\\\/tunisian-dates-ingredients\\\/#primaryimage\"},\"thumbnailUrl\":\"http:\\\/\\\/saftunisie.com\\\/wp-content\\\/uploads\\\/2021\\\/06\\\/chopped.png\",\"datePublished\":\"2021-01-13T12:49:26+00:00\",\"dateModified\":\"2021-12-20T15:21:09+00:00\",\"description\":\"SAFT Tunisian Dates ingredients made of 100% best quality Deglet Nour Dates,Processed Dates,Pitted Dates Deglet Nour, Natural Branched deglet nour Dates\",\"breadcrumb\":{\"@id\":\"https:\\\/\\\/saftunisie.com\\\/tunisian-dates-ingredients\\\/#breadcrumb\"},\"inLanguage\":\"de\",\"potentialAction\":[{\"@type\":\"ReadAction\",\"target\":[\"https:\\\/\\\/saftunisie.com\\\/tunisian-dates-ingredients\\\/\"]}]},{\"@type\":\"ImageObject\",\"inLanguage\":\"de\",\"@id\":\"https:\\\/\\\/saftunisie.com\\\/tunisian-dates-ingredients\\\/#primaryimage\",\"url\":\"http:\\\/\\\/saftunisie.com\\\/wp-content\\\/uploads\\\/2021\\\/06\\\/chopped.png\",\"contentUrl\":\"http:\\\/\\\/saftunisie.com\\\/wp-content\\\/uploads\\\/2021\\\/06\\\/chopped.png\"},{\"@type\":\"BreadcrumbList\",\"@id\":\"https:\\\/\\\/saftunisie.com\\\/tunisian-dates-ingredients\\\/#breadcrumb\",\"itemListElement\":[{\"@type\":\"ListItem\",\"position\":1,\"name\":\"Accueil\",\"item\":\"https:\\\/\\\/saftunisie.com\\\/\"},{\"@type\":\"ListItem\",\"position\":2,\"name\":\"DATES INGREDIENTS\"}]},{\"@type\":\"WebSite\",\"@id\":\"https:\\\/\\\/saftunisie.com\\\/#website\",\"url\":\"https:\\\/\\\/saftunisie.com\\\/\",\"name\":\"SAFT\",\"description\":\"SAFT CIE S.A.R.L (Soci\u00e9t\u00e9 Agricole et froid trading) was founded in 2000 by Mr. Abdelmajid Neifer\",\"publisher\":{\"@id\":\"https:\\\/\\\/saftunisie.com\\\/#organization\"},\"potentialAction\":[{\"@type\":\"SearchAction\",\"target\":{\"@type\":\"EntryPoint\",\"urlTemplate\":\"https:\\\/\\\/saftunisie.com\\\/?s={search_term_string}\"},\"query-input\":{\"@type\":\"PropertyValueSpecification\",\"valueRequired\":true,\"valueName\":\"search_term_string\"}}],\"inLanguage\":\"de\"},{\"@type\":\"Organization\",\"@id\":\"https:\\\/\\\/saftunisie.com\\\/#organization\",\"name\":\"SAFTUNISIE\",\"url\":\"https:\\\/\\\/saftunisie.com\\\/\",\"logo\":{\"@type\":\"ImageObject\",\"inLanguage\":\"de\",\"@id\":\"https:\\\/\\\/saftunisie.com\\\/#\\\/schema\\\/logo\\\/image\\\/\",\"url\":\"https:\\\/\\\/saftunisie.com\\\/wp-content\\\/uploads\\\/2021\\\/06\\\/logo2.png\",\"contentUrl\":\"https:\\\/\\\/saftunisie.com\\\/wp-content\\\/uploads\\\/2021\\\/06\\\/logo2.png\",\"width\":123,\"height\":127,\"caption\":\"SAFTUNISIE\"},\"image\":{\"@id\":\"https:\\\/\\\/saftunisie.com\\\/#\\\/schema\\\/logo\\\/image\\\/\"}}]}<\/script>\n<!-- \/ Yoast SEO plugin. -->","yoast_head_json":{"title":"Tunisian Dates Ingredients - Tunisian Dates Deglet Nour SAFT","description":"SAFT Tunisian Dates ingredients made of 100% best quality Deglet Nour Dates,Processed Dates,Pitted Dates Deglet Nour, Natural Branched deglet nour Dates","robots":{"index":"index","follow":"follow","max-snippet":"max-snippet:-1","max-image-preview":"max-image-preview:large","max-video-preview":"max-video-preview:-1"},"canonical":"https:\/\/saftunisie.com\/de\/tunisian-dates-ingredients\/","og_locale":"de_DE","og_type":"article","og_title":"Tunisian Dates Ingredients - Tunisian Dates Deglet Nour SAFT","og_description":"SAFT Tunisian Dates ingredients made of 100% best quality Deglet Nour Dates,Processed Dates,Pitted Dates Deglet Nour, Natural Branched deglet nour Dates","og_url":"https:\/\/saftunisie.com\/de\/tunisian-dates-ingredients\/","og_site_name":"SAFT","article_modified_time":"2021-12-20T15:21:09+00:00","og_image":[{"url":"http:\/\/saftunisie.com\/wp-content\/uploads\/2021\/06\/chopped.png","type":"","width":"","height":""}],"twitter_card":"summary_large_image","twitter_misc":{"Gesch\u00e4tzte Lesezeit":"4\u00a0Minuten"},"schema":{"@context":"https:\/\/schema.org","@graph":[{"@type":"WebPage","@id":"https:\/\/saftunisie.com\/tunisian-dates-ingredients\/","url":"https:\/\/saftunisie.com\/tunisian-dates-ingredients\/","name":"Tunisian Dates Ingredients - Tunisian Dates Deglet Nour SAFT","isPartOf":{"@id":"https:\/\/saftunisie.com\/#website"},"primaryImageOfPage":{"@id":"https:\/\/saftunisie.com\/tunisian-dates-ingredients\/#primaryimage"},"image":{"@id":"https:\/\/saftunisie.com\/tunisian-dates-ingredients\/#primaryimage"},"thumbnailUrl":"http:\/\/saftunisie.com\/wp-content\/uploads\/2021\/06\/chopped.png","datePublished":"2021-01-13T12:49:26+00:00","dateModified":"2021-12-20T15:21:09+00:00","description":"SAFT Tunisian Dates ingredients made of 100% best quality Deglet Nour Dates,Processed Dates,Pitted Dates Deglet Nour, Natural Branched deglet nour Dates","breadcrumb":{"@id":"https:\/\/saftunisie.com\/tunisian-dates-ingredients\/#breadcrumb"},"inLanguage":"de","potentialAction":[{"@type":"ReadAction","target":["https:\/\/saftunisie.com\/tunisian-dates-ingredients\/"]}]},{"@type":"ImageObject","inLanguage":"de","@id":"https:\/\/saftunisie.com\/tunisian-dates-ingredients\/#primaryimage","url":"http:\/\/saftunisie.com\/wp-content\/uploads\/2021\/06\/chopped.png","contentUrl":"http:\/\/saftunisie.com\/wp-content\/uploads\/2021\/06\/chopped.png"},{"@type":"BreadcrumbList","@id":"https:\/\/saftunisie.com\/tunisian-dates-ingredients\/#breadcrumb","itemListElement":[{"@type":"ListItem","position":1,"name":"Accueil","item":"https:\/\/saftunisie.com\/"},{"@type":"ListItem","position":2,"name":"DATES INGREDIENTS"}]},{"@type":"WebSite","@id":"https:\/\/saftunisie.com\/#website","url":"https:\/\/saftunisie.com\/","name":"SAFT","description":"SAFT CIE SARL (Soci\u00e9t\u00e9 Agricole et froid Trading) wurde im Jahr 2000 von Herrn Abdelmajid Neifer gegr\u00fcndet","publisher":{"@id":"https:\/\/saftunisie.com\/#organization"},"potentialAction":[{"@type":"SearchAction","target":{"@type":"EntryPoint","urlTemplate":"https:\/\/saftunisie.com\/?s={search_term_string}"},"query-input":{"@type":"PropertyValueSpecification","valueRequired":true,"valueName":"search_term_string"}}],"inLanguage":"de"},{"@type":"Organization","@id":"https:\/\/saftunisie.com\/#organization","name":"SAFTUNISIE","url":"https:\/\/saftunisie.com\/","logo":{"@type":"ImageObject","inLanguage":"de","@id":"https:\/\/saftunisie.com\/#\/schema\/logo\/image\/","url":"https:\/\/saftunisie.com\/wp-content\/uploads\/2021\/06\/logo2.png","contentUrl":"https:\/\/saftunisie.com\/wp-content\/uploads\/2021\/06\/logo2.png","width":123,"height":127,"caption":"SAFTUNISIE"},"image":{"@id":"https:\/\/saftunisie.com\/#\/schema\/logo\/image\/"}}]}},"_links":{"self":[{"href":"https:\/\/saftunisie.com\/de\/wp-json\/wp\/v2\/pages\/181","targetHints":{"allow":["GET"]}}],"collection":[{"href":"https:\/\/saftunisie.com\/de\/wp-json\/wp\/v2\/pages"}],"about":[{"href":"https:\/\/saftunisie.com\/de\/wp-json\/wp\/v2\/types\/page"}],"author":[{"embeddable":true,"href":"https:\/\/saftunisie.com\/de\/wp-json\/wp\/v2\/users\/23"}],"replies":[{"embeddable":true,"href":"https:\/\/saftunisie.com\/de\/wp-json\/wp\/v2\/comments?post=181"}],"version-history":[{"count":26,"href":"https:\/\/saftunisie.com\/de\/wp-json\/wp\/v2\/pages\/181\/revisions"}],"predecessor-version":[{"id":875,"href":"https:\/\/saftunisie.com\/de\/wp-json\/wp\/v2\/pages\/181\/revisions\/875"}],"wp:attachment":[{"href":"https:\/\/saftunisie.com\/de\/wp-json\/wp\/v2\/media?parent=181"}],"curies":[{"name":"wp","href":"https:\/\/api.w.org\/{rel}","templated":true}]}}