{"id":213,"date":"2021-03-23T11:22:30","date_gmt":"2021-03-23T10:22:30","guid":{"rendered":"https:\/\/saft.webmedia-dev.ovh\/?page_id=213"},"modified":"2024-09-24T13:44:29","modified_gmt":"2024-09-24T11:44:29","slug":"deglet-nour-tunisian-dates-certifications","status":"publish","type":"page","link":"https:\/\/saftunisie.com\/de\/deglet-nour-tunisian-dates-certifications\/","title":{"rendered":"Unsere Zertifizierungen"},"content":{"rendered":"<div class=\"wpb-content-wrapper\"><div class=\"vc_row wpb_row vc_row-fluid vc_custom_1616495894667 vc_row-o-content-middle vc_row-flex\"><div class=\"wpb_column vc_column_container vc_col-sm-2\"><div class=\"vc_column-inner\"><div class=\"wpb_wrapper\"><\/div><\/div><\/div><div class=\"wpb_column vc_column_container vc_col-sm-8\"><div class=\"vc_column-inner\"><div class=\"wpb_wrapper\">\n\t<div class=\"wpb_text_column wpb_content_element vc_custom_1616509710979\" >\n\t\t<div class=\"wpb_wrapper\">\n\t\t\t<p style=\"text-align: center;\"><span class=\"titre-gold\">Unser <\/span><\/p>\n\n\t\t<\/div>\n\t<\/div>\n\n\t<div class=\"wpb_text_column wpb_content_element vc_custom_1630324704497\" >\n\t\t<div class=\"wpb_wrapper\">\n\t\t\t<h2 style=\"text-align: center;\"><span class=\"titre-black\">Zertifizierungen<\/span><\/h2>\n\n\t\t<\/div>\n\t<\/div>\n\n\t<div class=\"wpb_text_column wpb_content_element justifier\" >\n\t\t<div class=\"wpb_wrapper\">\n\t\t\t<h2>Deglet Nour Tunesische Datteln<\/h2>\n<p><strong><a title=\"SAFT Tunesien\" href=\"https:\/\/saftunisie.com\/de\/tunisian-dates-deglet-nour\/\">SAFT<\/a><\/strong>\u00a0employs highly experienced and qualified <a title=\"Unsere Fabrik\" href=\"https:\/\/saftunisie.com\/de\/factory-dates-deglet-nour\/\">workforce<\/a>, applying strict work procedures, quality assurance and quality control. <strong>SAFT Deglet <a title=\"Deglet Nour Tunesische Datteln\" href=\"https:\/\/saftunisie.com\/de\/tunisian-dates-deglet-nour\/\">Nour Tunisian Dates<\/a><\/strong>\u00a0are certified by several international organizations in this field such as<strong> Brc and Ifs<\/strong>.\u00a0 <strong>SAFT Dates Certifications<\/strong> guarantee that our <a title=\"Deglet Nour Products\" href=\"https:\/\/saftunisie.com\/de\/tunisian-dates-ingredients\/\">Produkte<\/a> are genuinely of high quality and produced with effective preventive key controls over the different processes. <strong>SAFT <a title=\"Natural Branched Tunisian Dates Deglet Nour\" href=\"https:\/\/saftunisie.com\/de\/tunisian-dates-deglet-nour\/#natural-branched-dates\">Deglet Nour Tunesische Datteln<\/a><\/strong> Certifications are a solid proof that ensures our products safety.<\/p>\n\n\t\t<\/div>\n\t<\/div>\n\n\t<div class=\"wpb_text_column wpb_content_element justifier\" >\n\t\t<div class=\"wpb_wrapper\">\n\t\t\t<h2>Our HACCP<\/h2>\n<p><strong>Our HACCP<\/strong> certification instantly demonstrates to our customers our commitment to producing and trading in safe food and eliminating food manner hazards in our products through production and our packing house, we control the packing process and hygiene.<\/p>\n<p><strong><a title=\"HACCP\" href=\"https:\/\/haccp-international.com\/\">HACCP<\/a> (Hazard Analysis and Critical Control Points)<\/strong> is a systematic preventive approach to food safety from biological, chemical, and physical hazards i to reduce these risks to a safe level.<\/p>\n\n\t\t<\/div>\n\t<\/div>\n<\/div><\/div><\/div><div class=\"wpb_column vc_column_container vc_col-sm-2\"><div class=\"vc_column-inner\"><div class=\"wpb_wrapper\"><\/div><\/div><\/div><\/div><div class=\"vc_row wpb_row vc_row-fluid vc_custom_1616495595371\"><div class=\"wpb_column vc_column_container vc_col-sm-6\"><div class=\"vc_column-inner\"><div class=\"wpb_wrapper\">\n\t<div  class=\"wpb_single_image wpb_content_element vc_align_left\">\n\t\t\n\t\t<figure class=\"wpb_wrapper vc_figure\">\n\t\t\t<div class=\"vc_single_image-wrapper   vc_box_border_grey\"><img loading=\"lazy\" decoding=\"async\" width=\"632\" height=\"893\" src=\"https:\/\/saftunisie.com\/wp-content\/uploads\/2023\/10\/certificat2.png\" class=\"vc_single_image-img attachment-full\" alt=\"\" title=\"Zertifikat2\" srcset=\"https:\/\/saftunisie.com\/wp-content\/uploads\/2023\/10\/certificat2.png 632w, https:\/\/saftunisie.com\/wp-content\/uploads\/2023\/10\/certificat2-212x300.png 212w\" sizes=\"auto, (max-width: 632px) 100vw, 632px\" \/><\/div>\n\t\t<\/figure>\n\t<\/div>\n<\/div><\/div><\/div><div class=\"wpb_column vc_column_container vc_col-sm-6\"><div class=\"vc_column-inner\"><div class=\"wpb_wrapper\">\n\t<div  class=\"wpb_single_image wpb_content_element vc_align_left\">\n\t\t\n\t\t<figure class=\"wpb_wrapper vc_figure\">\n\t\t\t<div class=\"vc_single_image-wrapper   vc_box_border_grey\"><img loading=\"lazy\" decoding=\"async\" width=\"633\" height=\"894\" src=\"https:\/\/saftunisie.com\/wp-content\/uploads\/2023\/10\/certificat.png\" class=\"vc_single_image-img attachment-full\" alt=\"\" title=\"Zertifikat\" srcset=\"https:\/\/saftunisie.com\/wp-content\/uploads\/2023\/10\/certificat.png 633w, https:\/\/saftunisie.com\/wp-content\/uploads\/2023\/10\/certificat-212x300.png 212w\" sizes=\"auto, (max-width: 633px) 100vw, 633px\" \/><\/div>\n\t\t<\/figure>\n\t<\/div>\n<\/div><\/div><\/div><\/div>\n<\/div>","protected":false},"excerpt":{"rendered":"Our Certifications Deglet Nour Tunisian Dates SAFT\u00a0employs highly experienced and qualified workforce, applying strict work procedures, quality assurance and quality","protected":false},"author":23,"featured_media":0,"parent":0,"menu_order":0,"comment_status":"closed","ping_status":"closed","template":"","meta":{"footnotes":""},"class_list":["post-213","page","type-page","status-publish","hentry"],"yoast_head":"<!-- This site is optimized with the Yoast SEO plugin v27.4 - https:\/\/yoast.com\/product\/yoast-seo-wordpress\/ -->\n<title>Deglet Nour Tunisian Dates Certifications | SAFT Tunisian Dates<\/title>\n<meta name=\"description\" content=\"SAFT Tunisian Dates products: Processed Dates Deglet Nour,Pitted Dates, Natural Branched, Tunisian Dates Ingridients are certified by international org...\" \/>\n<meta name=\"robots\" content=\"index, follow, max-snippet:-1, max-image-preview:large, max-video-preview:-1\" \/>\n<link rel=\"canonical\" href=\"https:\/\/saftunisie.com\/de\/deglet-nour-tunisian-dates-certifications\/\" \/>\n<meta property=\"og:locale\" content=\"de_DE\" \/>\n<meta property=\"og:type\" content=\"article\" \/>\n<meta property=\"og:title\" content=\"Deglet Nour Tunisian Dates Certifications | SAFT Tunisian Dates\" \/>\n<meta property=\"og:description\" content=\"SAFT Tunisian Dates products: Processed Dates Deglet Nour,Pitted Dates, Natural Branched, Tunisian Dates Ingridients are certified by international org...\" \/>\n<meta property=\"og:url\" content=\"https:\/\/saftunisie.com\/de\/deglet-nour-tunisian-dates-certifications\/\" \/>\n<meta property=\"og:site_name\" content=\"SAFT\" \/>\n<meta property=\"article:modified_time\" content=\"2024-09-24T11:44:29+00:00\" \/>\n<meta name=\"twitter:card\" content=\"summary_large_image\" \/>\n<meta name=\"twitter:label1\" content=\"Gesch\u00e4tzte Lesezeit\" \/>\n\t<meta name=\"twitter:data1\" content=\"2\u00a0Minuten\" \/>\n<script type=\"application\/ld+json\" class=\"yoast-schema-graph\">{\"@context\":\"https:\\\/\\\/schema.org\",\"@graph\":[{\"@type\":\"WebPage\",\"@id\":\"https:\\\/\\\/saftunisie.com\\\/deglet-nour-tunisian-dates-certifications\\\/\",\"url\":\"https:\\\/\\\/saftunisie.com\\\/deglet-nour-tunisian-dates-certifications\\\/\",\"name\":\"Deglet Nour Tunisian Dates Certifications | SAFT Tunisian Dates\",\"isPartOf\":{\"@id\":\"https:\\\/\\\/saftunisie.com\\\/#website\"},\"datePublished\":\"2021-03-23T10:22:30+00:00\",\"dateModified\":\"2024-09-24T11:44:29+00:00\",\"description\":\"SAFT Tunisian Dates products: Processed Dates Deglet Nour,Pitted Dates, Natural Branched, Tunisian Dates Ingridients are certified by international org...\",\"breadcrumb\":{\"@id\":\"https:\\\/\\\/saftunisie.com\\\/deglet-nour-tunisian-dates-certifications\\\/#breadcrumb\"},\"inLanguage\":\"de\",\"potentialAction\":[{\"@type\":\"ReadAction\",\"target\":[\"https:\\\/\\\/saftunisie.com\\\/deglet-nour-tunisian-dates-certifications\\\/\"]}]},{\"@type\":\"BreadcrumbList\",\"@id\":\"https:\\\/\\\/saftunisie.com\\\/deglet-nour-tunisian-dates-certifications\\\/#breadcrumb\",\"itemListElement\":[{\"@type\":\"ListItem\",\"position\":1,\"name\":\"Accueil\",\"item\":\"https:\\\/\\\/saftunisie.com\\\/\"},{\"@type\":\"ListItem\",\"position\":2,\"name\":\"Our Certifications\"}]},{\"@type\":\"WebSite\",\"@id\":\"https:\\\/\\\/saftunisie.com\\\/#website\",\"url\":\"https:\\\/\\\/saftunisie.com\\\/\",\"name\":\"SAFT\",\"description\":\"SAFT CIE S.A.R.L (Soci\u00e9t\u00e9 Agricole et froid trading) was founded in 2000 by Mr. Abdelmajid Neifer\",\"publisher\":{\"@id\":\"https:\\\/\\\/saftunisie.com\\\/#organization\"},\"potentialAction\":[{\"@type\":\"SearchAction\",\"target\":{\"@type\":\"EntryPoint\",\"urlTemplate\":\"https:\\\/\\\/saftunisie.com\\\/?s={search_term_string}\"},\"query-input\":{\"@type\":\"PropertyValueSpecification\",\"valueRequired\":true,\"valueName\":\"search_term_string\"}}],\"inLanguage\":\"de\"},{\"@type\":\"Organization\",\"@id\":\"https:\\\/\\\/saftunisie.com\\\/#organization\",\"name\":\"SAFTUNISIE\",\"url\":\"https:\\\/\\\/saftunisie.com\\\/\",\"logo\":{\"@type\":\"ImageObject\",\"inLanguage\":\"de\",\"@id\":\"https:\\\/\\\/saftunisie.com\\\/#\\\/schema\\\/logo\\\/image\\\/\",\"url\":\"https:\\\/\\\/saftunisie.com\\\/wp-content\\\/uploads\\\/2021\\\/06\\\/logo2.png\",\"contentUrl\":\"https:\\\/\\\/saftunisie.com\\\/wp-content\\\/uploads\\\/2021\\\/06\\\/logo2.png\",\"width\":123,\"height\":127,\"caption\":\"SAFTUNISIE\"},\"image\":{\"@id\":\"https:\\\/\\\/saftunisie.com\\\/#\\\/schema\\\/logo\\\/image\\\/\"}}]}<\/script>\n<!-- \/ Yoast SEO plugin. -->","yoast_head_json":{"title":"Deglet Nour Tunisian Dates Certifications | SAFT Tunisian Dates","description":"SAFT Tunisian Dates products: Processed Dates Deglet Nour,Pitted Dates, Natural Branched, Tunisian Dates Ingridients are certified by international org...","robots":{"index":"index","follow":"follow","max-snippet":"max-snippet:-1","max-image-preview":"max-image-preview:large","max-video-preview":"max-video-preview:-1"},"canonical":"https:\/\/saftunisie.com\/de\/deglet-nour-tunisian-dates-certifications\/","og_locale":"de_DE","og_type":"article","og_title":"Deglet Nour Tunisian Dates Certifications | SAFT Tunisian Dates","og_description":"SAFT Tunisian Dates products: Processed Dates Deglet Nour,Pitted Dates, Natural Branched, Tunisian Dates Ingridients are certified by international org...","og_url":"https:\/\/saftunisie.com\/de\/deglet-nour-tunisian-dates-certifications\/","og_site_name":"SAFT","article_modified_time":"2024-09-24T11:44:29+00:00","twitter_card":"summary_large_image","twitter_misc":{"Gesch\u00e4tzte Lesezeit":"2\u00a0Minuten"},"schema":{"@context":"https:\/\/schema.org","@graph":[{"@type":"WebPage","@id":"https:\/\/saftunisie.com\/deglet-nour-tunisian-dates-certifications\/","url":"https:\/\/saftunisie.com\/deglet-nour-tunisian-dates-certifications\/","name":"Deglet Nour Tunisian Dates Certifications | SAFT Tunisian Dates","isPartOf":{"@id":"https:\/\/saftunisie.com\/#website"},"datePublished":"2021-03-23T10:22:30+00:00","dateModified":"2024-09-24T11:44:29+00:00","description":"SAFT Tunisian Dates products: Processed Dates Deglet Nour,Pitted Dates, Natural Branched, Tunisian Dates Ingridients are certified by international org...","breadcrumb":{"@id":"https:\/\/saftunisie.com\/deglet-nour-tunisian-dates-certifications\/#breadcrumb"},"inLanguage":"de","potentialAction":[{"@type":"ReadAction","target":["https:\/\/saftunisie.com\/deglet-nour-tunisian-dates-certifications\/"]}]},{"@type":"BreadcrumbList","@id":"https:\/\/saftunisie.com\/deglet-nour-tunisian-dates-certifications\/#breadcrumb","itemListElement":[{"@type":"ListItem","position":1,"name":"Accueil","item":"https:\/\/saftunisie.com\/"},{"@type":"ListItem","position":2,"name":"Our Certifications"}]},{"@type":"WebSite","@id":"https:\/\/saftunisie.com\/#website","url":"https:\/\/saftunisie.com\/","name":"SAFT","description":"SAFT CIE SARL (Soci\u00e9t\u00e9 Agricole et froid Trading) wurde im Jahr 2000 von Herrn Abdelmajid Neifer gegr\u00fcndet","publisher":{"@id":"https:\/\/saftunisie.com\/#organization"},"potentialAction":[{"@type":"SearchAction","target":{"@type":"EntryPoint","urlTemplate":"https:\/\/saftunisie.com\/?s={search_term_string}"},"query-input":{"@type":"PropertyValueSpecification","valueRequired":true,"valueName":"search_term_string"}}],"inLanguage":"de"},{"@type":"Organization","@id":"https:\/\/saftunisie.com\/#organization","name":"SAFTUNISIE","url":"https:\/\/saftunisie.com\/","logo":{"@type":"ImageObject","inLanguage":"de","@id":"https:\/\/saftunisie.com\/#\/schema\/logo\/image\/","url":"https:\/\/saftunisie.com\/wp-content\/uploads\/2021\/06\/logo2.png","contentUrl":"https:\/\/saftunisie.com\/wp-content\/uploads\/2021\/06\/logo2.png","width":123,"height":127,"caption":"SAFTUNISIE"},"image":{"@id":"https:\/\/saftunisie.com\/#\/schema\/logo\/image\/"}}]}},"_links":{"self":[{"href":"https:\/\/saftunisie.com\/de\/wp-json\/wp\/v2\/pages\/213","targetHints":{"allow":["GET"]}}],"collection":[{"href":"https:\/\/saftunisie.com\/de\/wp-json\/wp\/v2\/pages"}],"about":[{"href":"https:\/\/saftunisie.com\/de\/wp-json\/wp\/v2\/types\/page"}],"author":[{"embeddable":true,"href":"https:\/\/saftunisie.com\/de\/wp-json\/wp\/v2\/users\/23"}],"replies":[{"embeddable":true,"href":"https:\/\/saftunisie.com\/de\/wp-json\/wp\/v2\/comments?post=213"}],"version-history":[{"count":32,"href":"https:\/\/saftunisie.com\/de\/wp-json\/wp\/v2\/pages\/213\/revisions"}],"predecessor-version":[{"id":1188,"href":"https:\/\/saftunisie.com\/de\/wp-json\/wp\/v2\/pages\/213\/revisions\/1188"}],"wp:attachment":[{"href":"https:\/\/saftunisie.com\/de\/wp-json\/wp\/v2\/media?parent=213"}],"curies":[{"name":"wp","href":"https:\/\/api.w.org\/{rel}","templated":true}]}}