{"id":133,"date":"2021-01-12T09:31:33","date_gmt":"2021-01-12T08:31:33","guid":{"rendered":"https:\/\/saft.webmedia-dev.ovh\/?page_id=133"},"modified":"2021-12-20T15:33:41","modified_gmt":"2021-12-20T14:33:41","slug":"tunisian-natural-branched-dates","status":"publish","type":"page","link":"https:\/\/saftunisie.com\/it\/tunisian-natural-branched-dates\/","title":{"rendered":"DATTERI TUNISINI SAFT"},"content":{"rendered":"<div class=\"wpb-content-wrapper\"><div class=\"vc_row wpb_row vc_row-fluid wpb_animate_when_almost_visible wpb_slideInLeft slideInLeft vc_row-o-content-middle vc_row-flex\"><div class=\"wpb_column vc_column_container vc_col-sm-6\"><div class=\"vc_column-inner\"><div class=\"wpb_wrapper\">\n\t<div class=\"wpb_text_column wpb_content_element vc_custom_1640010627424\" >\n\t\t<div class=\"wpb_wrapper\">\n\t\t\t<p><img loading=\"lazy\" decoding=\"async\" class=\"alignnone wp-image-83 size-full\" src=\"http:\/\/saftunisie.com\/wp-content\/uploads\/2021\/01\/logo-1.jpg\" alt=\"Tunisian Natural Branched Dates Deglet Nour - Tunisian Dates - Dates deglet Nour \" width=\"104\" height=\"128\" \/><\/p>\n<p style=\"text-align: left;\"><span class=\"titre-gold\">Chi siamo<\/span><\/p>\n\n\t\t<\/div>\n\t<\/div>\n<div class=\"vc_empty_space\"   style=\"height: 18px\"><span class=\"vc_empty_space_inner\"><\/span><\/div>\n\t<div class=\"wpb_text_column wpb_content_element\" >\n\t\t<div class=\"wpb_wrapper\">\n\t\t\t<h2 style=\"text-align: left; color: 303030; font-size: 24px;\">Miglior produttore di datteri tunisini<\/h2>\n\n\t\t<\/div>\n\t<\/div>\n\n\t<div class=\"wpb_text_column wpb_content_element\" >\n\t\t<div class=\"wpb_wrapper\">\n\t\t\t<p><strong><a title=\"SAFT Tunisia\" href=\"https:\/\/saftunisie.com\/it\/\">SAFT CIE SARL<\/a> (Soci\u00e9t\u00e9 Agricole et froid trading)<\/strong>\u00a0\u00e8 stata fondata nel\u00a0<strong>2000<\/strong>\u00a0di\u00a0<strong>Il signor Abdelmajid Neifer.\u00a0<\/strong>Inizialmente,\u00a0<strong>SAFT<\/strong>\u00a0Le prime e principali attivit\u00e0 ruotavano attorno al commercio di frutta. Dopo aver ottenuto un grande successo, SAFT CIE \u00e8 diventata una famosa societ\u00e0 di commercio di frutta e una delle migliori societ\u00e0 commerciali in questo settore in\u00a0<strong>il bacino del Nord Africa<\/strong>.<br \/>\nDopo,\u00a0<strong>SAFT CIE<\/strong>\u00a0trasformata in un&#039;azienda familiare specializzata nell&#039;esportazione\u00a0<a title=\"Datteri tunisini comuni Deglet Nour\" href=\"https:\/\/saftunisie.com\/it\/tunisian-common-dates\/\"><strong>variet\u00e0 di DATTERI tunisini<\/strong><\/a>\u00a0 Deglet Nour che vengono coltivati e raccolti\u00a0<strong>dal deserto tunisino.<\/strong><\/p>\n<p>Oggigiorno, i prodotti SAFT sono realizzati interamente in tunisino\u00a0<a title=\"Date Deglet Nour SAFT Tunisia\" href=\"https:\/\/saftunisie.com\/it\/tunisian-dates-deglet-nour\/\"><strong>Datteri Deglet Nour<\/strong><\/a>\u00a0sono disponibili in diversi mercati esteri, grazie alla loro elevata qualit\u00e0. Infatti, SAFT fornisce ai suoi clienti prodotti davvero eccezionali\u00a0<strong>tunisino<\/strong>\u00a0<strong>Date Deglet Nour\u00a0<\/strong>ad un prezzo vantaggioso.<\/p>\n<p>Attualmente,\u00a0<a title=\"SAFT Tunisia\" href=\"https:\/\/saftunisie.com\/it\/\"><strong>SAFT<\/strong><\/a>\u2018L&#039;attivit\u00e0 principale \u00e8 l&#039;esportazione<strong>\u00a0tunisino <a title=\"Datteri naturali Deglet Nour\" href=\"https:\/\/saftunisie.com\/it\/tunisian-dates-deglet-nour\/#natural-branched-dates\">date Deglet Nour<\/a>\u00a0<\/strong>in tutti gli angoli del mondo. Inoltre, con la sua\u00a0<strong>tunisino<\/strong>\u00a0<strong><a title=\"Ingredienti dei datteri tunisini\" href=\"https:\/\/saftunisie.com\/it\/tunisian-dates-ingredients\/\">Prodotti Deglet Nour di datteri<\/a>,\u00a0<\/strong><strong>SAFT\u00a0<\/strong>ha dimostrato la sua posizione di rilievo sui mercati internazionali, posizionandosi tra i leader nel suo settore operativo.<\/p>\n\n\t\t<\/div>\n\t<\/div>\n<\/div><\/div><\/div><div class=\"wpb_column vc_column_container vc_col-sm-6\"><div class=\"vc_column-inner\"><div class=\"wpb_wrapper\"><div class=\"vc_empty_space\"   style=\"height: 32px\"><span class=\"vc_empty_space_inner\"><\/span><\/div>\n\t<div  data-parallax='{\"y\":\"-80\",\"smoothness\":\"30\"}' class=\"wpb_single_image wpb_content_element vc_align_center\">\n\t\t\n\t\t<figure class=\"wpb_wrapper vc_figure\">\n\t\t\t<div class=\"vc_single_image-wrapper   vc_box_border_grey\"><img loading=\"lazy\" decoding=\"async\" width=\"364\" height=\"459\" src=\"https:\/\/saftunisie.com\/wp-content\/uploads\/2021\/05\/ph1.jpg\" class=\"vc_single_image-img attachment-full\" alt=\"Tunisian Natural Branched Dates Deglet Nour - Tunisian Dates - Dates deglet Nour\" title=\"Informazioni su SAFT Tunisia\" srcset=\"https:\/\/saftunisie.com\/wp-content\/uploads\/2021\/05\/ph1.jpg 364w, https:\/\/saftunisie.com\/wp-content\/uploads\/2021\/05\/ph1-238x300.jpg 238w\" sizes=\"auto, (max-width: 364px) 100vw, 364px\" \/><\/div>\n\t\t<\/figure>\n\t<\/div>\n<\/div><\/div><\/div><div class=\"wpb_column vc_column_container vc_col-sm-12\"><div class=\"vc_column-inner\"><div class=\"wpb_wrapper\"><\/div><\/div><\/div><\/div><div class=\"vc_row wpb_row vc_row-fluid wpb_animate_when_almost_visible wpb_slideInLeft slideInLeft vc_custom_1616491215713 vc_row-o-content-middle vc_row-flex\"><div class=\"wpb_column vc_column_container vc_col-sm-6\"><div class=\"vc_column-inner\"><div class=\"wpb_wrapper\"><div class=\"vc_empty_space\"   style=\"height: 16px\"><span class=\"vc_empty_space_inner\"><\/span><\/div>\n\t<div  class=\"wpb_single_image wpb_content_element vc_align_left\">\n\t\t\n\t\t<figure class=\"wpb_wrapper vc_figure\">\n\t\t\t<div class=\"vc_single_image-wrapper   vc_box_border_grey\"><img loading=\"lazy\" decoding=\"async\" width=\"564\" height=\"699\" src=\"https:\/\/saftunisie.com\/wp-content\/uploads\/2021\/06\/ph-saft.jpg\" class=\"vc_single_image-img attachment-full\" alt=\"Tunisian Natural Branched Dates Deglet Nour - Tunisian Dates - Dates deglet Nour\" title=\"Datteri ramificati naturali tunisini Deglet Nour\" srcset=\"https:\/\/saftunisie.com\/wp-content\/uploads\/2021\/06\/ph-saft.jpg 564w, https:\/\/saftunisie.com\/wp-content\/uploads\/2021\/06\/ph-saft-242x300.jpg 242w\" sizes=\"auto, (max-width: 564px) 100vw, 564px\" \/><\/div>\n\t\t<\/figure>\n\t<\/div>\n<\/div><\/div><\/div><div class=\"wpb_column vc_column_container vc_col-sm-6\"><div class=\"vc_column-inner\"><div class=\"wpb_wrapper\">\n\t<div class=\"wpb_text_column wpb_content_element vc_custom_1638177080258\" >\n\t\t<div class=\"wpb_wrapper\">\n\t\t\t<p style=\"text-align: left;\"><span class=\"titre-gold\">Missione, visione e valori<\/span><\/p>\n\n\t\t<\/div>\n\t<\/div>\n<div class=\"vc_empty_space\"   style=\"height: 12px\"><span class=\"vc_empty_space_inner\"><\/span><\/div>\n\t<div class=\"wpb_text_column wpb_content_element\" >\n\t\t<div class=\"wpb_wrapper\">\n\t\t\t<h2 style=\"font-size: 24px; text-align: left;\">Datteri tunisini naturali ramificati Deglet Nour<\/h2>\n\n\t\t<\/div>\n\t<\/div>\n\n\t<div class=\"wpb_text_column wpb_content_element vc_custom_1638177262656\" >\n\t\t<div class=\"wpb_wrapper\">\n\t\t\t<p style=\"text-align: left;\"><span class=\"titre-black-s\">Visione<\/span><\/p>\n\n\t\t<\/div>\n\t<\/div>\n\n\t<div class=\"wpb_text_column wpb_content_element\" >\n\t\t<div class=\"wpb_wrapper\">\n\t\t\t<p>Per fornire al mercato globale il meglio<strong> qualit\u00e0 dei datteri tunisini<\/strong>, la nostra priorit\u00e0 \u00e8 fare <strong>alta qualit\u00e0<\/strong>, fresco, <a title=\"Datteri ramificati naturali\" href=\"https:\/\/saftunisie.com\/it\/tunisian-dates-deglet-nour\/#natural-branched-dates\">Ramificato naturale<\/a> <a style=\"color: #e5a335;\" title=\"Datteri tunisini Deglet Nour\" href=\"https:\/\/saftunisie.com\/it\/tunisian-dates-deglet-nour\/\"><strong>Datteri Deglet Nour<\/strong><\/a> accessibili e ottenibili dai clienti in tutto il mondo.<\/p>\n\n\t\t<\/div>\n\t<\/div>\n\n\t<div class=\"wpb_text_column wpb_content_element vc_custom_1638177258592\" >\n\t\t<div class=\"wpb_wrapper\">\n\t\t\t<p style=\"text-align: left;\"><span class=\"titre-black-s\">Missione<\/span><\/p>\n\n\t\t<\/div>\n\t<\/div>\n\n\t<div class=\"wpb_text_column wpb_content_element\" >\n\t\t<div class=\"wpb_wrapper\">\n\t\t\t<p>Fornire alta classe e finezza <strong><a title=\"Datteri tunisini certificati\" href=\"https:\/\/saftunisie.com\/it\/saft-dates-certifications\/\">date di qualit\u00e0<\/a><\/strong>, selezionati con cura e confezionati in modo impeccabile, SAFT ha ottenuto un riconoscimento globale, diventando leader di mercato. Inoltre, SAFT \u00e8 nota per il suo innovativo <strong><a title=\"Ingredienti del Deglet Nour di datteri tunisini\" href=\"https:\/\/saftunisie.com\/it\/tunisian-dates-ingredients\/\">prodotti<\/a><\/strong>, i suoi processi di confezionamento e le sue prestazioni di alto livello grazie a un team appassionato.<\/p>\n\n\t\t<\/div>\n\t<\/div>\n\n\t<div class=\"wpb_text_column wpb_content_element vc_custom_1638177545296\" >\n\t\t<div class=\"wpb_wrapper\">\n\t\t\t<p style=\"text-align: left;\"><span class=\"titre-black-s\">Filosofia<\/span><\/p>\n\n\t\t<\/div>\n\t<\/div>\n\n\t<div class=\"wpb_text_column wpb_content_element\" >\n\t\t<div class=\"wpb_wrapper\">\n\t\t\t<p style=\"text-align: left;\">Il centro dei nostri valori \u00e8 la qualit\u00e0, la freschezza e la sostenibilit\u00e0 dei nostri prodotti realizzati con<strong>\u00a0tunisino <a title=\"Datteri ramificati naturali tunisini\" href=\"https:\/\/saftunisie.com\/it\/tunisian-dates-deglet-nour\/#natural-branched-dates\">Datteri ramificati naturali<\/a><\/strong>. Collaboriamo con i migliori packaging <a title=\"La nostra fabbrica SAFT\" href=\"https:\/\/saftunisie.com\/it\/factory-dates-deglet-nour\/\">fabbriche<\/a> Fornire soluzioni di imballaggio ottimali per garantire le migliori condizioni di conservazione dei nostri prodotti. Inoltre, ci assicuriamo che le aziende agricole dei nostri partner seguano approcci e pratiche attente nella produzione di imballaggi. Un&#039;altra informazione degna di nota riguarda <strong>SAFT<\/strong> \u00e8 quello il nostro <strong>tunisino <a title=\"Datteri Deglet Nour tunisini\" href=\"https:\/\/saftunisie.com\/it\/tunisian-dates-deglet-nour\/\">Date Deglet Nour<\/a><\/strong> L&#039;obiettivo principale dell&#039;azienda esportatrice \u00e8 garantire che vengano rispettate e seguite le norme e le pratiche agricole e di imballaggio sostenibili ed ecocompatibili. <strong>SAFT<\/strong> garantisce inoltre che tutti coloro che sono coinvolti nel processo di produzione <strong>date<\/strong> sia compensato in modo equo e corretto.<\/p>\n\n\t\t<\/div>\n\t<\/div>\n<\/div><\/div><\/div><\/div><div id=\"best-quality dates-deglet-nour-in-the-world\" class=\"vc_row wpb_row vc_row-fluid\"><div class=\"wpb_column vc_column_container vc_col-sm-12\"><div class=\"vc_column-inner\"><div class=\"wpb_wrapper\">\n\t<div class=\"wpb_text_column wpb_content_element vc_custom_1638178678038\" >\n\t\t<div class=\"wpb_wrapper\">\n\t\t\t<p style=\"text-align: center;\"><span class=\"titre-gold\">Elementi di successo di<\/span><\/p>\n\n\t\t<\/div>\n\t<\/div>\n\n\t<div class=\"wpb_text_column wpb_content_element vc_custom_1638180834309\" >\n\t\t<div class=\"wpb_wrapper\">\n\t\t\t<h2 style=\"text-align: center; font-size: 15px;\"><span class=\"titre-black-s\">Avere la migliore qualit\u00e0 di datteri Deglet Nour<\/span><\/h2>\n\n\t\t<\/div>\n\t<\/div>\n<\/div><\/div><\/div><\/div><div data-vc-full-width=\"true\" data-vc-full-width-temp=\"true\" data-vc-full-width-init=\"false\" class=\"vc_row wpb_row vc_row-fluid vc_custom_1638178149138 vc_row-has-fill\"><div class=\"wpb_column vc_column_container vc_col-sm-12\"><div class=\"vc_column-inner\"><div class=\"wpb_wrapper\"><div id=\"tunisian-natural-branched-dates\" class=\"vc_row wpb_row vc_inner vc_row-fluid\"><div class=\"wpb_column vc_column_container vc_col-sm-4\"><div class=\"vc_column-inner\"><div class=\"wpb_wrapper\">\t\t\t<div class=\"info-box-wrapper\">\n\t\t\t\t<div id=\"wd-61c093e492bbc\" class=\"wd-rs-61c093e492bbc wd-info-box wd-wpb text-center box-icon-align-top box-style- color-scheme-dark wd-bg-none vc_custom_1640010754729\">\n\t\t\t\t\t\t\t\t\t\t\t<div class=\"box-icon-wrapper  box-with-icon box-icon-simple\">\n\t\t\t\t\t\t\t<div class=\"info-box-icon\">\n\t\t\t\t\t\t\t\t<img loading=\"lazy\" decoding=\"async\" width=\"145\" height=\"147\" src=\"https:\/\/saftunisie.com\/wp-content\/uploads\/2021\/01\/20-ans-icon.png\" class=\"attachment-800x600 size-800x600\" alt=\"Tunisian Natural Branched Dates Deglet Nour - Tunisian Dates\" srcset=\"https:\/\/saftunisie.com\/wp-content\/uploads\/2021\/01\/20-ans-icon.png 145w, https:\/\/saftunisie.com\/wp-content\/uploads\/2021\/01\/20-ans-icon-100x100.png 100w\" sizes=\"auto, (max-width: 145px) 100vw, 145px\" \/>\t\t\t\t\t\t\t<\/div>\n\t\t\t\t\t\t<\/div>\n\t\t\t\t\t\t\t\t\t\t<div class=\"info-box-content\">\n\t\t\t\t\t\t<p class=\"info-box-title title box-title-style-default wd-fontsize-m\">Affidabilit\u00e0<\/p>\t\t\t\t\t\t<div class=\"info-box-inner reset-last-child\"><p>Puoi contare su <strong><a title=\"SAFT Tunisia\" href=\"https:\/\/saftunisie.com\/it\/\">SAFT <\/a>.<\/strong> Garantiamo la fornitura continua dei nostri <a href=\"https:\/\/saftunisie.com\/it\/tunisian-dates-deglet-nour\/\"><strong>date<\/strong><\/a> tutto l&#039;anno. Manteniamo il nostro raccolto in condizioni ottimali per offrirvi il gusto pi\u00f9 delizioso. Il vostro ordine verr\u00e0 consegnato quando e nella data da voi richiesta.<\/p>\n<\/div>\n\n\t\t\t\t\t\t\t\t\t\t\t<\/div>\n\n\t\t\t\t\t\n\t\t\t\t\t<style><\/style>\t\t\t\t<\/div>\n\t\t\t<\/div>\n\t\t<\/div><\/div><\/div><div class=\"wpb_column vc_column_container vc_col-sm-4\"><div class=\"vc_column-inner\"><div class=\"wpb_wrapper\">\t\t\t<div class=\"info-box-wrapper\">\n\t\t\t\t<div id=\"wd-61c0942386fee\" class=\"wd-rs-61c0942386fee wd-info-box wd-wpb text-center box-icon-align-top box-style- color-scheme-dark wd-bg-none back-box vc_custom_1640010798662\">\n\t\t\t\t\t\t\t\t\t\t\t<div class=\"box-icon-wrapper  box-with-icon box-icon-simple\">\n\t\t\t\t\t\t\t<div class=\"info-box-icon\">\n\t\t\t\t\t\t\t\t<img loading=\"lazy\" decoding=\"async\" width=\"146\" height=\"147\" src=\"https:\/\/saftunisie.com\/wp-content\/uploads\/2021\/01\/icon-cert.png\" class=\"attachment-800x600 size-800x600\" alt=\"Tunisian Natural Branched Dates Deglet Nour - Tunisian Dates\" srcset=\"https:\/\/saftunisie.com\/wp-content\/uploads\/2021\/01\/icon-cert.png 146w, https:\/\/saftunisie.com\/wp-content\/uploads\/2021\/01\/icon-cert-100x100.png 100w\" sizes=\"auto, (max-width: 146px) 100vw, 146px\" \/>\t\t\t\t\t\t\t<\/div>\n\t\t\t\t\t\t<\/div>\n\t\t\t\t\t\t\t\t\t\t<div class=\"info-box-content\">\n\t\t\t\t\t\t<p class=\"info-box-title title box-title-style-default wd-fontsize-m\">QUALIT\u00c0<\/p>\t\t\t\t\t\t<div class=\"info-box-inner reset-last-child\"><p><strong>A <a title=\"SAFT Tunisia\" href=\"https:\/\/saftunisie.com\/it\/\">Saft<\/a>, <\/strong>prendiamo tutte le misure necessarie per fornire le migliori condizioni di conservazione. Ci impegniamo a produrre il <strong>migliore <a>qualit\u00e0 <\/a><a href=\"https:\/\/saftunisie.com\/it\/tunisian-dates-deglet-nour\/\">date deglet nour<\/a> nel mondo<\/strong>. Il nostro impegno per la qualit\u00e0 si riflette nel nostro <strong><a title=\"Le nostre certificazioni\" href=\"https:\/\/saftunisie.com\/it\/deglet-nour-tunisian-dates-certifications\/\">Certificato HACCP<\/a>.<\/strong><\/p>\n<\/div>\n\n\t\t\t\t\t\t\t\t\t\t\t<\/div>\n\n\t\t\t\t\t\n\t\t\t\t\t<style><\/style>\t\t\t\t<\/div>\n\t\t\t<\/div>\n\t\t<\/div><\/div><\/div><div class=\"wpb_column vc_column_container vc_col-sm-4\"><div class=\"vc_column-inner\"><div class=\"wpb_wrapper\">\t\t\t<div class=\"info-box-wrapper\">\n\t\t\t\t<div id=\"wd-61c0942fb92f4\" class=\"wd-rs-61c0942fb92f4 wd-info-box wd-wpb text-center box-icon-align-top box-style- color-scheme-dark wd-bg-none back-box vc_custom_1640010817880\">\n\t\t\t\t\t\t\t\t\t\t\t<div class=\"box-icon-wrapper  box-with-icon box-icon-simple\">\n\t\t\t\t\t\t\t<div class=\"info-box-icon\">\n\t\t\t\t\t\t\t\t<img loading=\"lazy\" decoding=\"async\" width=\"145\" height=\"147\" src=\"https:\/\/saftunisie.com\/wp-content\/uploads\/2021\/01\/distrubitions.png\" class=\"attachment-800x600 size-800x600\" alt=\"Tunisian Natural Branched Dates Deglet Nour - Tunisian Dates\" srcset=\"https:\/\/saftunisie.com\/wp-content\/uploads\/2021\/01\/distrubitions.png 145w, https:\/\/saftunisie.com\/wp-content\/uploads\/2021\/01\/distrubitions-100x100.png 100w\" sizes=\"auto, (max-width: 145px) 100vw, 145px\" \/>\t\t\t\t\t\t\t<\/div>\n\t\t\t\t\t\t<\/div>\n\t\t\t\t\t\t\t\t\t\t<div class=\"info-box-content\">\n\t\t\t\t\t\t<p class=\"info-box-title title box-title-style-default wd-fontsize-m\">Sostenibilit\u00e0<\/p>\t\t\t\t\t\t<div class=\"info-box-inner reset-last-child\"><p>La nostra priorit\u00e0 \u00e8 garantire che tutte le nostre azioni (nelle aziende agricole e nelle strutture) siano rispettose dell&#039;ambiente. <strong>Nostro <a title=\"Datteri tunisini\" href=\"https:\/\/saftunisie.com\/it\/tunisian-dates-deglet-nour\/\">Datteri tunisini <\/a><\/strong>le palme vengono trattate con cura e tassonomia continue, per garantire che il <a href=\"https:\/\/saftunisie.com\/it\/tunisian-common-dates\/\"><strong>date<\/strong><\/a> sono sani e di ottima qualit\u00e0.<\/p>\n<\/div>\n\n\t\t\t\t\t\t\t\t\t\t\t<\/div>\n\n\t\t\t\t\t\n\t\t\t\t\t<style><\/style>\t\t\t\t<\/div>\n\t\t\t<\/div>\n\t\t<\/div><\/div><\/div><\/div><\/div><\/div><\/div><\/div><div class=\"vc_row-full-width vc_clearfix\"><\/div>\n<\/div>","protected":false},"excerpt":{"rendered":"About Us Best Tunisian Dates Producer SAFT CIE S.A.R.L (Soci\u00e9t\u00e9 Agricole et froid trading)\u00a0was founded in\u00a02000\u00a0by\u00a0Mr. Abdelmajid Neifer.\u00a0Initially,\u00a0SAFT\u00a0first and main","protected":false},"author":23,"featured_media":0,"parent":0,"menu_order":0,"comment_status":"closed","ping_status":"closed","template":"","meta":{"footnotes":""},"class_list":["post-133","page","type-page","status-publish","hentry"],"yoast_head":"<!-- This site is optimized with the Yoast SEO plugin v27.4 - https:\/\/yoast.com\/product\/yoast-seo-wordpress\/ -->\n<title>Tunisian Natural Branched Dates : Deglet Nour - SAFT<\/title>\n<meta name=\"description\" content=\"SAFT exports best quality of Tunisian Natural Branched Dates Deglet Nour, Pitted Dates Deglet Nour, Processed Dates Deglet Nour at best Tunisian Dates Price\" \/>\n<meta name=\"robots\" content=\"index, follow, max-snippet:-1, max-image-preview:large, max-video-preview:-1\" \/>\n<link rel=\"canonical\" href=\"https:\/\/saftunisie.com\/it\/tunisian-natural-branched-dates\/\" \/>\n<meta property=\"og:locale\" content=\"it_IT\" \/>\n<meta property=\"og:type\" content=\"article\" \/>\n<meta property=\"og:title\" content=\"Tunisian Natural Branched Dates : Deglet Nour - SAFT\" \/>\n<meta property=\"og:description\" content=\"SAFT exports best quality of Tunisian Natural Branched Dates Deglet Nour, Pitted Dates Deglet Nour, Processed Dates Deglet Nour at best Tunisian Dates Price\" \/>\n<meta property=\"og:url\" content=\"https:\/\/saftunisie.com\/it\/tunisian-natural-branched-dates\/\" \/>\n<meta property=\"og:site_name\" content=\"SAFT\" \/>\n<meta property=\"article:modified_time\" content=\"2021-12-20T14:33:41+00:00\" \/>\n<meta property=\"og:image\" content=\"http:\/\/saftunisie.com\/wp-content\/uploads\/2021\/01\/logo-1.jpg\" \/>\n<meta name=\"twitter:card\" content=\"summary_large_image\" \/>\n<meta name=\"twitter:label1\" content=\"Tempo di lettura stimato\" \/>\n\t<meta name=\"twitter:data1\" content=\"7 minuti\" \/>\n<script type=\"application\/ld+json\" class=\"yoast-schema-graph\">{\"@context\":\"https:\\\/\\\/schema.org\",\"@graph\":[{\"@type\":\"WebPage\",\"@id\":\"https:\\\/\\\/saftunisie.com\\\/tunisian-natural-branched-dates\\\/\",\"url\":\"https:\\\/\\\/saftunisie.com\\\/tunisian-natural-branched-dates\\\/\",\"name\":\"Tunisian Natural Branched Dates : Deglet Nour - SAFT\",\"isPartOf\":{\"@id\":\"https:\\\/\\\/saftunisie.com\\\/#website\"},\"primaryImageOfPage\":{\"@id\":\"https:\\\/\\\/saftunisie.com\\\/tunisian-natural-branched-dates\\\/#primaryimage\"},\"image\":{\"@id\":\"https:\\\/\\\/saftunisie.com\\\/tunisian-natural-branched-dates\\\/#primaryimage\"},\"thumbnailUrl\":\"http:\\\/\\\/saftunisie.com\\\/wp-content\\\/uploads\\\/2021\\\/01\\\/logo-1.jpg\",\"datePublished\":\"2021-01-12T08:31:33+00:00\",\"dateModified\":\"2021-12-20T14:33:41+00:00\",\"description\":\"SAFT exports best quality of Tunisian Natural Branched Dates Deglet Nour, Pitted Dates Deglet Nour, Processed Dates Deglet Nour at best Tunisian Dates Price\",\"breadcrumb\":{\"@id\":\"https:\\\/\\\/saftunisie.com\\\/tunisian-natural-branched-dates\\\/#breadcrumb\"},\"inLanguage\":\"it-IT\",\"potentialAction\":[{\"@type\":\"ReadAction\",\"target\":[\"https:\\\/\\\/saftunisie.com\\\/tunisian-natural-branched-dates\\\/\"]}]},{\"@type\":\"ImageObject\",\"inLanguage\":\"it-IT\",\"@id\":\"https:\\\/\\\/saftunisie.com\\\/tunisian-natural-branched-dates\\\/#primaryimage\",\"url\":\"http:\\\/\\\/saftunisie.com\\\/wp-content\\\/uploads\\\/2021\\\/01\\\/logo-1.jpg\",\"contentUrl\":\"http:\\\/\\\/saftunisie.com\\\/wp-content\\\/uploads\\\/2021\\\/01\\\/logo-1.jpg\"},{\"@type\":\"BreadcrumbList\",\"@id\":\"https:\\\/\\\/saftunisie.com\\\/tunisian-natural-branched-dates\\\/#breadcrumb\",\"itemListElement\":[{\"@type\":\"ListItem\",\"position\":1,\"name\":\"Accueil\",\"item\":\"https:\\\/\\\/saftunisie.com\\\/\"},{\"@type\":\"ListItem\",\"position\":2,\"name\":\"SAFT TUNISIAN DATES\"}]},{\"@type\":\"WebSite\",\"@id\":\"https:\\\/\\\/saftunisie.com\\\/#website\",\"url\":\"https:\\\/\\\/saftunisie.com\\\/\",\"name\":\"SAFT\",\"description\":\"SAFT CIE S.A.R.L (Soci\u00e9t\u00e9 Agricole et froid trading) was founded in 2000 by Mr. Abdelmajid Neifer\",\"publisher\":{\"@id\":\"https:\\\/\\\/saftunisie.com\\\/#organization\"},\"potentialAction\":[{\"@type\":\"SearchAction\",\"target\":{\"@type\":\"EntryPoint\",\"urlTemplate\":\"https:\\\/\\\/saftunisie.com\\\/?s={search_term_string}\"},\"query-input\":{\"@type\":\"PropertyValueSpecification\",\"valueRequired\":true,\"valueName\":\"search_term_string\"}}],\"inLanguage\":\"it-IT\"},{\"@type\":\"Organization\",\"@id\":\"https:\\\/\\\/saftunisie.com\\\/#organization\",\"name\":\"SAFTUNISIE\",\"url\":\"https:\\\/\\\/saftunisie.com\\\/\",\"logo\":{\"@type\":\"ImageObject\",\"inLanguage\":\"it-IT\",\"@id\":\"https:\\\/\\\/saftunisie.com\\\/#\\\/schema\\\/logo\\\/image\\\/\",\"url\":\"https:\\\/\\\/saftunisie.com\\\/wp-content\\\/uploads\\\/2021\\\/06\\\/logo2.png\",\"contentUrl\":\"https:\\\/\\\/saftunisie.com\\\/wp-content\\\/uploads\\\/2021\\\/06\\\/logo2.png\",\"width\":123,\"height\":127,\"caption\":\"SAFTUNISIE\"},\"image\":{\"@id\":\"https:\\\/\\\/saftunisie.com\\\/#\\\/schema\\\/logo\\\/image\\\/\"}}]}<\/script>\n<!-- \/ Yoast SEO plugin. -->","yoast_head_json":{"title":"Tunisian Natural Branched Dates : Deglet Nour - SAFT","description":"SAFT exports best quality of Tunisian Natural Branched Dates Deglet Nour, Pitted Dates Deglet Nour, Processed Dates Deglet Nour at best Tunisian Dates Price","robots":{"index":"index","follow":"follow","max-snippet":"max-snippet:-1","max-image-preview":"max-image-preview:large","max-video-preview":"max-video-preview:-1"},"canonical":"https:\/\/saftunisie.com\/it\/tunisian-natural-branched-dates\/","og_locale":"it_IT","og_type":"article","og_title":"Tunisian Natural Branched Dates : Deglet Nour - SAFT","og_description":"SAFT exports best quality of Tunisian Natural Branched Dates Deglet Nour, Pitted Dates Deglet Nour, Processed Dates Deglet Nour at best Tunisian Dates Price","og_url":"https:\/\/saftunisie.com\/it\/tunisian-natural-branched-dates\/","og_site_name":"SAFT","article_modified_time":"2021-12-20T14:33:41+00:00","og_image":[{"url":"http:\/\/saftunisie.com\/wp-content\/uploads\/2021\/01\/logo-1.jpg","type":"","width":"","height":""}],"twitter_card":"summary_large_image","twitter_misc":{"Tempo di lettura stimato":"7 minuti"},"schema":{"@context":"https:\/\/schema.org","@graph":[{"@type":"WebPage","@id":"https:\/\/saftunisie.com\/tunisian-natural-branched-dates\/","url":"https:\/\/saftunisie.com\/tunisian-natural-branched-dates\/","name":"Tunisian Natural Branched Dates : Deglet Nour - SAFT","isPartOf":{"@id":"https:\/\/saftunisie.com\/#website"},"primaryImageOfPage":{"@id":"https:\/\/saftunisie.com\/tunisian-natural-branched-dates\/#primaryimage"},"image":{"@id":"https:\/\/saftunisie.com\/tunisian-natural-branched-dates\/#primaryimage"},"thumbnailUrl":"http:\/\/saftunisie.com\/wp-content\/uploads\/2021\/01\/logo-1.jpg","datePublished":"2021-01-12T08:31:33+00:00","dateModified":"2021-12-20T14:33:41+00:00","description":"SAFT exports best quality of Tunisian Natural Branched Dates Deglet Nour, Pitted Dates Deglet Nour, Processed Dates Deglet Nour at best Tunisian Dates Price","breadcrumb":{"@id":"https:\/\/saftunisie.com\/tunisian-natural-branched-dates\/#breadcrumb"},"inLanguage":"it-IT","potentialAction":[{"@type":"ReadAction","target":["https:\/\/saftunisie.com\/tunisian-natural-branched-dates\/"]}]},{"@type":"ImageObject","inLanguage":"it-IT","@id":"https:\/\/saftunisie.com\/tunisian-natural-branched-dates\/#primaryimage","url":"http:\/\/saftunisie.com\/wp-content\/uploads\/2021\/01\/logo-1.jpg","contentUrl":"http:\/\/saftunisie.com\/wp-content\/uploads\/2021\/01\/logo-1.jpg"},{"@type":"BreadcrumbList","@id":"https:\/\/saftunisie.com\/tunisian-natural-branched-dates\/#breadcrumb","itemListElement":[{"@type":"ListItem","position":1,"name":"Accueil","item":"https:\/\/saftunisie.com\/"},{"@type":"ListItem","position":2,"name":"SAFT TUNISIAN DATES"}]},{"@type":"WebSite","@id":"https:\/\/saftunisie.com\/#website","url":"https:\/\/saftunisie.com\/","name":"SAFT","description":"SAFT CIE SARL (Soci\u00e9t\u00e9 Agricole et froid trading) \u00e8 stata fondata nel 2000 dal Sig. Abdelmajid Neifer","publisher":{"@id":"https:\/\/saftunisie.com\/#organization"},"potentialAction":[{"@type":"SearchAction","target":{"@type":"EntryPoint","urlTemplate":"https:\/\/saftunisie.com\/?s={search_term_string}"},"query-input":{"@type":"PropertyValueSpecification","valueRequired":true,"valueName":"search_term_string"}}],"inLanguage":"it-IT"},{"@type":"Organization","@id":"https:\/\/saftunisie.com\/#organization","name":"SAFTUNISIE","url":"https:\/\/saftunisie.com\/","logo":{"@type":"ImageObject","inLanguage":"it-IT","@id":"https:\/\/saftunisie.com\/#\/schema\/logo\/image\/","url":"https:\/\/saftunisie.com\/wp-content\/uploads\/2021\/06\/logo2.png","contentUrl":"https:\/\/saftunisie.com\/wp-content\/uploads\/2021\/06\/logo2.png","width":123,"height":127,"caption":"SAFTUNISIE"},"image":{"@id":"https:\/\/saftunisie.com\/#\/schema\/logo\/image\/"}}]}},"_links":{"self":[{"href":"https:\/\/saftunisie.com\/it\/wp-json\/wp\/v2\/pages\/133","targetHints":{"allow":["GET"]}}],"collection":[{"href":"https:\/\/saftunisie.com\/it\/wp-json\/wp\/v2\/pages"}],"about":[{"href":"https:\/\/saftunisie.com\/it\/wp-json\/wp\/v2\/types\/page"}],"author":[{"embeddable":true,"href":"https:\/\/saftunisie.com\/it\/wp-json\/wp\/v2\/users\/23"}],"replies":[{"embeddable":true,"href":"https:\/\/saftunisie.com\/it\/wp-json\/wp\/v2\/comments?post=133"}],"version-history":[{"count":60,"href":"https:\/\/saftunisie.com\/it\/wp-json\/wp\/v2\/pages\/133\/revisions"}],"predecessor-version":[{"id":882,"href":"https:\/\/saftunisie.com\/it\/wp-json\/wp\/v2\/pages\/133\/revisions\/882"}],"wp:attachment":[{"href":"https:\/\/saftunisie.com\/it\/wp-json\/wp\/v2\/media?parent=133"}],"curies":[{"name":"parola chiave","href":"https:\/\/api.w.org\/{rel}","templated":true}]}}