{"id":164,"date":"2021-01-13T11:12:08","date_gmt":"2021-01-13T10:12:08","guid":{"rendered":"https:\/\/saft.webmedia-dev.ovh\/?page_id=164"},"modified":"2024-09-24T13:40:50","modified_gmt":"2024-09-24T11:40:50","slug":"factory-dates-deglet-nour","status":"publish","type":"page","link":"https:\/\/saftunisie.com\/it\/factory-dates-deglet-nour\/","title":{"rendered":"La nostra fabbrica"},"content":{"rendered":"<div class=\"wpb-content-wrapper\"><div class=\"vc_row wpb_row vc_row-fluid vc_custom_1623071248972 vc_row-o-content-middle vc_row-flex\"><div class=\"wpb_column vc_column_container vc_col-sm-6\"><div class=\"vc_column-inner\"><div class=\"wpb_wrapper\">\t\t<div id=\"gallery_676\" class=\"wd-images-gallery wd-wpb photoswipe-images wd-carousel-container wd-wpb\" style=\"--wd-justify-content:center;--wd-align-items:center;\">\n\t\t\t\t\t\t\t<div class=\"wd-carousel-inner\">\n\t\t\t\n\t\t\t<div class=\"wd-carousel wd-grid\"data-scroll_per_page=\"yes\" style=\"--wd-col-lg:1;--wd-col-md:1;--wd-col-sm:1;--wd-gap-lg:0px;\">\n\t\t\t\t\t\t\t\t\t<div class=\"wd-carousel-wrap\">\n\t\t\t\t\n\t\t\t\t\t\t\t\t\t\t\t\t\t\t\t<div class=\"wd-gallery-item wd-carousel-item\">\n\t\t\t\t\t\t\t\t\t\t\t\t\t\t<a href=\"https:\/\/saftunisie.com\/wp-content\/uploads\/2021\/05\/ph2.jpg\" data-elementor-open-lightbox=\"no\" data-index=\"1\" data-width=\"564\" data-height=\"433\" \n\t\t\t\t\t\t\t\t\t\t\t\t\t\t\t\t\t\t\t\t>\n\t\t\t\t\t\t\t\t\n\t\t\t\t\t\t\t\t<img loading=\"lazy\" decoding=\"async\" width=\"564\" height=\"433\" src=\"https:\/\/saftunisie.com\/wp-content\/uploads\/2021\/05\/ph2.jpg\" class=\"wd-gallery-image image-1\" alt=\"Tunisian Deglet Nour Dates - Processed dates Deglet Nour - Best Quality dates deglet nour\" srcset=\"https:\/\/saftunisie.com\/wp-content\/uploads\/2021\/05\/ph2.jpg 564w, https:\/\/saftunisie.com\/wp-content\/uploads\/2021\/05\/ph2-300x230.jpg 300w\" sizes=\"auto, (max-width: 564px) 100vw, 564px\" \/>\n\t\t\t\t\t\t\t\t\t\t\t\t\t\t\t<\/a>\n\t\t\t\t\t\t\t\t\t\t\t\t<\/div>\n\t\t\t\t\t\t\t\t\t\t\t<div class=\"wd-gallery-item wd-carousel-item\">\n\t\t\t\t\t\t\t\t\t\t\t\t\t\t<a href=\"https:\/\/saftunisie.com\/wp-content\/uploads\/2021\/05\/Untitled-4.jpg\" data-elementor-open-lightbox=\"no\" data-index=\"2\" data-width=\"564\" data-height=\"433\" \n\t\t\t\t\t\t\t\t\t\t\t\t\t\t\t\t\t\t\t\t>\n\t\t\t\t\t\t\t\t\n\t\t\t\t\t\t\t\t<img loading=\"lazy\" decoding=\"async\" width=\"564\" height=\"433\" src=\"https:\/\/saftunisie.com\/wp-content\/uploads\/2021\/05\/Untitled-4.jpg\" class=\"wd-gallery-image image-2\" alt=\"Tunisian Deglet Nour Dates - Processed dates Deglet Nour - Best Quality dates deglet nour\" srcset=\"https:\/\/saftunisie.com\/wp-content\/uploads\/2021\/05\/Untitled-4.jpg 564w, https:\/\/saftunisie.com\/wp-content\/uploads\/2021\/05\/Untitled-4-300x230.jpg 300w\" sizes=\"auto, (max-width: 564px) 100vw, 564px\" \/>\n\t\t\t\t\t\t\t\t\t\t\t\t\t\t\t<\/a>\n\t\t\t\t\t\t\t\t\t\t\t\t<\/div>\n\t\t\t\t\t\t\t\t\t\t\t<div class=\"wd-gallery-item wd-carousel-item\">\n\t\t\t\t\t\t\t\t\t\t\t\t\t\t<a href=\"https:\/\/saftunisie.com\/wp-content\/uploads\/2021\/06\/ph3-1.png\" data-elementor-open-lightbox=\"no\" data-index=\"3\" data-width=\"564\" data-height=\"433\" \n\t\t\t\t\t\t\t\t\t\t\t\t\t\t\t\t\t\t\t\t>\n\t\t\t\t\t\t\t\t\n\t\t\t\t\t\t\t\t<img loading=\"lazy\" decoding=\"async\" width=\"564\" height=\"433\" src=\"https:\/\/saftunisie.com\/wp-content\/uploads\/2021\/06\/ph3-1.png\" class=\"wd-gallery-image image-3\" alt=\"Tunisian Deglet Nour Dates - Processed dates Deglet Nour - Best Quality dates deglet nour\" srcset=\"https:\/\/saftunisie.com\/wp-content\/uploads\/2021\/06\/ph3-1.png 564w, https:\/\/saftunisie.com\/wp-content\/uploads\/2021\/06\/ph3-1-300x230.png 300w\" sizes=\"auto, (max-width: 564px) 100vw, 564px\" \/>\n\t\t\t\t\t\t\t\t\t\t\t\t\t\t\t<\/a>\n\t\t\t\t\t\t\t\t\t\t\t\t<\/div>\n\t\t\t\t\t\t\t\t\t\t\t<div class=\"wd-gallery-item wd-carousel-item\">\n\t\t\t\t\t\t\t\t\t\t\t\t\t\t<a href=\"https:\/\/saftunisie.com\/wp-content\/uploads\/2021\/01\/logo-H.jpg\" data-elementor-open-lightbox=\"no\" data-index=\"4\" data-width=\"222\" data-height=\"92\" \n\t\t\t\t\t\t\t\t\t\t\t\t\t\t\t\t\t\t\t\t>\n\t\t\t\t\t\t\t\t\n\t\t\t\t\t\t\t\t<img loading=\"lazy\" decoding=\"async\" width=\"222\" height=\"92\" src=\"https:\/\/saftunisie.com\/wp-content\/uploads\/2021\/01\/logo-H.jpg\" class=\"wd-gallery-image image-4\" alt=\"Tunisian Deglet Nour Dates - Processed dates Deglet Nour - Best Quality dates deglet nour\" \/>\n\t\t\t\t\t\t\t\t\t\t\t\t\t\t\t<\/a>\n\t\t\t\t\t\t\t\t\t\t\t\t<\/div>\n\t\t\t\t\t\t\t\t\t\n\t\t\t\t\t\t\t\t\t<\/div>\n\t\t\t\t\t\t\t<\/div>\n\n\t\t\t\t\t\t\t\t\t\t\t\t\t\t<div class=\"wd-nav-arrows wd-pos-sep wd-hover-1 wd-icon-1\">\n\t\t\t<div class=\"wd-btn-arrow wd-prev wd-disabled\">\n\t\t\t\t<div class=\"wd-arrow-inner\"><\/div>\n\t\t\t<\/div>\n\t\t\t<div class=\"wd-btn-arrow wd-next\">\n\t\t\t\t<div class=\"wd-arrow-inner\"><\/div>\n\t\t\t<\/div>\n\t\t<\/div>\n\t\t\t\t\t\t\n\t\t\t\t<\/div>\n\n\t\t\t\t\t\t<div class=\"wd-nav-pagin-wrap text-center wd-style-shape wd-hide-md-sm wd-hide-sm\">\n\t\t\t<ul class=\"wd-nav-pagin\"><\/ul>\n\t\t<\/div>\n\t\t\t\t\t\t\t\t\t\t\t<\/div>\n\t\t<\/div><\/div><\/div><div class=\"wpb_column vc_column_container vc_col-sm-6\"><div class=\"vc_column-inner vc_custom_1623069942165\"><div class=\"wpb_wrapper\"><div class=\"vc_row wpb_row vc_inner vc_row-fluid vc_custom_1623337106170 vc_row-has-fill\"><div class=\"wpb_column vc_column_container vc_col-sm-12\"><div class=\"vc_column-inner\"><div class=\"wpb_wrapper\">\n\t<div class=\"wpb_text_column wpb_content_element vc_custom_1630324491857 text-jaune\" >\n\t\t<div class=\"wpb_wrapper\">\n\t\t\t<h2 class=\"titre-gold\" style=\"text-align: center;\">La nostra fabbrica<\/h2>\n\n\t\t<\/div>\n\t<\/div>\n<\/div><\/div><\/div><\/div>\n\t<div class=\"wpb_text_column wpb_content_element justifier\" >\n\t\t<div class=\"wpb_wrapper\">\n\t\t\t<p>SAFT <strong><a title=\"Datteri Deglet Nour\" href=\"https:\/\/saftunisie.com\/it\/tunisian-dates-deglet-nour\/\">Datteri Deglet Nour<\/a><\/strong> sono caratterizzati da una qualit\u00e0 elevata e prestigiosa che garantisce grandi benefici per i suoi consumatori. Tenendo conto dell&#039;importanza, della qualit\u00e0 e della quantit\u00e0 di\u00a0<a title=\"Datteri tunisini lavorati\" href=\"https:\/\/saftunisie.com\/it\/tunisian-dates-deglet-nour\/#processed-dates-deglet-nour\"><strong>Datteri tunisini Deglet Nour<\/strong><\/a>\u00a0nella zona, <a title=\"Informazioni su SAFT\" href=\"https:\/\/saftunisie.com\/it\/tunisian-natural-branched-dates\/\"><strong>SAFT<\/strong><\/a> \u00e8 emerso con l&#039;idea di creare una fabbrica. Lo scopo finale \u00e8 quello di raggiungere lo sfruttamento ottimale della crescita economica della ricchezza naturale di\u00a0<strong>deglet nour <a title=\"Datteri comuni tunisini\" href=\"https:\/\/saftunisie.com\/it\/tunisian-common-dates\/\">Datteri tunisini<\/a><\/strong>.Fondamentalmente, il capannone produttivo dello stabilimento \u00e8 ben attrezzato con macchinari, utensili e tecnologie di produzione all&#039;avanguardia. Pertanto, il nostro capannone produttivo garantisce le migliori condizioni igieniche per il confezionamento, nonch\u00e9 la conformit\u00e0 agli standard internazionali.<\/p>\n<h2>Fabbrica di datteri Deglet Nour SAFT<\/h2>\n<p>Lo stabilimento di datteri SAFT Deglet Nour ha una capacit\u00e0 produttiva di 3 tonnellate all&#039;ora, una capacit\u00e0 di stoccaggio a freddo fino a 10.000 tonnellate di datteri. Il nostro stabilimento \u00e8<a title=\"Le nostre certificazioni\" href=\"https:\/\/saftunisie.com\/it\/deglet-nour-tunisian-dates-certifications\/\">\u00a0<strong>Certificato ISO<\/strong><\/a>\u00a0per la produzione. Inoltre, possiede i pi\u00f9 alti livelli di sviluppo e qualit\u00e0. Ed \u00e8 questo che consente al nostro reparto produzione di stare al passo con le ultime tendenze nella produzione di\u00a0<strong>Date Degelt Nour.<\/strong><\/p>\n\n\t\t<\/div>\n\t<\/div>\n<\/div><\/div><\/div><\/div><div class=\"vc_row wpb_row vc_row-fluid vc_custom_1640010446275 vc_row-has-fill\"><div class=\"wpb_column vc_column_container vc_col-sm-12\"><div class=\"vc_column-inner\"><div class=\"wpb_wrapper\"><div class=\"vc_empty_space\"   style=\"height: 20px\"><span class=\"vc_empty_space_inner\"><\/span><\/div><div class=\"vc_row wpb_row vc_inner vc_row-fluid vc_custom_1623069361419 vc_row-has-fill\"><div class=\"wpb_column vc_column_container vc_col-sm-12\"><div class=\"vc_column-inner\"><div class=\"wpb_wrapper\">\n\t<div class=\"wpb_text_column wpb_content_element bar-factory\" >\n\t\t<div class=\"wpb_wrapper\">\n\t\t\t<p style=\"text-align: center;\"><strong>\u00a0Da allora, l&#039;azienda ha ampliato le sue capacit\u00e0 e il suo successo, diventando una delle pi\u00f9 grandi aziende nella lavorazione dei datteri tunisini Deglet Nour a livello locale e internazionale.<\/strong><\/p>\n\n\t\t<\/div>\n\t<\/div>\n<div class=\"vc_btn3-container vc_btn3-center vc_do_btn\" ><a style=\"background-color:#e5a335; color:#ffffff;\" class=\"vc_general vc_btn3 vc_btn3-size-md vc_btn3-shape-square vc_btn3-style-custom\" href=\"https:\/\/saftunisie.com\/it\/contact\/\" title=\"Contatta Saft\">Contattaci<\/a><\/div><\/div><\/div><\/div><\/div><div class=\"vc_empty_space\"   style=\"height: 50px\"><span class=\"vc_empty_space_inner\"><\/span><\/div><\/div><\/div><\/div><\/div><div data-vc-full-width=\"true\" data-vc-full-width-temp=\"true\" data-vc-full-width-init=\"false\" class=\"vc_row wpb_row vc_row-fluid vc_custom_1623070835809 vc_row-has-fill vc_row-o-content-middle vc_row-flex\"><div class=\"wpb_column vc_column_container vc_col-sm-6\"><div class=\"vc_column-inner vc_custom_1623069964116\"><div class=\"wpb_wrapper\"><div class=\"vc_row wpb_row vc_inner vc_row-fluid vc_custom_1623337106170 vc_row-has-fill\"><div class=\"wpb_column vc_column_container vc_col-sm-12 vc_hidden-sm vc_hidden-xs\"><div class=\"vc_column-inner\"><div class=\"wpb_wrapper\">\n\t<div class=\"wpb_text_column wpb_content_element vc_custom_1638200361331 text-jaune\" >\n\t\t<div class=\"wpb_wrapper\">\n\t\t\t<p class=\"titre-gold\" style=\"text-align: center;\">SAFT<\/p>\n\n\t\t<\/div>\n\t<\/div>\n<div class=\"vc_empty_space\"   style=\"height: 20px\"><span class=\"vc_empty_space_inner\"><\/span><\/div>\n\t<div class=\"wpb_text_column wpb_content_element\" >\n\t\t<div class=\"wpb_wrapper\">\n\t\t\t<h2 style=\"font-size: 28px; text-align: center;\">Datteri Deglet Nour<\/h2>\n\n\t\t<\/div>\n\t<\/div>\n<\/div><\/div><\/div><\/div><div class=\"vc_row wpb_row vc_inner vc_row-fluid\"><div class=\"wpb_column vc_column_container vc_col-sm-12\"><div class=\"vc_column-inner\"><div class=\"wpb_wrapper\">\n\t<div class=\"wpb_text_column wpb_content_element justifier\" >\n\t\t<div class=\"wpb_wrapper\">\n\t\t\t<p>La crescita fenomenale ha portato <a title=\"I datteri Deglet Nour di migliore qualit\u00e0 al mondo\" href=\"https:\/\/saftunisie.com\/it\/\"><strong>SAFT<\/strong><\/a> per espandere i suoi canali di distribuzione e la sua rete a livello locale e internazionale. SAFT gestisce tutte le fasi pi\u00f9 importanti della lavorazione dei datteri, dalla coltivazione, al confezionamento, alla distribuzione e all&#039;esportazione. Possiede due stabilimenti in<strong> Tunis<\/strong> e kebili, con una superficie produttiva complessiva di 20.000 metri quadrati. <strong>Saft<\/strong> si basa su valori fondamentali unici: fornire<strong><a title=\"Le nostre certificazioni\" href=\"https:\/\/saftunisie.com\/it\/deglet-nour-tunisian-dates-certifications\/\">di buona qualit\u00e0, igienico<\/a>,<\/strong> E <strong><a title=\"I nostri prodotti a base di datteri\" href=\"https:\/\/saftunisie.com\/it\/tunisian-dates-ingredients\/\">prodotti gustosi<\/a><\/strong>.<\/p>\n\n\t\t<\/div>\n\t<\/div>\n<\/div><\/div><\/div><\/div><\/div><\/div><\/div><div class=\"wpb_column vc_column_container vc_col-sm-6\"><div class=\"vc_column-inner\"><div class=\"wpb_wrapper\"><div class=\"vc_empty_space\"   style=\"height: 64px\"><span class=\"vc_empty_space_inner\"><\/span><\/div>\t\t<div id=\"gallery_508\" class=\"wd-images-gallery wd-wpb photoswipe-images wd-carousel-container wd-wpb\" style=\"--wd-justify-content:center;--wd-align-items:center;\">\n\t\t\t\t\t\t\t<div class=\"wd-carousel-inner\">\n\t\t\t\n\t\t\t<div class=\"wd-carousel wd-grid\"data-scroll_per_page=\"yes\" style=\"--wd-col-lg:1;--wd-col-md:1;--wd-col-sm:1;--wd-gap-lg:0px;\">\n\t\t\t\t\t\t\t\t\t<div class=\"wd-carousel-wrap\">\n\t\t\t\t\n\t\t\t\t\t\t\t\t\t\t\t\t\t\t\t<div class=\"wd-gallery-item wd-carousel-item\">\n\t\t\t\t\t\t\t\t\t\t\t\t\t\t<a href=\"https:\/\/saftunisie.com\/wp-content\/uploads\/2021\/05\/Untitled-5.jpg\" data-elementor-open-lightbox=\"no\" data-index=\"1\" data-width=\"564\" data-height=\"433\" \n\t\t\t\t\t\t\t\t\t\t\t\t\t\t\t\t\t\t\t\t>\n\t\t\t\t\t\t\t\t\n\t\t\t\t\t\t\t\t<img loading=\"lazy\" decoding=\"async\" width=\"564\" height=\"433\" src=\"https:\/\/saftunisie.com\/wp-content\/uploads\/2021\/05\/Untitled-5.jpg\" class=\"wd-gallery-image image-1\" alt=\"SAFT Deglet Nour Dates Best Quality Deglet Nour Tunisian Dates natural Branched\" srcset=\"https:\/\/saftunisie.com\/wp-content\/uploads\/2021\/05\/Untitled-5.jpg 564w, https:\/\/saftunisie.com\/wp-content\/uploads\/2021\/05\/Untitled-5-300x230.jpg 300w\" sizes=\"auto, (max-width: 564px) 100vw, 564px\" \/>\n\t\t\t\t\t\t\t\t\t\t\t\t\t\t\t<\/a>\n\t\t\t\t\t\t\t\t\t\t\t\t<\/div>\n\t\t\t\t\t\t\t\t\t\t\t<div class=\"wd-gallery-item wd-carousel-item\">\n\t\t\t\t\t\t\t\t\t\t\t\t\t\t<a href=\"https:\/\/saftunisie.com\/wp-content\/uploads\/2021\/06\/ph4.png\" data-elementor-open-lightbox=\"no\" data-index=\"2\" data-width=\"564\" data-height=\"433\" \n\t\t\t\t\t\t\t\t\t\t\t\t\t\t\t\t\t\t\t\t>\n\t\t\t\t\t\t\t\t\n\t\t\t\t\t\t\t\t<img loading=\"lazy\" decoding=\"async\" width=\"564\" height=\"433\" src=\"https:\/\/saftunisie.com\/wp-content\/uploads\/2021\/06\/ph4.png\" class=\"wd-gallery-image image-2\" alt=\"SAFT Deglet Nour Dates Best Quality Deglet Nour Tunisian Dates natural Branched\" srcset=\"https:\/\/saftunisie.com\/wp-content\/uploads\/2021\/06\/ph4.png 564w, https:\/\/saftunisie.com\/wp-content\/uploads\/2021\/06\/ph4-300x230.png 300w\" sizes=\"auto, (max-width: 564px) 100vw, 564px\" \/>\n\t\t\t\t\t\t\t\t\t\t\t\t\t\t\t<\/a>\n\t\t\t\t\t\t\t\t\t\t\t\t<\/div>\n\t\t\t\t\t\t\t\t\t\t\t<div class=\"wd-gallery-item wd-carousel-item\">\n\t\t\t\t\t\t\t\t\t\t\t\t\t\t<a href=\"https:\/\/saftunisie.com\/wp-content\/uploads\/2021\/06\/Untitled-9.jpg\" data-elementor-open-lightbox=\"no\" data-index=\"3\" data-width=\"564\" data-height=\"433\" \n\t\t\t\t\t\t\t\t\t\t\t\t\t\t\t\t\t\t\t\t>\n\t\t\t\t\t\t\t\t\n\t\t\t\t\t\t\t\t<img loading=\"lazy\" decoding=\"async\" width=\"564\" height=\"433\" src=\"https:\/\/saftunisie.com\/wp-content\/uploads\/2021\/06\/Untitled-9.jpg\" class=\"wd-gallery-image image-3\" alt=\"Tunisian Deglet Nour Dates - Processed dates Deglet Nour - Best Quality dates deglet nour\" srcset=\"https:\/\/saftunisie.com\/wp-content\/uploads\/2021\/06\/Untitled-9.jpg 564w, https:\/\/saftunisie.com\/wp-content\/uploads\/2021\/06\/Untitled-9-300x230.jpg 300w\" sizes=\"auto, (max-width: 564px) 100vw, 564px\" \/>\n\t\t\t\t\t\t\t\t\t\t\t\t\t\t\t<\/a>\n\t\t\t\t\t\t\t\t\t\t\t\t<\/div>\n\t\t\t\t\t\t\t\t\t\n\t\t\t\t\t\t\t\t\t<\/div>\n\t\t\t\t\t\t\t<\/div>\n\n\t\t\t\t\t\t\t\t\t\t\t\t\t\t<div class=\"wd-nav-arrows wd-pos-sep wd-hover-1 wd-icon-1\">\n\t\t\t<div class=\"wd-btn-arrow wd-prev wd-disabled\">\n\t\t\t\t<div class=\"wd-arrow-inner\"><\/div>\n\t\t\t<\/div>\n\t\t\t<div class=\"wd-btn-arrow wd-next\">\n\t\t\t\t<div class=\"wd-arrow-inner\"><\/div>\n\t\t\t<\/div>\n\t\t<\/div>\n\t\t\t\t\t\t\n\t\t\t\t<\/div>\n\n\t\t\t\t\t\t<div class=\"wd-nav-pagin-wrap text-center wd-style-shape wd-hide-md-sm wd-hide-sm\">\n\t\t\t<ul class=\"wd-nav-pagin\"><\/ul>\n\t\t<\/div>\n\t\t\t\t\t\t\t\t\t\t\t<\/div>\n\t\t<\/div><\/div><\/div><\/div><div class=\"vc_row-full-width vc_clearfix\"><\/div>\n<\/div>","protected":false},"excerpt":{"rendered":"Our factory SAFT Deglet Nour Dates are characterized by prestigious high quality that guarantees great benefits for its consumers. Taking","protected":false},"author":23,"featured_media":0,"parent":0,"menu_order":0,"comment_status":"closed","ping_status":"closed","template":"","meta":{"footnotes":""},"class_list":["post-164","page","type-page","status-publish","hentry"],"yoast_head":"<!-- This site is optimized with the Yoast SEO plugin v27.4 - https:\/\/yoast.com\/product\/yoast-seo-wordpress\/ -->\n<title>Tunisian Deglet Nour Dates : Processed Tunisian Dates SAFT<\/title>\n<meta name=\"description\" content=\"SAFT Tunisian Deglet Nour Dates factory provides you with Processed Dates Deglet Nour,Pitted Dates Deglet Nour, Natural Branched Dates, Dates Ingridients\" \/>\n<meta name=\"robots\" content=\"index, follow, max-snippet:-1, max-image-preview:large, max-video-preview:-1\" \/>\n<link rel=\"canonical\" href=\"https:\/\/saftunisie.com\/it\/factory-dates-deglet-nour\/\" \/>\n<meta property=\"og:locale\" content=\"it_IT\" \/>\n<meta property=\"og:type\" content=\"article\" \/>\n<meta property=\"og:title\" content=\"Tunisian Deglet Nour Dates : Processed Tunisian Dates SAFT\" \/>\n<meta property=\"og:description\" content=\"SAFT Tunisian Deglet Nour Dates factory provides you with Processed Dates Deglet Nour,Pitted Dates Deglet Nour, Natural Branched Dates, Dates Ingridients\" \/>\n<meta property=\"og:url\" content=\"https:\/\/saftunisie.com\/it\/factory-dates-deglet-nour\/\" \/>\n<meta property=\"og:site_name\" content=\"SAFT\" \/>\n<meta property=\"article:modified_time\" content=\"2024-09-24T11:40:50+00:00\" \/>\n<meta name=\"twitter:card\" content=\"summary_large_image\" \/>\n<meta name=\"twitter:label1\" content=\"Tempo di lettura stimato\" \/>\n\t<meta name=\"twitter:data1\" content=\"4 minuti\" \/>\n<script type=\"application\/ld+json\" class=\"yoast-schema-graph\">{\"@context\":\"https:\\\/\\\/schema.org\",\"@graph\":[{\"@type\":\"WebPage\",\"@id\":\"https:\\\/\\\/saftunisie.com\\\/factory-dates-deglet-nour\\\/\",\"url\":\"https:\\\/\\\/saftunisie.com\\\/factory-dates-deglet-nour\\\/\",\"name\":\"Tunisian Deglet Nour Dates : Processed Tunisian Dates SAFT\",\"isPartOf\":{\"@id\":\"https:\\\/\\\/saftunisie.com\\\/#website\"},\"datePublished\":\"2021-01-13T10:12:08+00:00\",\"dateModified\":\"2024-09-24T11:40:50+00:00\",\"description\":\"SAFT Tunisian Deglet Nour Dates factory provides you with Processed Dates Deglet Nour,Pitted Dates Deglet Nour, Natural Branched Dates, Dates Ingridients\",\"breadcrumb\":{\"@id\":\"https:\\\/\\\/saftunisie.com\\\/factory-dates-deglet-nour\\\/#breadcrumb\"},\"inLanguage\":\"it-IT\",\"potentialAction\":[{\"@type\":\"ReadAction\",\"target\":[\"https:\\\/\\\/saftunisie.com\\\/factory-dates-deglet-nour\\\/\"]}]},{\"@type\":\"BreadcrumbList\",\"@id\":\"https:\\\/\\\/saftunisie.com\\\/factory-dates-deglet-nour\\\/#breadcrumb\",\"itemListElement\":[{\"@type\":\"ListItem\",\"position\":1,\"name\":\"Accueil\",\"item\":\"https:\\\/\\\/saftunisie.com\\\/\"},{\"@type\":\"ListItem\",\"position\":2,\"name\":\"Our factory\"}]},{\"@type\":\"WebSite\",\"@id\":\"https:\\\/\\\/saftunisie.com\\\/#website\",\"url\":\"https:\\\/\\\/saftunisie.com\\\/\",\"name\":\"SAFT\",\"description\":\"SAFT CIE S.A.R.L (Soci\u00e9t\u00e9 Agricole et froid trading) was founded in 2000 by Mr. Abdelmajid Neifer\",\"publisher\":{\"@id\":\"https:\\\/\\\/saftunisie.com\\\/#organization\"},\"potentialAction\":[{\"@type\":\"SearchAction\",\"target\":{\"@type\":\"EntryPoint\",\"urlTemplate\":\"https:\\\/\\\/saftunisie.com\\\/?s={search_term_string}\"},\"query-input\":{\"@type\":\"PropertyValueSpecification\",\"valueRequired\":true,\"valueName\":\"search_term_string\"}}],\"inLanguage\":\"it-IT\"},{\"@type\":\"Organization\",\"@id\":\"https:\\\/\\\/saftunisie.com\\\/#organization\",\"name\":\"SAFTUNISIE\",\"url\":\"https:\\\/\\\/saftunisie.com\\\/\",\"logo\":{\"@type\":\"ImageObject\",\"inLanguage\":\"it-IT\",\"@id\":\"https:\\\/\\\/saftunisie.com\\\/#\\\/schema\\\/logo\\\/image\\\/\",\"url\":\"https:\\\/\\\/saftunisie.com\\\/wp-content\\\/uploads\\\/2021\\\/06\\\/logo2.png\",\"contentUrl\":\"https:\\\/\\\/saftunisie.com\\\/wp-content\\\/uploads\\\/2021\\\/06\\\/logo2.png\",\"width\":123,\"height\":127,\"caption\":\"SAFTUNISIE\"},\"image\":{\"@id\":\"https:\\\/\\\/saftunisie.com\\\/#\\\/schema\\\/logo\\\/image\\\/\"}}]}<\/script>\n<!-- \/ Yoast SEO plugin. -->","yoast_head_json":{"title":"Tunisian Deglet Nour Dates : Processed Tunisian Dates SAFT","description":"SAFT Tunisian Deglet Nour Dates factory provides you with Processed Dates Deglet Nour,Pitted Dates Deglet Nour, Natural Branched Dates, Dates Ingridients","robots":{"index":"index","follow":"follow","max-snippet":"max-snippet:-1","max-image-preview":"max-image-preview:large","max-video-preview":"max-video-preview:-1"},"canonical":"https:\/\/saftunisie.com\/it\/factory-dates-deglet-nour\/","og_locale":"it_IT","og_type":"article","og_title":"Tunisian Deglet Nour Dates : Processed Tunisian Dates SAFT","og_description":"SAFT Tunisian Deglet Nour Dates factory provides you with Processed Dates Deglet Nour,Pitted Dates Deglet Nour, Natural Branched Dates, Dates Ingridients","og_url":"https:\/\/saftunisie.com\/it\/factory-dates-deglet-nour\/","og_site_name":"SAFT","article_modified_time":"2024-09-24T11:40:50+00:00","twitter_card":"summary_large_image","twitter_misc":{"Tempo di lettura stimato":"4 minuti"},"schema":{"@context":"https:\/\/schema.org","@graph":[{"@type":"WebPage","@id":"https:\/\/saftunisie.com\/factory-dates-deglet-nour\/","url":"https:\/\/saftunisie.com\/factory-dates-deglet-nour\/","name":"Tunisian Deglet Nour Dates : Processed Tunisian Dates SAFT","isPartOf":{"@id":"https:\/\/saftunisie.com\/#website"},"datePublished":"2021-01-13T10:12:08+00:00","dateModified":"2024-09-24T11:40:50+00:00","description":"SAFT Tunisian Deglet Nour Dates factory provides you with Processed Dates Deglet Nour,Pitted Dates Deglet Nour, Natural Branched Dates, Dates Ingridients","breadcrumb":{"@id":"https:\/\/saftunisie.com\/factory-dates-deglet-nour\/#breadcrumb"},"inLanguage":"it-IT","potentialAction":[{"@type":"ReadAction","target":["https:\/\/saftunisie.com\/factory-dates-deglet-nour\/"]}]},{"@type":"BreadcrumbList","@id":"https:\/\/saftunisie.com\/factory-dates-deglet-nour\/#breadcrumb","itemListElement":[{"@type":"ListItem","position":1,"name":"Accueil","item":"https:\/\/saftunisie.com\/"},{"@type":"ListItem","position":2,"name":"Our factory"}]},{"@type":"WebSite","@id":"https:\/\/saftunisie.com\/#website","url":"https:\/\/saftunisie.com\/","name":"SAFT","description":"SAFT CIE SARL (Soci\u00e9t\u00e9 Agricole et froid trading) \u00e8 stata fondata nel 2000 dal Sig. Abdelmajid Neifer","publisher":{"@id":"https:\/\/saftunisie.com\/#organization"},"potentialAction":[{"@type":"SearchAction","target":{"@type":"EntryPoint","urlTemplate":"https:\/\/saftunisie.com\/?s={search_term_string}"},"query-input":{"@type":"PropertyValueSpecification","valueRequired":true,"valueName":"search_term_string"}}],"inLanguage":"it-IT"},{"@type":"Organization","@id":"https:\/\/saftunisie.com\/#organization","name":"SAFTUNISIE","url":"https:\/\/saftunisie.com\/","logo":{"@type":"ImageObject","inLanguage":"it-IT","@id":"https:\/\/saftunisie.com\/#\/schema\/logo\/image\/","url":"https:\/\/saftunisie.com\/wp-content\/uploads\/2021\/06\/logo2.png","contentUrl":"https:\/\/saftunisie.com\/wp-content\/uploads\/2021\/06\/logo2.png","width":123,"height":127,"caption":"SAFTUNISIE"},"image":{"@id":"https:\/\/saftunisie.com\/#\/schema\/logo\/image\/"}}]}},"_links":{"self":[{"href":"https:\/\/saftunisie.com\/it\/wp-json\/wp\/v2\/pages\/164","targetHints":{"allow":["GET"]}}],"collection":[{"href":"https:\/\/saftunisie.com\/it\/wp-json\/wp\/v2\/pages"}],"about":[{"href":"https:\/\/saftunisie.com\/it\/wp-json\/wp\/v2\/types\/page"}],"author":[{"embeddable":true,"href":"https:\/\/saftunisie.com\/it\/wp-json\/wp\/v2\/users\/23"}],"replies":[{"embeddable":true,"href":"https:\/\/saftunisie.com\/it\/wp-json\/wp\/v2\/comments?post=164"}],"version-history":[{"count":79,"href":"https:\/\/saftunisie.com\/it\/wp-json\/wp\/v2\/pages\/164\/revisions"}],"predecessor-version":[{"id":1187,"href":"https:\/\/saftunisie.com\/it\/wp-json\/wp\/v2\/pages\/164\/revisions\/1187"}],"wp:attachment":[{"href":"https:\/\/saftunisie.com\/it\/wp-json\/wp\/v2\/media?parent=164"}],"curies":[{"name":"parola chiave","href":"https:\/\/api.w.org\/{rel}","templated":true}]}}