{"id":175,"date":"2021-01-13T13:20:43","date_gmt":"2021-01-13T12:20:43","guid":{"rendered":"https:\/\/saft.webmedia-dev.ovh\/?page_id=175"},"modified":"2026-03-06T13:51:09","modified_gmt":"2026-03-06T12:51:09","slug":"tunisian-dates-deglet-nour","status":"publish","type":"page","link":"https:\/\/saftunisie.com\/it\/tunisian-dates-deglet-nour\/","title":{"rendered":"DATTERI DEGLET NOUR"},"content":{"rendered":"<div class=\"wpb-content-wrapper\"><div class=\"vc_row wpb_row vc_row-fluid vc_row-o-content-middle vc_row-flex\"><div class=\"wpb_column vc_column_container vc_col-sm-12\"><div class=\"vc_column-inner\"><div class=\"wpb_wrapper\">\n\t<div class=\"wpb_text_column wpb_content_element vc_custom_1638190735283\" >\n\t\t<div class=\"wpb_wrapper\">\n\t\t\t<p style=\"text-align: center;\"><span class=\"titre-gold\">I benefici di<\/span><\/p>\n\n\t\t<\/div>\n\t<\/div>\n<div class=\"vc_empty_space\"   style=\"height: 28px\"><span class=\"vc_empty_space_inner\"><\/span><\/div>\n\t<div class=\"wpb_text_column wpb_content_element\" >\n\t\t<div class=\"wpb_wrapper\">\n\t\t\t<h2 style=\"font-size: 28px; text-align: center;\">Datteri tunisini Deglet Nour<\/h2>\n\n\t\t<\/div>\n\t<\/div>\n\n\t<div class=\"wpb_text_column wpb_content_element\" >\n\t\t<div class=\"wpb_wrapper\">\n\t\t\t<p style=\"text-align: left;\"><strong>Datteri Deglet Nour<\/strong> \u00e8 il simbolo principale della Tunisia. Questo marchio di <strong>Datteri tunisini<\/strong> \u00e8 coltivato da 5.000 anni principalmente nel<strong> a sud della Tunisia<\/strong> su Kebili e Tozeur. Inoltre,<strong> Datteri Deglet Nour tunisini<\/strong> \u00e8 uno dei pi\u00f9 prestigiosi e famosi <strong>date<\/strong> nel mondo.<\/p>\n\n\t\t<\/div>\n\t<\/div>\n\n\t<div class=\"wpb_text_column wpb_content_element\" >\n\t\t<div class=\"wpb_wrapper\">\n\t\t\t<p>Grazie al meraviglioso sole di <strong>Tunisia<\/strong>, <strong>Deglet Nour<\/strong> I datteri sono un&#039;ottima fonte di potassio. Il potassio \u00e8, infatti, un componente importante dei fluidi cellulari e corporei che aiutano a regolare la frequenza cardiaca e la pressione sanguigna. Inoltre, <strong>Date Deglet Nour<\/strong> sono anche ricchi di minerali come calcio, manganese, rame e magnesio. Il calcio, infatti, \u00e8 un minerale importante, componente essenziale di ossa e denti, indispensabile per la contrazione muscolare, la coagulazione del sangue e la conduzione degli impulsi nervosi. Un altro vantaggio di <strong><a title=\"SAFT\" href=\"https:\/\/saftunisie.com\/it\/\">SAFT<\/a> Date Deglet Nour <\/strong>\u00e8 che nutrono il corpo di magnesio, che viene utilizzato dall&#039;organismo come cofattore per l&#039;enzima antiossidante superossido dismutasi.<\/p>\n<p>Inoltre, <strong>Date Deglet Nour<\/strong> sono un&#039;ottima fonte di ferro poich\u00e9 questo tipo di <strong>Datteri tunisini<\/strong> Fornisce 0,90 mg\/100 g di frutta (circa 11% della RDI). In relazione a ci\u00f2, il ferro, un componente dell&#039;emoglobina nei globuli rossi, determina la capacit\u00e0 del sangue di trasportare ossigeno. Inoltre, <a title=\"Datteri tunisini Deglet Nour\" href=\"https:\/\/saftunisie.com\/it\/tunisian-common-dates\/\"><strong>Datteri Deglet Nour<\/strong> <\/a>contengono fonti moderate di vitamina A (contiene 149 UI per 100 g), nota per le sue propriet\u00e0 antiossidanti ed essenziale per l&#039;acutezza visiva.<\/p>\n\n\t\t<\/div>\n\t<\/div>\n<div class=\"vc_btn3-container vc_btn3-center vc_do_btn\" ><a style=\"background-color:#e5a335; color:#ffffff;\" class=\"vc_general vc_btn3 vc_btn3-size-md vc_btn3-shape-square vc_btn3-style-custom\" href=\"https:\/\/saftunisie.com\/it\/contact\/\" title=\"Contatta Saft\">Contattaci<\/a><\/div><\/div><\/div><\/div><\/div><div id=\"natural-branched-dates\" class=\"vc_row wpb_row vc_row-fluid vc_row-o-content-middle vc_row-flex\"><div class=\"wpb_column vc_column_container vc_col-sm-6\"><div class=\"vc_column-inner\"><div class=\"wpb_wrapper\">\n\t<div class=\"wpb_text_column wpb_content_element title-sub\" >\n\t\t<div class=\"wpb_wrapper\">\n\t\t\t<p>DATTERI DEGLET NOUR TUNISIA<\/p>\n\n\t\t<\/div>\n\t<\/div>\n\n\t<div class=\"wpb_text_column wpb_content_element titre-product\" >\n\t\t<div class=\"wpb_wrapper\">\n\t\t\t<h2>Datteri ramificati naturali Deglet Nour<\/h2>\n\n\t\t<\/div>\n\t<\/div>\n\n\t<div class=\"wpb_text_column wpb_content_element\" >\n\t\t<div class=\"wpb_wrapper\">\n\t\t\t<p>IL <strong><a title=\"Datteri ramificati Deglet Nour\" href=\"https:\/\/saftunisie.com\/it\/tunisian-dates-deglet-nour\/#natural-branched-dates\">date ramificate<\/a> Deglet Nour<\/strong> sono datteri allo stato naturale, su steli.<\/p>\n<p>Designazione: <strong>Datteri Deglet Nour sui rami<\/strong>. Colore ambrato-marrone.<\/p>\n<p>Regione Tunisia: Kebili e Tozeur<\/p>\n<p>Periodo di raccolta: da ottobre a dicembre Stato con semi<\/p>\n<p>Condizioni di conservazione: Conservare in ambiente fresco e asciutto ad una temperatura compresa tra 0\u00b0 e 4\u00b0 con HR &lt;65<\/p>\n\n\t\t<\/div>\n\t<\/div>\n<\/div><\/div><\/div><div class=\"wpb_column vc_column_container vc_col-sm-6\"><div class=\"vc_column-inner\"><div class=\"wpb_wrapper\">\n\t<div class=\"wpb_text_column wpb_content_element\" >\n\t\t<div class=\"wpb_wrapper\">\n\t\t\t<p><img loading=\"lazy\" decoding=\"async\" class=\"alignnone wp-image-443 size-full\" src=\"http:\/\/saftunisie.com\/wp-content\/uploads\/2021\/06\/natural-branched.png\" alt=\"Tunisian Dates Deglet Nour Natural Branched Dates - Processed dates deglet nour \" width=\"809\" height=\"719\" srcset=\"https:\/\/saftunisie.com\/wp-content\/uploads\/2021\/06\/natural-branched.png 809w, https:\/\/saftunisie.com\/wp-content\/uploads\/2021\/06\/natural-branched-600x533.png 600w, https:\/\/saftunisie.com\/wp-content\/uploads\/2021\/06\/natural-branched-300x267.png 300w, https:\/\/saftunisie.com\/wp-content\/uploads\/2021\/06\/natural-branched-768x683.png 768w\" sizes=\"auto, (max-width: 809px) 100vw, 809px\" \/><\/p>\n\n\t\t<\/div>\n\t<\/div>\n<\/div><\/div><\/div><\/div><div id=\"natural-loose-dates-deglet-nour\" class=\"vc_row wpb_row vc_row-fluid vc_row-o-content-middle vc_row-flex\"><div class=\"wpb_column vc_column_container vc_col-sm-6\"><div class=\"vc_column-inner\"><div class=\"wpb_wrapper\">\n\t<div  class=\"wpb_single_image wpb_content_element vc_align_left\">\n\t\t\n\t\t<figure class=\"wpb_wrapper vc_figure\">\n\t\t\t<div class=\"vc_single_image-wrapper   vc_box_border_grey\"><img loading=\"lazy\" decoding=\"async\" width=\"809\" height=\"719\" src=\"https:\/\/saftunisie.com\/wp-content\/uploads\/2022\/01\/Natural-Loose-Dates-Deglet-Nour-Tunisia.jpg\" class=\"vc_single_image-img attachment-full\" alt=\"\" title=\"Datteri naturali sfusi Deglet Nour Tunisia\" srcset=\"https:\/\/saftunisie.com\/wp-content\/uploads\/2022\/01\/Natural-Loose-Dates-Deglet-Nour-Tunisia.jpg 809w, https:\/\/saftunisie.com\/wp-content\/uploads\/2022\/01\/Natural-Loose-Dates-Deglet-Nour-Tunisia-300x267.jpg 300w, https:\/\/saftunisie.com\/wp-content\/uploads\/2022\/01\/Natural-Loose-Dates-Deglet-Nour-Tunisia-768x683.jpg 768w, https:\/\/saftunisie.com\/wp-content\/uploads\/2022\/01\/Natural-Loose-Dates-Deglet-Nour-Tunisia-600x533.jpg 600w\" sizes=\"auto, (max-width: 809px) 100vw, 809px\" \/><\/div>\n\t\t<\/figure>\n\t<\/div>\n<\/div><\/div><\/div><div class=\"wpb_column vc_column_container vc_col-sm-6\"><div class=\"vc_column-inner\"><div class=\"wpb_wrapper\">\n\t<div class=\"wpb_text_column wpb_content_element title-sub\" >\n\t\t<div class=\"wpb_wrapper\">\n\t\t\t<p>DATTERI DEGLET NOUR TUNISIA<\/p>\n\n\t\t<\/div>\n\t<\/div>\n\n\t<div class=\"wpb_text_column wpb_content_element titre-product\" >\n\t\t<div class=\"wpb_wrapper\">\n\t\t\t<h2>\u00a0Datteri naturali sfusi Deglet Nour<\/h2>\n\n\t\t<\/div>\n\t<\/div>\n\n\t<div class=\"wpb_text_column wpb_content_element\" >\n\t\t<div class=\"wpb_wrapper\">\n\t\t\t<p>Selezionati in base alle loro dimensioni e consistenza, <a title=\"Datteri sfusi tunisini\" href=\"https:\/\/saftunisie.com\/it\/tunisian-dates-deglet-nour\/#natural-loose-dates-deglet-nour\"><strong>date standard<\/strong><\/a> sono datteri allo stato naturale, staccati dai rami.<\/p>\n<p>Designazione: Standard <strong>Datteri Deglet Nour<\/strong>. Colore da ambrato a marrone scuro.<\/p>\n<p>Regione: <strong>Tunisia<\/strong>: Kebili e Tozeur<\/p>\n<p>Periodo di raccolta: da ottobre a dicembre<\/p>\n<p>Stato: Con semi<\/p>\n<p>Condizioni di conservazione: Conservare in ambiente fresco e asciutto ad una temperatura compresa tra 0\u00b0 e 4\u00b0 con HR &lt;65<\/p>\n<p>Tipo: Datteri da morbidi a semi-morbidi con contenuto d&#039;acqua di 18% e 22%<\/p>\n\n\t\t<\/div>\n\t<\/div>\n<\/div><\/div><\/div><\/div><div id=\"processed-dates-deglet-nour\" class=\"vc_row wpb_row vc_row-fluid vc_row-o-content-middle vc_row-flex\"><div class=\"wpb_column vc_column_container vc_col-sm-6\"><div class=\"vc_column-inner\"><div class=\"wpb_wrapper\">\n\t<div class=\"wpb_text_column wpb_content_element title-sub\" >\n\t\t<div class=\"wpb_wrapper\">\n\t\t\t<p>DATTERI DEGLET NOUR TUNISIA<\/p>\n\n\t\t<\/div>\n\t<\/div>\n\n\t<div class=\"wpb_text_column wpb_content_element titre-product\" >\n\t\t<div class=\"wpb_wrapper\">\n\t\t\t<h2>Datteri lavorati Deglet Nour<\/h2>\n\n\t\t<\/div>\n\t<\/div>\n\n\t<div class=\"wpb_text_column wpb_content_element\" >\n\t\t<div class=\"wpb_wrapper\">\n\t\t\t<p>La maggior parte di \u00a0<strong>Date Deglet Nour<\/strong> I datteri destinati alla lavorazione sono semi-secchi e secchi, raccolti dai rami o lasciati cadere naturalmente dai rami e sottoposti a un processo che comprende pulizia, classificazione, lavaggio, inumidimento, ceratura e trattamento termico. .<\/p>\n<p>Designazione: <strong><a title=\"Datteri tunisini lavorati\" href=\"https:\/\/saftunisie.com\/it\/tunisian-dates-deglet-nour\/#processed-dates-deglet-nour\">Date di elaborazione<\/a> Deglet Nour<\/strong>, colore da ambra a marrone a marrone scuro.<\/p>\n<p>Regione: Tunisia: Kebili e Tozeur<\/p>\n<p>Periodo di raccolta: da ottobre a dicembre<\/p>\n<p>Stato: Con semi<\/p>\n<p>Condizioni di conservazione: Conservare in un ambiente fresco e asciutto ad una temperatura compresa tra 0\u00b0 e 4\u00b0 (Celsius) con HR inferiore a 65<\/p>\n<p>Tipo: datteri semi-secchi con contenuto d&#039;acqua variabile tra 18 % e 22%.<\/p>\n\n\t\t<\/div>\n\t<\/div>\n<\/div><\/div><\/div><div class=\"wpb_column vc_column_container vc_col-sm-6\"><div class=\"vc_column-inner\"><div class=\"wpb_wrapper\">\n\t<div  class=\"wpb_single_image wpb_content_element vc_align_left\">\n\t\t\n\t\t<figure class=\"wpb_wrapper vc_figure\">\n\t\t\t<div class=\"vc_single_image-wrapper   vc_box_border_grey\"><img loading=\"lazy\" decoding=\"async\" width=\"809\" height=\"719\" src=\"https:\/\/saftunisie.com\/wp-content\/uploads\/2021\/06\/PROCESSED.png\" class=\"vc_single_image-img attachment-full\" alt=\"Processed Tunisian dates deglet nour - branched Dates Deglet Nour - Best Quality\" title=\"Datteri tunisini lavorati deglet nour - Datteri ramificati Deglet Nour - Migliore qualit\u00e0\" srcset=\"https:\/\/saftunisie.com\/wp-content\/uploads\/2021\/06\/PROCESSED.png 809w, https:\/\/saftunisie.com\/wp-content\/uploads\/2021\/06\/PROCESSED-600x533.png 600w, https:\/\/saftunisie.com\/wp-content\/uploads\/2021\/06\/PROCESSED-300x267.png 300w, https:\/\/saftunisie.com\/wp-content\/uploads\/2021\/06\/PROCESSED-768x683.png 768w\" sizes=\"auto, (max-width: 809px) 100vw, 809px\" \/><\/div>\n\t\t<\/figure>\n\t<\/div>\n<\/div><\/div><\/div><\/div><div id=\"pitted-dates-deglet-nour\" class=\"vc_row wpb_row vc_row-fluid vc_row-o-content-middle vc_row-flex\"><div class=\"wpb_column vc_column_container vc_col-sm-6\"><div class=\"vc_column-inner\"><div class=\"wpb_wrapper\">\n\t<div  class=\"wpb_single_image wpb_content_element vc_align_left\">\n\t\t\n\t\t<figure class=\"wpb_wrapper vc_figure\">\n\t\t\t<div class=\"vc_single_image-wrapper   vc_box_border_grey\"><img loading=\"lazy\" decoding=\"async\" width=\"765\" height=\"581\" src=\"https:\/\/saftunisie.com\/wp-content\/uploads\/2021\/07\/PITTED-DATES-DEGLET-NOUR.jpg\" class=\"vc_single_image-img attachment-full\" alt=\"Processed Tunisian dates deglet nour - branched Dates Deglet Nour - Best Quality\" title=\"Datteri denocciolati Deglet Nour\" srcset=\"https:\/\/saftunisie.com\/wp-content\/uploads\/2021\/07\/PITTED-DATES-DEGLET-NOUR.jpg 765w, https:\/\/saftunisie.com\/wp-content\/uploads\/2021\/07\/PITTED-DATES-DEGLET-NOUR-600x456.jpg 600w, https:\/\/saftunisie.com\/wp-content\/uploads\/2021\/07\/PITTED-DATES-DEGLET-NOUR-300x228.jpg 300w\" sizes=\"auto, (max-width: 765px) 100vw, 765px\" \/><\/div>\n\t\t<\/figure>\n\t<\/div>\n<\/div><\/div><\/div><div class=\"wpb_column vc_column_container vc_col-sm-6\"><div class=\"vc_column-inner\"><div class=\"wpb_wrapper\">\n\t<div class=\"wpb_text_column wpb_content_element title-sub\" >\n\t\t<div class=\"wpb_wrapper\">\n\t\t\t<p>DATTERI DEGLET NOUR TUNISIA<\/p>\n\n\t\t<\/div>\n\t<\/div>\n\n\t<div class=\"wpb_text_column wpb_content_element titre-product\" >\n\t\t<div class=\"wpb_wrapper\">\n\t\t\t<h2>Datteri denocciolati Deglet Nour<\/h2>\n\n\t\t<\/div>\n\t<\/div>\n\n\t<div class=\"wpb_text_column wpb_content_element\" >\n\t\t<div class=\"wpb_wrapper\">\n\t\t\t<p>Designazione: <a title=\"Datteri denocciolati Deglet Nour\" href=\"https:\/\/saftunisie.com\/it\/tunisian-dates-deglet-nour\/#pitted-dates-deglet-nour\"><strong>Datteri denocciolati Deglet Nour<\/strong><\/a>. Colore ambrato-marrone.<\/p>\n<p>Regione: Tunisia: Kebili e Tozeur.<\/p>\n<p>Periodo di raccolta: da ottobre a dicembre<\/p>\n<p>Stato: Senza semi<\/p>\n<p>Condizioni di conservazione: Conservare in ambiente fresco e asciutto ad una temperatura compresa tra 0\u00b0 e 4\u00b0 con HR &lt;65<\/p>\n<p>Tipo: Datteri morbidi o semi-secchi con un contenuto d&#039;acqua di circa 18% e 22%.<\/p>\n\n\t\t<\/div>\n\t<\/div>\n<\/div><\/div><\/div><\/div><div id=\"bouquet-branched\" class=\"vc_row wpb_row vc_row-fluid vc_row-o-content-middle vc_row-flex wd-rs-69aacd754d37a\"><div class=\"wpb_column vc_column_container vc_col-sm-6\"><div class=\"vc_column-inner\"><div class=\"wpb_wrapper\">\n\t<div class=\"wpb_text_column wpb_content_element title-sub\" >\n\t\t<div class=\"wpb_wrapper\">\n\t\t\t<p>DATTERI DEGLET NOUR TUNISIA<\/p>\n\n\t\t<\/div>\n\t<\/div>\n\n\t<div class=\"wpb_text_column wpb_content_element titre-product\" >\n\t\t<div class=\"wpb_wrapper\">\n\t\t\t<h2>Bouquet di datteri ramificati 500 g<\/h2>\n\n\t\t<\/div>\n\t<\/div>\n\n\t<div class=\"wpb_text_column wpb_content_element\" >\n\t\t<div class=\"wpb_wrapper\">\n\t\t\t<p>Designazione: <a title=\"Datteri denocciolati Deglet Nour\" href=\"https:\/\/saftunisie.com\/it\/tunisian-dates-deglet-nour\/#bouquet-branched\"><strong>Bouquet di datteri ramificati Deglet Nour<\/strong><\/a>\u00a0500 grammi<\/p>\n<p>Regione: Tunisia: Kebili e Tozeur<\/p>\n<p>Periodo di raccolta: da ottobre a dicembre<\/p>\n<p>Stato: Con semi<\/p>\n<p>Condizioni di conservazione: Conservare in un ambiente fresco e asciutto ad una temperatura compresa tra 0\u00b0 e 4\u00b0 (Celsius) con HR inferiore a 65<\/p>\n<p>Tipo: datteri semi-secchi con contenuto d&#039;acqua variabile tra 18 % e 22%.<\/p>\n\n\t\t<\/div>\n\t<\/div>\n<\/div><\/div><\/div><div class=\"wpb_column vc_column_container vc_col-sm-6\"><div class=\"vc_column-inner\"><div class=\"wpb_wrapper\">\n\t<div  class=\"wpb_single_image wpb_content_element vc_align_left\">\n\t\t\n\t\t<figure class=\"wpb_wrapper vc_figure\">\n\t\t\t<div class=\"vc_single_image-wrapper   vc_box_border_grey\"><img loading=\"lazy\" decoding=\"async\" width=\"809\" height=\"719\" src=\"https:\/\/saftunisie.com\/wp-content\/uploads\/2026\/03\/Bouquet-branched-dates-500-g.jpg\" class=\"vc_single_image-img attachment-full\" alt=\"\" title=\"Bouquet di datteri ramificati 500 g\" srcset=\"https:\/\/saftunisie.com\/wp-content\/uploads\/2026\/03\/Bouquet-branched-dates-500-g.jpg 809w, https:\/\/saftunisie.com\/wp-content\/uploads\/2026\/03\/Bouquet-branched-dates-500-g-300x267.jpg 300w, https:\/\/saftunisie.com\/wp-content\/uploads\/2026\/03\/Bouquet-branched-dates-500-g-768x683.jpg 768w, https:\/\/saftunisie.com\/wp-content\/uploads\/2026\/03\/Bouquet-branched-dates-500-g-14x12.jpg 14w\" sizes=\"auto, (max-width: 809px) 100vw, 809px\" \/><\/div>\n\t\t<\/figure>\n\t<\/div>\n<\/div><\/div><\/div><\/div>\n<\/div>","protected":false},"excerpt":{"rendered":"I benefici dei datteri tunisini Deglet Nour I datteri Deglet Nour sono il simbolo principale della Tunisia. Questo marchio di datteri tunisini","protected":false},"author":23,"featured_media":0,"parent":0,"menu_order":0,"comment_status":"closed","ping_status":"closed","template":"","meta":{"footnotes":""},"class_list":["post-175","page","type-page","status-publish","hentry"],"yoast_head":"<!-- This site is optimized with the Yoast SEO plugin v27.4 - https:\/\/yoast.com\/product\/yoast-seo-wordpress\/ -->\n<title>Tunisian Dates Deglet Nour - Best Quality Deglet Nour - SAFT<\/title>\n<meta name=\"description\" content=\"SAFT providesyou with Tunisian Dates deglet Nour, Processed Dates Deglet Nour, Pitted Dates Deglet Nour, Natural Branched Dates, Tunisian Dates Ingridients\" \/>\n<meta name=\"robots\" content=\"index, follow, max-snippet:-1, max-image-preview:large, max-video-preview:-1\" \/>\n<link rel=\"canonical\" href=\"https:\/\/saftunisie.com\/it\/tunisian-dates-deglet-nour\/\" \/>\n<meta property=\"og:locale\" content=\"it_IT\" \/>\n<meta property=\"og:type\" content=\"article\" \/>\n<meta property=\"og:title\" content=\"Tunisian Dates Deglet Nour - Best Quality Deglet Nour - SAFT\" \/>\n<meta property=\"og:description\" content=\"SAFT providesyou with Tunisian Dates deglet Nour, Processed Dates Deglet Nour, Pitted Dates Deglet Nour, Natural Branched Dates, Tunisian Dates Ingridients\" \/>\n<meta property=\"og:url\" content=\"https:\/\/saftunisie.com\/it\/tunisian-dates-deglet-nour\/\" \/>\n<meta property=\"og:site_name\" content=\"SAFT\" \/>\n<meta property=\"article:modified_time\" content=\"2026-03-06T12:51:09+00:00\" \/>\n<meta property=\"og:image\" content=\"http:\/\/saftunisie.com\/wp-content\/uploads\/2021\/06\/natural-branched.png\" \/>\n<meta name=\"twitter:card\" content=\"summary_large_image\" \/>\n<meta name=\"twitter:label1\" content=\"Tempo di lettura stimato\" \/>\n\t<meta name=\"twitter:data1\" content=\"5 minuti\" \/>\n<script type=\"application\/ld+json\" class=\"yoast-schema-graph\">{\"@context\":\"https:\\\/\\\/schema.org\",\"@graph\":[{\"@type\":\"WebPage\",\"@id\":\"https:\\\/\\\/saftunisie.com\\\/tunisian-dates-deglet-nour\\\/\",\"url\":\"https:\\\/\\\/saftunisie.com\\\/tunisian-dates-deglet-nour\\\/\",\"name\":\"Tunisian Dates Deglet Nour - Best Quality Deglet Nour - SAFT\",\"isPartOf\":{\"@id\":\"https:\\\/\\\/saftunisie.com\\\/#website\"},\"primaryImageOfPage\":{\"@id\":\"https:\\\/\\\/saftunisie.com\\\/tunisian-dates-deglet-nour\\\/#primaryimage\"},\"image\":{\"@id\":\"https:\\\/\\\/saftunisie.com\\\/tunisian-dates-deglet-nour\\\/#primaryimage\"},\"thumbnailUrl\":\"http:\\\/\\\/saftunisie.com\\\/wp-content\\\/uploads\\\/2021\\\/06\\\/natural-branched.png\",\"datePublished\":\"2021-01-13T12:20:43+00:00\",\"dateModified\":\"2026-03-06T12:51:09+00:00\",\"description\":\"SAFT providesyou with Tunisian Dates deglet Nour, Processed Dates Deglet Nour, Pitted Dates Deglet Nour, Natural Branched Dates, Tunisian Dates Ingridients\",\"breadcrumb\":{\"@id\":\"https:\\\/\\\/saftunisie.com\\\/tunisian-dates-deglet-nour\\\/#breadcrumb\"},\"inLanguage\":\"it-IT\",\"potentialAction\":[{\"@type\":\"ReadAction\",\"target\":[\"https:\\\/\\\/saftunisie.com\\\/tunisian-dates-deglet-nour\\\/\"]}]},{\"@type\":\"ImageObject\",\"inLanguage\":\"it-IT\",\"@id\":\"https:\\\/\\\/saftunisie.com\\\/tunisian-dates-deglet-nour\\\/#primaryimage\",\"url\":\"http:\\\/\\\/saftunisie.com\\\/wp-content\\\/uploads\\\/2021\\\/06\\\/natural-branched.png\",\"contentUrl\":\"http:\\\/\\\/saftunisie.com\\\/wp-content\\\/uploads\\\/2021\\\/06\\\/natural-branched.png\"},{\"@type\":\"BreadcrumbList\",\"@id\":\"https:\\\/\\\/saftunisie.com\\\/tunisian-dates-deglet-nour\\\/#breadcrumb\",\"itemListElement\":[{\"@type\":\"ListItem\",\"position\":1,\"name\":\"Accueil\",\"item\":\"https:\\\/\\\/saftunisie.com\\\/\"},{\"@type\":\"ListItem\",\"position\":2,\"name\":\"DATES DEGLET NOUR\"}]},{\"@type\":\"WebSite\",\"@id\":\"https:\\\/\\\/saftunisie.com\\\/#website\",\"url\":\"https:\\\/\\\/saftunisie.com\\\/\",\"name\":\"SAFT\",\"description\":\"SAFT CIE S.A.R.L (Soci\u00e9t\u00e9 Agricole et froid trading) was founded in 2000 by Mr. Abdelmajid Neifer\",\"publisher\":{\"@id\":\"https:\\\/\\\/saftunisie.com\\\/#organization\"},\"potentialAction\":[{\"@type\":\"SearchAction\",\"target\":{\"@type\":\"EntryPoint\",\"urlTemplate\":\"https:\\\/\\\/saftunisie.com\\\/?s={search_term_string}\"},\"query-input\":{\"@type\":\"PropertyValueSpecification\",\"valueRequired\":true,\"valueName\":\"search_term_string\"}}],\"inLanguage\":\"it-IT\"},{\"@type\":\"Organization\",\"@id\":\"https:\\\/\\\/saftunisie.com\\\/#organization\",\"name\":\"SAFTUNISIE\",\"url\":\"https:\\\/\\\/saftunisie.com\\\/\",\"logo\":{\"@type\":\"ImageObject\",\"inLanguage\":\"it-IT\",\"@id\":\"https:\\\/\\\/saftunisie.com\\\/#\\\/schema\\\/logo\\\/image\\\/\",\"url\":\"https:\\\/\\\/saftunisie.com\\\/wp-content\\\/uploads\\\/2021\\\/06\\\/logo2.png\",\"contentUrl\":\"https:\\\/\\\/saftunisie.com\\\/wp-content\\\/uploads\\\/2021\\\/06\\\/logo2.png\",\"width\":123,\"height\":127,\"caption\":\"SAFTUNISIE\"},\"image\":{\"@id\":\"https:\\\/\\\/saftunisie.com\\\/#\\\/schema\\\/logo\\\/image\\\/\"}}]}<\/script>\n<!-- \/ Yoast SEO plugin. -->","yoast_head_json":{"title":"Datteri tunisini Deglet Nour - Datteri Deglet Nour di ottima qualit\u00e0 - SICURO","description":"SAFT ti fornisce datteri tunisini deglet Nour, datteri lavorati deglet Nour, datteri denocciolati deglet Nour, datteri ramificati naturali, ingredienti a base di datteri tunisini","robots":{"index":"index","follow":"follow","max-snippet":"max-snippet:-1","max-image-preview":"max-image-preview:large","max-video-preview":"max-video-preview:-1"},"canonical":"https:\/\/saftunisie.com\/it\/tunisian-dates-deglet-nour\/","og_locale":"it_IT","og_type":"article","og_title":"Tunisian Dates Deglet Nour - Best Quality Deglet Nour - SAFT","og_description":"SAFT providesyou with Tunisian Dates deglet Nour, Processed Dates Deglet Nour, Pitted Dates Deglet Nour, Natural Branched Dates, Tunisian Dates Ingridients","og_url":"https:\/\/saftunisie.com\/it\/tunisian-dates-deglet-nour\/","og_site_name":"SAFT","article_modified_time":"2026-03-06T12:51:09+00:00","og_image":[{"url":"http:\/\/saftunisie.com\/wp-content\/uploads\/2021\/06\/natural-branched.png","type":"","width":"","height":""}],"twitter_card":"summary_large_image","twitter_misc":{"Tempo di lettura stimato":"5 minuti"},"schema":{"@context":"https:\/\/schema.org","@graph":[{"@type":"WebPage","@id":"https:\/\/saftunisie.com\/tunisian-dates-deglet-nour\/","url":"https:\/\/saftunisie.com\/tunisian-dates-deglet-nour\/","name":"Datteri tunisini Deglet Nour - Datteri Deglet Nour di ottima qualit\u00e0 - SICURO","isPartOf":{"@id":"https:\/\/saftunisie.com\/#website"},"primaryImageOfPage":{"@id":"https:\/\/saftunisie.com\/tunisian-dates-deglet-nour\/#primaryimage"},"image":{"@id":"https:\/\/saftunisie.com\/tunisian-dates-deglet-nour\/#primaryimage"},"thumbnailUrl":"http:\/\/saftunisie.com\/wp-content\/uploads\/2021\/06\/natural-branched.png","datePublished":"2021-01-13T12:20:43+00:00","dateModified":"2026-03-06T12:51:09+00:00","description":"SAFT ti fornisce datteri tunisini deglet Nour, datteri lavorati deglet Nour, datteri denocciolati deglet Nour, datteri ramificati naturali, ingredienti a base di datteri tunisini","breadcrumb":{"@id":"https:\/\/saftunisie.com\/tunisian-dates-deglet-nour\/#breadcrumb"},"inLanguage":"it-IT","potentialAction":[{"@type":"ReadAction","target":["https:\/\/saftunisie.com\/tunisian-dates-deglet-nour\/"]}]},{"@type":"ImageObject","inLanguage":"it-IT","@id":"https:\/\/saftunisie.com\/tunisian-dates-deglet-nour\/#primaryimage","url":"http:\/\/saftunisie.com\/wp-content\/uploads\/2021\/06\/natural-branched.png","contentUrl":"http:\/\/saftunisie.com\/wp-content\/uploads\/2021\/06\/natural-branched.png"},{"@type":"BreadcrumbList","@id":"https:\/\/saftunisie.com\/tunisian-dates-deglet-nour\/#breadcrumb","itemListElement":[{"@type":"ListItem","position":1,"name":"Accueil","item":"https:\/\/saftunisie.com\/"},{"@type":"ListItem","position":2,"name":"DATES DEGLET NOUR"}]},{"@type":"WebSite","@id":"https:\/\/saftunisie.com\/#website","url":"https:\/\/saftunisie.com\/","name":"SAFT","description":"SAFT CIE SARL (Soci\u00e9t\u00e9 Agricole et froid trading) \u00e8 stata fondata nel 2000 dal Sig. Abdelmajid Neifer","publisher":{"@id":"https:\/\/saftunisie.com\/#organization"},"potentialAction":[{"@type":"SearchAction","target":{"@type":"EntryPoint","urlTemplate":"https:\/\/saftunisie.com\/?s={search_term_string}"},"query-input":{"@type":"PropertyValueSpecification","valueRequired":true,"valueName":"search_term_string"}}],"inLanguage":"it-IT"},{"@type":"Organization","@id":"https:\/\/saftunisie.com\/#organization","name":"SAFTUNISIE","url":"https:\/\/saftunisie.com\/","logo":{"@type":"ImageObject","inLanguage":"it-IT","@id":"https:\/\/saftunisie.com\/#\/schema\/logo\/image\/","url":"https:\/\/saftunisie.com\/wp-content\/uploads\/2021\/06\/logo2.png","contentUrl":"https:\/\/saftunisie.com\/wp-content\/uploads\/2021\/06\/logo2.png","width":123,"height":127,"caption":"SAFTUNISIE"},"image":{"@id":"https:\/\/saftunisie.com\/#\/schema\/logo\/image\/"}}]}},"_links":{"self":[{"href":"https:\/\/saftunisie.com\/it\/wp-json\/wp\/v2\/pages\/175","targetHints":{"allow":["GET"]}}],"collection":[{"href":"https:\/\/saftunisie.com\/it\/wp-json\/wp\/v2\/pages"}],"about":[{"href":"https:\/\/saftunisie.com\/it\/wp-json\/wp\/v2\/types\/page"}],"author":[{"embeddable":true,"href":"https:\/\/saftunisie.com\/it\/wp-json\/wp\/v2\/users\/23"}],"replies":[{"embeddable":true,"href":"https:\/\/saftunisie.com\/it\/wp-json\/wp\/v2\/comments?post=175"}],"version-history":[{"count":61,"href":"https:\/\/saftunisie.com\/it\/wp-json\/wp\/v2\/pages\/175\/revisions"}],"predecessor-version":[{"id":1273,"href":"https:\/\/saftunisie.com\/it\/wp-json\/wp\/v2\/pages\/175\/revisions\/1273"}],"wp:attachment":[{"href":"https:\/\/saftunisie.com\/it\/wp-json\/wp\/v2\/media?parent=175"}],"curies":[{"name":"parola chiave","href":"https:\/\/api.w.org\/{rel}","templated":true}]}}