{"id":181,"date":"2021-01-13T13:49:26","date_gmt":"2021-01-13T12:49:26","guid":{"rendered":"https:\/\/saft.webmedia-dev.ovh\/?page_id=181"},"modified":"2021-12-20T16:21:09","modified_gmt":"2021-12-20T15:21:09","slug":"tunisian-dates-ingredients","status":"publish","type":"page","link":"https:\/\/saftunisie.com\/it\/tunisian-dates-ingredients\/","title":{"rendered":"INGREDIENTI DEI DATTERI"},"content":{"rendered":"<div class=\"wpb-content-wrapper\"><div class=\"vc_row wpb_row vc_row-fluid\"><div class=\"wpb_column vc_column_container vc_col-sm-12\"><div class=\"vc_column-inner\"><div class=\"wpb_wrapper\">\n\t<div class=\"wpb_text_column wpb_content_element vc_custom_1638199581380\" >\n\t\t<div class=\"wpb_wrapper\">\n\t\t\t<p style=\"text-align: center;\"><span class=\"titre-gold\">Deglet Nour<\/span><\/p>\n\n\t\t<\/div>\n\t<\/div>\n<div class=\"vc_empty_space\"   style=\"height: 34px\"><span class=\"vc_empty_space_inner\"><\/span><\/div>\n\t<div class=\"wpb_text_column wpb_content_element\" >\n\t\t<div class=\"wpb_wrapper\">\n\t\t\t<h2 style=\"font-size: 28px; text-align: center;\">Ingredienti dei datteri tunisini<\/h2>\n\n\t\t<\/div>\n\t<\/div>\n\n\t<div class=\"wpb_text_column wpb_content_element\" >\n\t\t<div class=\"wpb_wrapper\">\n\t\t\t<p style=\"text-align: center;\">A <a title=\"SAFT Tunisie\" href=\"https:\/\/saftunisie.com\/it\/\"><strong>SAFT<\/strong><\/a>, la nostra priorit\u00e0 pi\u00f9 grande \u00e8 quella di fornire ai nostri clienti il pi\u00f9 sano e il pi\u00f9 delizioso <strong>tunisino <a title=\"Datteri tunisini Deglet Nour\" href=\"https:\/\/saftunisie.com\/it\/tunisian-dates-deglet-nour\/\">date Deglet Nour<\/a><\/strong>. Pertanto, Saft produce vari prodotti derivati dai migliori <a title=\"Datteri ramificati naturali\" href=\"https:\/\/saftunisie.com\/it\/tunisian-dates-deglet-nour\/#natural-branched-dates\">ramificato naturale<\/a> datteri tunisini. La nostra gamma di <strong>Ingredienti dei datteri tunisini<\/strong> \u00e8 fatto di 100% <strong>Datteri Deglet Nour<\/strong>. Viene utilizzato nei prodotti dolciari, da forno e nei cereali.<\/p>\n\n\t\t<\/div>\n\t<\/div>\n<\/div><\/div><\/div><\/div><div id=\"Chopped-dates\" class=\"vc_row wpb_row vc_row-fluid vc_row-o-content-middle vc_row-flex\"><div class=\"wpb_column vc_column_container vc_col-sm-6\"><div class=\"vc_column-inner\"><div class=\"wpb_wrapper\">\n\t<div class=\"wpb_text_column wpb_content_element title-sub\" >\n\t\t<div class=\"wpb_wrapper\">\n\t\t\t<p>INGREDIENTI DEI DATTERI TUNISINI<\/p>\n\n\t\t<\/div>\n\t<\/div>\n\n\t<div class=\"wpb_text_column wpb_content_element titre-product\" >\n\t\t<div class=\"wpb_wrapper\">\n\t\t\t<h2>Datteri tritati<\/h2>\n\n\t\t<\/div>\n\t<\/div>\n\n\t<div class=\"wpb_text_column wpb_content_element\" >\n\t\t<div class=\"wpb_wrapper\">\n\t\t\t<p><a title=\"Datteri tunisini tritati\" href=\"https:\/\/saftunisie.com\/it\/tunisian-dates-ingredients\/#Chopped-dates\"><strong>Datteri tritati<\/strong><\/a> si ottengono dalla lavorazione e macerazione dei datteri. I datteri vengono poi tagliati in pezzi da 5 a 8 mm o da 8 a 10 mm e ricoperti di farina di riso. <strong>Datteri tritati<\/strong> Vengono utilizzati in molte ricette salutari per conferire un sapore naturalmente dolce a frullati, gelati, muffin, granola e barrette nutrizionali, guarnizioni o per torte. Inoltre, hanno una consistenza gommosa ideale per condire insalate, riso pilaf, riso e quinoa.<\/p>\n\n\t\t<\/div>\n\t<\/div>\n<\/div><\/div><\/div><div class=\"wpb_column vc_column_container vc_col-sm-6\"><div class=\"vc_column-inner\"><div class=\"wpb_wrapper\">\n\t<div class=\"wpb_text_column wpb_content_element\" >\n\t\t<div class=\"wpb_wrapper\">\n\t\t\t<p><img loading=\"lazy\" decoding=\"async\" class=\"alignnone wp-image-454 size-full\" src=\"http:\/\/saftunisie.com\/wp-content\/uploads\/2021\/06\/chopped.png\" alt=\"Tunisian Dates Ingredients - Dates Deglet Nour - Natural Branched chopped dates\" width=\"809\" height=\"719\" srcset=\"https:\/\/saftunisie.com\/wp-content\/uploads\/2021\/06\/chopped.png 809w, https:\/\/saftunisie.com\/wp-content\/uploads\/2021\/06\/chopped-600x533.png 600w, https:\/\/saftunisie.com\/wp-content\/uploads\/2021\/06\/chopped-300x267.png 300w, https:\/\/saftunisie.com\/wp-content\/uploads\/2021\/06\/chopped-768x683.png 768w\" sizes=\"auto, (max-width: 809px) 100vw, 809px\" \/><\/p>\n\n\t\t<\/div>\n\t<\/div>\n<\/div><\/div><\/div><\/div><div id=\"Diced-dates\" class=\"vc_row wpb_row vc_row-fluid vc_row-o-content-middle vc_row-flex\"><div class=\"wpb_column vc_column_container vc_col-sm-6\"><div class=\"vc_column-inner\"><div class=\"wpb_wrapper\">\n\t<div  class=\"wpb_single_image wpb_content_element vc_align_left\">\n\t\t\n\t\t<figure class=\"wpb_wrapper vc_figure\">\n\t\t\t<div class=\"vc_single_image-wrapper   vc_box_border_grey\"><img loading=\"lazy\" decoding=\"async\" width=\"765\" height=\"581\" src=\"https:\/\/saftunisie.com\/wp-content\/uploads\/2021\/06\/diced.png\" class=\"vc_single_image-img attachment-full\" alt=\"Tunisian Dates Ingredients - Dates Deglet Nour - Natural Branched chopped dates\" title=\"Datteri a cubetti Deglet Nour\" srcset=\"https:\/\/saftunisie.com\/wp-content\/uploads\/2021\/06\/diced.png 765w, https:\/\/saftunisie.com\/wp-content\/uploads\/2021\/06\/diced-600x456.png 600w, https:\/\/saftunisie.com\/wp-content\/uploads\/2021\/06\/diced-300x228.png 300w\" sizes=\"auto, (max-width: 765px) 100vw, 765px\" \/><\/div>\n\t\t<\/figure>\n\t<\/div>\n<\/div><\/div><\/div><div class=\"wpb_column vc_column_container vc_col-sm-6\"><div class=\"vc_column-inner\"><div class=\"wpb_wrapper\">\n\t<div class=\"wpb_text_column wpb_content_element title-sub\" >\n\t\t<div class=\"wpb_wrapper\">\n\t\t\t<p>INGREDIENTI DEI DATTERI TUNISINI<\/p>\n\n\t\t<\/div>\n\t<\/div>\n\n\t<div class=\"wpb_text_column wpb_content_element titre-product\" >\n\t\t<div class=\"wpb_wrapper\">\n\t\t\t<h2>Datteri a cubetti<\/h2>\n\n\t\t<\/div>\n\t<\/div>\n\n\t<div class=\"wpb_text_column wpb_content_element\" >\n\t\t<div class=\"wpb_wrapper\">\n\t\t\t<p>Lodato per aver regalato una sensazione meravigliosa al palato e per aver combinato un gusto dolce unico con una consistenza gommosa, <a title=\"Datteri a cubetti\" href=\"https:\/\/saftunisie.com\/it\/tunisian-dates-ingredients\/#Diced-dates\"><strong>datteri a cubetti<\/strong> <\/a>si sposano bene con le ricette dei muffin e delle barrette proteiche.<\/p>\n<div class=\"detail_order\">\n<div class=\"de_order_block\"><\/div>\n<\/div>\n\n\t\t<\/div>\n\t<\/div>\n<\/div><\/div><\/div><\/div><div id=\"date-paste\" class=\"vc_row wpb_row vc_row-fluid vc_row-o-content-middle vc_row-flex\"><div class=\"wpb_column vc_column_container vc_col-sm-6\"><div class=\"vc_column-inner\"><div class=\"wpb_wrapper\">\n\t<div class=\"wpb_text_column wpb_content_element title-sub\" >\n\t\t<div class=\"wpb_wrapper\">\n\t\t\t<p>INGREDIENTI DEI DATTERI TUNISINI<\/p>\n\n\t\t<\/div>\n\t<\/div>\n\n\t<div class=\"wpb_text_column wpb_content_element titre-product\" >\n\t\t<div class=\"wpb_wrapper\">\n\t\t\t<h2>Incolla la data<\/h2>\n\n\t\t<\/div>\n\t<\/div>\n\n\t<div class=\"wpb_text_column wpb_content_element\" >\n\t\t<div class=\"wpb_wrapper\">\n\t\t\t<p><a title=\"Pasta di datteri tunisina\" href=\"https:\/\/saftunisie.com\/it\/tunisian-dates-ingredients\/#date-paste\"><strong>Pasta di datteri<\/strong><\/a> \u00c8 un dolcificante naturale che pu\u00f2 rappresentare un&#039;ottima alternativa allo zucchero in molte ricette. Aggiungendo la pasta di datteri al posto dello zucchero alle tue ricette, renderai sicuramente i tuoi piatti sani, gustosi e dal sapore inconfondibile. <strong>Pasta di datteri<\/strong> o conosciuto come <strong>Datteri macerati<\/strong>\u00a0pu\u00f2 essere consumato sia come prodotto finito che come <strong>ingrediente<\/strong> nelle ricette di biscotti, torte, frollini e molto altro.<\/p>\n\n\t\t<\/div>\n\t<\/div>\n<\/div><\/div><\/div><div class=\"wpb_column vc_column_container vc_col-sm-6\"><div class=\"vc_column-inner\"><div class=\"wpb_wrapper\">\n\t<div  class=\"wpb_single_image wpb_content_element vc_align_left\">\n\t\t\n\t\t<figure class=\"wpb_wrapper vc_figure\">\n\t\t\t<div class=\"vc_single_image-wrapper   vc_box_border_grey\"><img loading=\"lazy\" decoding=\"async\" width=\"809\" height=\"719\" src=\"https:\/\/saftunisie.com\/wp-content\/uploads\/2021\/06\/paste.png\" class=\"vc_single_image-img attachment-full\" alt=\"Tunisian Dates Ingredients - Dates Deglet Nour - Natural Branched chopped dates\" title=\"Incolla la data\" srcset=\"https:\/\/saftunisie.com\/wp-content\/uploads\/2021\/06\/paste.png 809w, https:\/\/saftunisie.com\/wp-content\/uploads\/2021\/06\/paste-600x533.png 600w, https:\/\/saftunisie.com\/wp-content\/uploads\/2021\/06\/paste-300x267.png 300w, https:\/\/saftunisie.com\/wp-content\/uploads\/2021\/06\/paste-768x683.png 768w\" sizes=\"auto, (max-width: 809px) 100vw, 809px\" \/><\/div>\n\t\t<\/figure>\n\t<\/div>\n<\/div><\/div><\/div><\/div><div id=\"date-pouder\" class=\"vc_row wpb_row vc_row-fluid vc_row-o-content-middle vc_row-flex\"><div class=\"wpb_column vc_column_container vc_col-sm-6\"><div class=\"vc_column-inner\"><div class=\"wpb_wrapper\">\n\t<div  class=\"wpb_single_image wpb_content_element vc_align_left\">\n\t\t\n\t\t<figure class=\"wpb_wrapper vc_figure\">\n\t\t\t<div class=\"vc_single_image-wrapper   vc_box_border_grey\"><img loading=\"lazy\" decoding=\"async\" width=\"765\" height=\"581\" src=\"https:\/\/saftunisie.com\/wp-content\/uploads\/2021\/07\/DATE-POUDER.jpg\" class=\"vc_single_image-img attachment-full\" alt=\"Tunisian Dates Ingredients - Dates Deglet Nour - Natural Branched chopped dates\" title=\"Datteri in polvere\" srcset=\"https:\/\/saftunisie.com\/wp-content\/uploads\/2021\/07\/DATE-POUDER.jpg 765w, https:\/\/saftunisie.com\/wp-content\/uploads\/2021\/07\/DATE-POUDER-600x456.jpg 600w, https:\/\/saftunisie.com\/wp-content\/uploads\/2021\/07\/DATE-POUDER-300x228.jpg 300w\" sizes=\"auto, (max-width: 765px) 100vw, 765px\" \/><\/div>\n\t\t<\/figure>\n\t<\/div>\n<\/div><\/div><\/div><div class=\"wpb_column vc_column_container vc_col-sm-6\"><div class=\"vc_column-inner\"><div class=\"wpb_wrapper\">\n\t<div class=\"wpb_text_column wpb_content_element title-sub\" >\n\t\t<div class=\"wpb_wrapper\">\n\t\t\t<p>INGREDIENTI DEI DATTERI TUNISINI<\/p>\n\n\t\t<\/div>\n\t<\/div>\n\n\t<div class=\"wpb_text_column wpb_content_element titre-product\" >\n\t\t<div class=\"wpb_wrapper\">\n\t\t\t<h2>Polvere di datteri<\/h2>\n\n\t\t<\/div>\n\t<\/div>\n\n\t<div class=\"wpb_text_column wpb_content_element\" >\n\t\t<div class=\"wpb_wrapper\">\n\t\t\t<p><a title=\"Polvere di datteri tunisina\" href=\"https:\/\/saftunisie.com\/it\/tunisian-dates-ingredients\/#date-pouder\"><strong>Polvere di datteri<\/strong><\/a> \u00e8 un dolcificante prodotto con datteri biologici 100% che sono stati selezionati, denocciolati, essiccati e setacciati fino a ottenere una polvere fine.<\/p>\n<p>A differenza dello zucchero normale, <strong>Polvere di datteri<\/strong> contiene pi\u00f9 benefici nutrizionali, tanto da poter essere utilizzato come sostituto naturale dello zucchero nei dessert: frutta, insalata, frullati, smoothie, miscele, pasticcini, succhi di frutta, yogurt, fiocchi d&#039;avena e altro ancora.<\/p>\n<p>Relativamente all&#039;industria alimentare, <strong>Polvere di datteri<\/strong> \u00e8 un ingrediente molto sano per dolciumi, cioccolato, barrette proteiche, prodotti da forno, bevande alcoliche, alimenti per neonati, latticini e gelati.<\/p>\n<p>Questo tipo di <strong>polvere<\/strong> Viene conservato per ottenere un dolcificante eccezionale. \u00c8 anche ricco di potassio, magnesio, rame e un&#039;ottima fonte di ferro, calcio, fosforo, niacina e piridossina. Inoltre, \u00e8 ottimo per la salute, poich\u00e9 \u00e8 ricco di fruttosio, destrosio, saccarosio e maltosio.<\/p>\n\n\t\t<\/div>\n\t<\/div>\n<\/div><\/div><\/div><\/div>\n<\/div>","protected":false},"excerpt":{"rendered":"Deglet Nour Tunisian Dates Ingredients At SAFT, our biggest priority is to provide our customers with the healthiest and the","protected":false},"author":23,"featured_media":0,"parent":0,"menu_order":0,"comment_status":"closed","ping_status":"closed","template":"","meta":{"footnotes":""},"class_list":["post-181","page","type-page","status-publish","hentry"],"yoast_head":"<!-- This site is optimized with the Yoast SEO plugin v27.4 - https:\/\/yoast.com\/product\/yoast-seo-wordpress\/ -->\n<title>Tunisian Dates Ingredients - Tunisian Dates Deglet Nour SAFT<\/title>\n<meta name=\"description\" content=\"SAFT Tunisian Dates ingredients made of 100% best quality Deglet Nour Dates,Processed Dates,Pitted Dates Deglet Nour, Natural Branched deglet nour Dates\" \/>\n<meta name=\"robots\" content=\"index, follow, max-snippet:-1, max-image-preview:large, max-video-preview:-1\" \/>\n<link rel=\"canonical\" href=\"https:\/\/saftunisie.com\/it\/tunisian-dates-ingredients\/\" \/>\n<meta property=\"og:locale\" content=\"it_IT\" \/>\n<meta property=\"og:type\" content=\"article\" \/>\n<meta property=\"og:title\" content=\"Tunisian Dates Ingredients - Tunisian Dates Deglet Nour SAFT\" \/>\n<meta property=\"og:description\" content=\"SAFT Tunisian Dates ingredients made of 100% best quality Deglet Nour Dates,Processed Dates,Pitted Dates Deglet Nour, Natural Branched deglet nour Dates\" \/>\n<meta property=\"og:url\" content=\"https:\/\/saftunisie.com\/it\/tunisian-dates-ingredients\/\" \/>\n<meta property=\"og:site_name\" content=\"SAFT\" \/>\n<meta property=\"article:modified_time\" content=\"2021-12-20T15:21:09+00:00\" \/>\n<meta property=\"og:image\" content=\"http:\/\/saftunisie.com\/wp-content\/uploads\/2021\/06\/chopped.png\" \/>\n<meta name=\"twitter:card\" content=\"summary_large_image\" \/>\n<meta name=\"twitter:label1\" content=\"Tempo di lettura stimato\" \/>\n\t<meta name=\"twitter:data1\" content=\"4 minuti\" \/>\n<script type=\"application\/ld+json\" class=\"yoast-schema-graph\">{\"@context\":\"https:\\\/\\\/schema.org\",\"@graph\":[{\"@type\":\"WebPage\",\"@id\":\"https:\\\/\\\/saftunisie.com\\\/tunisian-dates-ingredients\\\/\",\"url\":\"https:\\\/\\\/saftunisie.com\\\/tunisian-dates-ingredients\\\/\",\"name\":\"Tunisian Dates Ingredients - Tunisian Dates Deglet Nour SAFT\",\"isPartOf\":{\"@id\":\"https:\\\/\\\/saftunisie.com\\\/#website\"},\"primaryImageOfPage\":{\"@id\":\"https:\\\/\\\/saftunisie.com\\\/tunisian-dates-ingredients\\\/#primaryimage\"},\"image\":{\"@id\":\"https:\\\/\\\/saftunisie.com\\\/tunisian-dates-ingredients\\\/#primaryimage\"},\"thumbnailUrl\":\"http:\\\/\\\/saftunisie.com\\\/wp-content\\\/uploads\\\/2021\\\/06\\\/chopped.png\",\"datePublished\":\"2021-01-13T12:49:26+00:00\",\"dateModified\":\"2021-12-20T15:21:09+00:00\",\"description\":\"SAFT Tunisian Dates ingredients made of 100% best quality Deglet Nour Dates,Processed Dates,Pitted Dates Deglet Nour, Natural Branched deglet nour Dates\",\"breadcrumb\":{\"@id\":\"https:\\\/\\\/saftunisie.com\\\/tunisian-dates-ingredients\\\/#breadcrumb\"},\"inLanguage\":\"it-IT\",\"potentialAction\":[{\"@type\":\"ReadAction\",\"target\":[\"https:\\\/\\\/saftunisie.com\\\/tunisian-dates-ingredients\\\/\"]}]},{\"@type\":\"ImageObject\",\"inLanguage\":\"it-IT\",\"@id\":\"https:\\\/\\\/saftunisie.com\\\/tunisian-dates-ingredients\\\/#primaryimage\",\"url\":\"http:\\\/\\\/saftunisie.com\\\/wp-content\\\/uploads\\\/2021\\\/06\\\/chopped.png\",\"contentUrl\":\"http:\\\/\\\/saftunisie.com\\\/wp-content\\\/uploads\\\/2021\\\/06\\\/chopped.png\"},{\"@type\":\"BreadcrumbList\",\"@id\":\"https:\\\/\\\/saftunisie.com\\\/tunisian-dates-ingredients\\\/#breadcrumb\",\"itemListElement\":[{\"@type\":\"ListItem\",\"position\":1,\"name\":\"Accueil\",\"item\":\"https:\\\/\\\/saftunisie.com\\\/\"},{\"@type\":\"ListItem\",\"position\":2,\"name\":\"DATES INGREDIENTS\"}]},{\"@type\":\"WebSite\",\"@id\":\"https:\\\/\\\/saftunisie.com\\\/#website\",\"url\":\"https:\\\/\\\/saftunisie.com\\\/\",\"name\":\"SAFT\",\"description\":\"SAFT CIE S.A.R.L (Soci\u00e9t\u00e9 Agricole et froid trading) was founded in 2000 by Mr. Abdelmajid Neifer\",\"publisher\":{\"@id\":\"https:\\\/\\\/saftunisie.com\\\/#organization\"},\"potentialAction\":[{\"@type\":\"SearchAction\",\"target\":{\"@type\":\"EntryPoint\",\"urlTemplate\":\"https:\\\/\\\/saftunisie.com\\\/?s={search_term_string}\"},\"query-input\":{\"@type\":\"PropertyValueSpecification\",\"valueRequired\":true,\"valueName\":\"search_term_string\"}}],\"inLanguage\":\"it-IT\"},{\"@type\":\"Organization\",\"@id\":\"https:\\\/\\\/saftunisie.com\\\/#organization\",\"name\":\"SAFTUNISIE\",\"url\":\"https:\\\/\\\/saftunisie.com\\\/\",\"logo\":{\"@type\":\"ImageObject\",\"inLanguage\":\"it-IT\",\"@id\":\"https:\\\/\\\/saftunisie.com\\\/#\\\/schema\\\/logo\\\/image\\\/\",\"url\":\"https:\\\/\\\/saftunisie.com\\\/wp-content\\\/uploads\\\/2021\\\/06\\\/logo2.png\",\"contentUrl\":\"https:\\\/\\\/saftunisie.com\\\/wp-content\\\/uploads\\\/2021\\\/06\\\/logo2.png\",\"width\":123,\"height\":127,\"caption\":\"SAFTUNISIE\"},\"image\":{\"@id\":\"https:\\\/\\\/saftunisie.com\\\/#\\\/schema\\\/logo\\\/image\\\/\"}}]}<\/script>\n<!-- \/ Yoast SEO plugin. -->","yoast_head_json":{"title":"Tunisian Dates Ingredients - Tunisian Dates Deglet Nour SAFT","description":"SAFT Tunisian Dates ingredients made of 100% best quality Deglet Nour Dates,Processed Dates,Pitted Dates Deglet Nour, Natural Branched deglet nour Dates","robots":{"index":"index","follow":"follow","max-snippet":"max-snippet:-1","max-image-preview":"max-image-preview:large","max-video-preview":"max-video-preview:-1"},"canonical":"https:\/\/saftunisie.com\/it\/tunisian-dates-ingredients\/","og_locale":"it_IT","og_type":"article","og_title":"Tunisian Dates Ingredients - Tunisian Dates Deglet Nour SAFT","og_description":"SAFT Tunisian Dates ingredients made of 100% best quality Deglet Nour Dates,Processed Dates,Pitted Dates Deglet Nour, Natural Branched deglet nour Dates","og_url":"https:\/\/saftunisie.com\/it\/tunisian-dates-ingredients\/","og_site_name":"SAFT","article_modified_time":"2021-12-20T15:21:09+00:00","og_image":[{"url":"http:\/\/saftunisie.com\/wp-content\/uploads\/2021\/06\/chopped.png","type":"","width":"","height":""}],"twitter_card":"summary_large_image","twitter_misc":{"Tempo di lettura stimato":"4 minuti"},"schema":{"@context":"https:\/\/schema.org","@graph":[{"@type":"WebPage","@id":"https:\/\/saftunisie.com\/tunisian-dates-ingredients\/","url":"https:\/\/saftunisie.com\/tunisian-dates-ingredients\/","name":"Tunisian Dates Ingredients - Tunisian Dates Deglet Nour SAFT","isPartOf":{"@id":"https:\/\/saftunisie.com\/#website"},"primaryImageOfPage":{"@id":"https:\/\/saftunisie.com\/tunisian-dates-ingredients\/#primaryimage"},"image":{"@id":"https:\/\/saftunisie.com\/tunisian-dates-ingredients\/#primaryimage"},"thumbnailUrl":"http:\/\/saftunisie.com\/wp-content\/uploads\/2021\/06\/chopped.png","datePublished":"2021-01-13T12:49:26+00:00","dateModified":"2021-12-20T15:21:09+00:00","description":"SAFT Tunisian Dates ingredients made of 100% best quality Deglet Nour Dates,Processed Dates,Pitted Dates Deglet Nour, Natural Branched deglet nour Dates","breadcrumb":{"@id":"https:\/\/saftunisie.com\/tunisian-dates-ingredients\/#breadcrumb"},"inLanguage":"it-IT","potentialAction":[{"@type":"ReadAction","target":["https:\/\/saftunisie.com\/tunisian-dates-ingredients\/"]}]},{"@type":"ImageObject","inLanguage":"it-IT","@id":"https:\/\/saftunisie.com\/tunisian-dates-ingredients\/#primaryimage","url":"http:\/\/saftunisie.com\/wp-content\/uploads\/2021\/06\/chopped.png","contentUrl":"http:\/\/saftunisie.com\/wp-content\/uploads\/2021\/06\/chopped.png"},{"@type":"BreadcrumbList","@id":"https:\/\/saftunisie.com\/tunisian-dates-ingredients\/#breadcrumb","itemListElement":[{"@type":"ListItem","position":1,"name":"Accueil","item":"https:\/\/saftunisie.com\/"},{"@type":"ListItem","position":2,"name":"DATES INGREDIENTS"}]},{"@type":"WebSite","@id":"https:\/\/saftunisie.com\/#website","url":"https:\/\/saftunisie.com\/","name":"SAFT","description":"SAFT CIE SARL (Soci\u00e9t\u00e9 Agricole et froid trading) \u00e8 stata fondata nel 2000 dal Sig. Abdelmajid Neifer","publisher":{"@id":"https:\/\/saftunisie.com\/#organization"},"potentialAction":[{"@type":"SearchAction","target":{"@type":"EntryPoint","urlTemplate":"https:\/\/saftunisie.com\/?s={search_term_string}"},"query-input":{"@type":"PropertyValueSpecification","valueRequired":true,"valueName":"search_term_string"}}],"inLanguage":"it-IT"},{"@type":"Organization","@id":"https:\/\/saftunisie.com\/#organization","name":"SAFTUNISIE","url":"https:\/\/saftunisie.com\/","logo":{"@type":"ImageObject","inLanguage":"it-IT","@id":"https:\/\/saftunisie.com\/#\/schema\/logo\/image\/","url":"https:\/\/saftunisie.com\/wp-content\/uploads\/2021\/06\/logo2.png","contentUrl":"https:\/\/saftunisie.com\/wp-content\/uploads\/2021\/06\/logo2.png","width":123,"height":127,"caption":"SAFTUNISIE"},"image":{"@id":"https:\/\/saftunisie.com\/#\/schema\/logo\/image\/"}}]}},"_links":{"self":[{"href":"https:\/\/saftunisie.com\/it\/wp-json\/wp\/v2\/pages\/181","targetHints":{"allow":["GET"]}}],"collection":[{"href":"https:\/\/saftunisie.com\/it\/wp-json\/wp\/v2\/pages"}],"about":[{"href":"https:\/\/saftunisie.com\/it\/wp-json\/wp\/v2\/types\/page"}],"author":[{"embeddable":true,"href":"https:\/\/saftunisie.com\/it\/wp-json\/wp\/v2\/users\/23"}],"replies":[{"embeddable":true,"href":"https:\/\/saftunisie.com\/it\/wp-json\/wp\/v2\/comments?post=181"}],"version-history":[{"count":26,"href":"https:\/\/saftunisie.com\/it\/wp-json\/wp\/v2\/pages\/181\/revisions"}],"predecessor-version":[{"id":875,"href":"https:\/\/saftunisie.com\/it\/wp-json\/wp\/v2\/pages\/181\/revisions\/875"}],"wp:attachment":[{"href":"https:\/\/saftunisie.com\/it\/wp-json\/wp\/v2\/media?parent=181"}],"curies":[{"name":"parola chiave","href":"https:\/\/api.w.org\/{rel}","templated":true}]}}